{"id":32,"date":"2018-09-29T23:30:29","date_gmt":"2018-09-29T21:30:29","guid":{"rendered":"https:\/\/multisite.altanea.holiday\/sk\/?page_id=32"},"modified":"2018-09-29T23:30:29","modified_gmt":"2018-09-29T21:30:29","slug":"sportove-vyzitie","status":"publish","type":"page","link":"https:\/\/altanea.holiday\/sk\/zabava-a-volny-cas\/sportove-vyzitie\/","title":{"rendered":"\u0160portov\u00e9 vy\u017eitie"},"content":{"rendered":"<hr \/>\n<p><strong><br \/>\n<\/strong>V\u00a0are\u00e1lu je pro v\u00e1s p\u0159ipravena \u0159ada mo\u017enost\u00ed, jak si u\u017e\u00edt sportu s\u00a0asistenc\u00ed profesion\u00e1ln\u00edch tren\u00e9r\u016f i o samot\u011b. P\u0159\u00edstupn\u00e9 jsou lekce individu\u00e1ln\u00edch sport\u016f, nap\u0159. pilates, aerobicu, zumby, j\u00f3gy a podobn\u00fdch. Z\u00a0kolektivn\u00edch sport\u016f poskytujeme nap\u0159\u00edklad beachvolejbal, oby\u010dejn\u00fd i pl\u00e1\u017eov\u00fd fotbal, pl\u00e1\u017eov\u00fd tenis a dal\u0161\u00ed. Ke v\u0161em sport\u016fm budete m\u00edt nejlep\u0161\u00ed p\u0159\u00edstup, zakoup\u00edte-li tzv. \u201esporting card\u201c, kter\u00e1 stoj\u00ed 15 EUR pro celou rodinu a zp\u0159\u00edstup\u0148uje v\u00e1m t\u00e9m\u011b\u0159 v\u0161echny sporty. Tato karta nav\u00edc pokr\u00fdv\u00e1 i asistenci tren\u00e9r\u016f, pokud ji budete cht\u00edt. Seznam v\u011bc\u00ed, kter\u00e9 karta zahrnuje, \u010d\u00edt\u00e1 nap\u0159\u00edklad: tenisov\u00fd kurz, fotbal pro d\u011bti ve v\u011bku 5-12 let, odpoledn\u00ed fotbalov\u00e9 turnaje pro d\u011bti star\u0161\u00ed 13 let, slevu na soukrom\u00e9 lekce tenisu, p\u0159\u00edstup na kurty, volejbalov\u00e1 h\u0159i\u0161t\u011b, fotbalov\u00e1 h\u0159i\u0161t\u011b, pingpongov\u00e9 stoly atd. Budete-li se cht\u00edt informovat o sportovn\u00edch slu\u017eb\u00e1ch nebo si zarezervovat kurt \u010di h\u0159i\u0161t\u011b, volejte na telefonn\u00ed \u010d\u00edslo +39 348 5723145.<\/p>\n<p>Kolem are\u00e1lu a v\u00a0jeho okol\u00ed vede s\u00ed\u0165 cyklostezek, kterou lze mimo j\u00edzdy na kole vyu\u017e\u00edt nap\u0159\u00edklad k\u00a0b\u011bh\u00e1n\u00ed, j\u00edzd\u011b na inline brusl\u00edch nebo p\u011b\u0161\u00ed turistice. Pokud byste se r\u00e1di po okol\u00ed projeli na kole, je pro v\u00e1s p\u0159ipravena p\u016fj\u010dovna kol a cyklistick\u00e9ho vybaven\u00ed.<\/p>\n<p>Jednou z\u00a0dal\u0161\u00edch mo\u017enost\u00ed, jak aktivn\u011b str\u00e1vit dovolenou, je zav\u00edtat na m\u00edstn\u00ed 18-jamkov\u00e9 golfov\u00e9 h\u0159i\u0161t\u011b, kter\u00e9 se nach\u00e1z\u00ed kousek od hotel\u016f. Komplex <em>Pra&#8216; delle Torri <\/em>byl zalo\u017een u\u017e v\u00a0roce 1991, a od t\u00e9 doby je vyhled\u00e1van\u00fd profesion\u00e1ln\u00edmi hr\u00e1\u010di i amat\u00e9ry. Pro za\u010d\u00e1te\u010dn\u00edky i pokro\u010dil\u00e9 jsou zde nab\u00edzeny kurzy, kter\u00e9 m\u016f\u017eete nav\u0161t\u011bvovat ve skupin\u011b, individu\u00e1ln\u011b i v\u00a0p\u00e1ru. 30 minut individu\u00e1ln\u00ed lekce vyjde na 30 EUR, p\u016flhodina p\u00e1rov\u00e9 v\u00fduky na 17 EUR a ve skupin\u011b stoj\u00ed p\u016fl hodiny 10 EUR. Kurzy se po\u0159\u00e1daj\u00ed o pro d\u011bti od \u0161esti let, a to tak\u00e9 jak skupinov\u00e9, tak individu\u00e1ln\u00ed. Hodina kolektivn\u00edho juniorsk\u00e9ho kurzu stoj\u00ed 10 EUR. Na green fee m\u00e1te jako klienti CK Italieonline slevu 40 procent, proto h\u0159i\u0161t\u011b opravdu doporu\u010dujeme vyu\u017e\u00edt. Krom\u011b jamkovi\u0161t\u011b s\u00a018 jamkami a greenu na tzv. pitching najdete v\u00a0are\u00e1lu mimo jin\u00e9 i restauraci a obchod s\u00a0golfov\u00fdm vybaven\u00edm. K\u00a0dispozici je i h\u0159i\u0161t\u011b na minigolf um\u00edst\u011bn\u00e9 velice bl\u00edzko pl\u00e1\u017ei.<\/p>\n<p>Mimo tyto pravideln\u00e9 ud\u00e1losti v\u00e1m doporu\u010dujeme i n\u011bkter\u00e9 sportovn\u00ed ud\u00e1losti v\u00a0okol\u00ed, p\u0159edev\u0161\u00edm z\u00e1vody a sportovn\u00ed turnaje:<\/p>\n<hr \/>\n<p><strong>Beachvolejbalov\u00fd turnaj<\/strong><\/p>\n<p>Pro volejbalov\u00e9 nad\u0161ence se na pl\u00e1\u017ei v\u00a0Bibione kon\u00e1 beachvolejbalov\u00fd turnaj, kter\u00fd se v\u00a0roce 2016 uskute\u010dn\u00ed dvakr\u00e1t, a to v\u00a0term\u00ednech 13. \u2013 15. kv\u011btna a 16. \u2013 18. z\u00e1\u0159\u00ed. Na turnajov\u00fd maraton se sj\u00ed\u017ed\u00ed ka\u017ed\u00fd rok des\u00edtky tis\u00edc hr\u00e1\u010d\u016f a div\u00e1k\u016f. Pokud byste m\u011bli z\u00e1jem se z\u00fa\u010dastnit, je t\u0159eba se p\u0159edem p\u0159ihl\u00e1sit. Kategorie se hraj\u00ed n\u00e1sleduj\u00edc\u00ed: 2\u00d72 mu\u017esk\u00e9 t\u00fdmy; 2\u00d72 \u017eensk\u00e9 t\u00fdmy; 3\u00d73 mu\u017esk\u00e9; 3\u00d73 \u017eensk\u00e9 a\u00a0 4\u00d74 dru\u017estva sm\u00ed\u0161en\u00e1. Budete-li se turnaje \u00fa\u010dastnit, zaplat\u00edte startovn\u00e9 33 EUR za ka\u017ed\u00fd den hran\u00ed.<\/p>\n<hr \/>\n<p><strong>Volejbalov\u00fd turnaj pro juniory<\/strong><\/p>\n<p>Mlad\u00ed sportovci od 6 do 18 let si m\u016f\u017eou zahr\u00e1t v\u00a0Bibione na turnaji, kter\u00fd se v\u00a0roce 2016 bude konat 24. a 25. dubna. Poplatek za \u00fa\u010dast i ubytov\u00e1n\u00ed \u010din\u00ed 36 EUR za dvoudenn\u00ed hran\u00ed a asistenci tren\u00e9r\u016f. I tento turnaj vy\u017eaduje p\u0159ihl\u00e1\u0161en\u00ed p\u0159edem.<\/p>\n<hr \/>\n<p><strong>Fotbalov\u00fd turnaj<\/strong><\/p>\n<p>Letn\u00ed fotbalov\u00fd turnaj se kon\u00e1 v\u00a0Bibione 11. \u010dervna. Sout\u011b\u017e\u00ed se ve slo\u017een\u00ed t\u00fdm\u016f 5&#215;5 \u2013 mu\u017ei a 5&#215;5 \u2013 \u017eeny, op\u011bt je t\u0159eba se p\u0159ihla\u0161ovat p\u0159edem.<\/p>\n<hr \/>\n<p><strong>Beach Rugby Festival <\/strong><\/p>\n<p>Beach Rugby festival je turnaj, kter\u00fd se odehr\u00e1v\u00e1 tak\u00e9 v\u00a0Bibione dne 11. \u010dervna. U n\u00e1s nep\u0159\u00edli\u0161 zn\u00e1m\u00fd sport si tak m\u016f\u017eete p\u0159ij\u00edt alespo\u0148 prohl\u00e9dnout, pokud jste hr\u00e1\u010di, m\u016f\u017eete se i p\u0159ihl\u00e1sit do sout\u011b\u017ee.<\/p>\n<hr \/>\n<p><strong>P\u016flmaraton <\/strong><\/p>\n<p>Lido di Jesolo po\u0159\u00e1d\u00e1 ka\u017ed\u00fd rok p\u016flmaraton, kter\u00fd se toto l\u00e9to pob\u011b\u017e\u00ed 28. kv\u011btna v\u00a020:00 hodin. Krom\u011b tradi\u010dn\u00ed 21 kilometr\u016f dlouh\u00e9 varianty se b\u011bh\u00e1 i jednodu\u0161\u0161\u00ed 10 kilometrov\u00e1. Trasa vede po silnici a velk\u00e1 \u010d\u00e1st z\u00a0n\u00ed je na pob\u0159e\u017e\u00ed, co\u017e milovn\u00edci p\u011bkn\u00fdch v\u00fdhled\u016f p\u0159i b\u011bh\u00e1n\u00ed jist\u011b ocen\u00ed.<\/p>\n<hr \/>\n<p><strong>B\u011b\u017eeck\u00fd z\u00e1vod Altanea<\/strong><\/p>\n<p>P\u0159\u00edmo v\u00a0Lido Altanea se kon\u00e1 i toto l\u00e9to tradi\u010dn\u00ed b\u011b\u017eeck\u00fd z\u00e1vod. Startuje se 18. \u010dervna v\u00a020:00 u pas\u00e1\u017ee La Quercia a nab\u00edz\u00ed dv\u011b trasy: 6 kilometr\u016f a 12 kilometr\u016f dlouhou. Ob\u011b tyto trasy startuj\u00ed sou\u010dasn\u011b.<\/p>\n<hr \/>\n<p><strong>\u0160ampion\u00e1t v\u00a0atletice<\/strong><\/p>\n<p>Lido di Jesolo hostuje v\u00a0tomto l\u00e9t\u011b italsk\u00fd atletick\u00fd \u0161ampion\u00e1t, na kter\u00fd se m\u016f\u017eou nad\u0161enci do atletiky\u00a0 p\u0159ij\u00edt pod\u00edvat 17. kv\u011btna. Na \u0161ampion\u00e1tu se ka\u017edoro\u010dn\u011b p\u0159edstavuj\u00ed ti nejslibn\u011bj\u0161\u00ed z\u00a0mlad\u00fdch italsk\u00fdch sportovc\u016f, kte\u0159\u00ed se r\u00e1di nechaj\u00ed povzbudit sv\u00fdmi rodinami i \u0161irokou ve\u0159ejnost\u00ed.<\/p>\n<p>&nbsp;<\/p>\n","protected":false},"excerpt":{"rendered":"<p>V\u00a0are\u00e1lu je pro v\u00e1s p\u0159ipravena \u0159ada mo\u017enost\u00ed, jak si u\u017e\u00edt sportu s\u00a0asistenc\u00ed profesion\u00e1ln\u00edch tren\u00e9r\u016f i o samot\u011b. P\u0159\u00edstupn\u00e9 jsou lekce individu\u00e1ln\u00edch sport\u016f, nap\u0159. pilates, aerobicu, zumby, j\u00f3gy a podobn\u00fdch. Z\u00a0kolektivn\u00edch sport\u016f poskytujeme nap\u0159\u00edklad beachvolejbal, oby\u010dejn\u00fd i pl\u00e1\u017eov\u00fd fotbal, pl\u00e1\u017eov\u00fd tenis a dal\u0161\u00ed. Ke v\u0161em sport\u016fm budete m\u00edt nejlep\u0161\u00ed p\u0159\u00edstup, zakoup\u00edte-li tzv. \u201esporting card\u201c, kter\u00e1 stoj\u00ed&#8230;<\/p>\n","protected":false},"author":1,"featured_media":0,"parent":26,"menu_order":30,"comment_status":"closed","ping_status":"closed","template":"","meta":{"footnotes":""},"class_list":["post-32","page","type-page","status-publish","hentry"],"yoast_head":"<!-- This site is optimized with the Yoast SEO plugin v25.2 - https:\/\/yoast.com\/wordpress\/plugins\/seo\/ -->\n<title>\u0160portov\u00e9 vy\u017eitie - Altanea SK<\/title>\n<meta name=\"robots\" content=\"index, follow, max-snippet:-1, max-image-preview:large, max-video-preview:-1\" \/>\n<link rel=\"canonical\" href=\"https:\/\/altanea.holiday\/sk\/zabava-a-volny-cas\/sportove-vyzitie\/\" \/>\n<meta property=\"og:locale\" content=\"sk_SK\" \/>\n<meta property=\"og:type\" content=\"article\" \/>\n<meta property=\"og:title\" content=\"\u0160portov\u00e9 vy\u017eitie - Altanea SK\" \/>\n<meta property=\"og:description\" content=\"V\u00a0are\u00e1lu je pro v\u00e1s p\u0159ipravena \u0159ada mo\u017enost\u00ed, jak si u\u017e\u00edt sportu s\u00a0asistenc\u00ed profesion\u00e1ln\u00edch tren\u00e9r\u016f i o samot\u011b. P\u0159\u00edstupn\u00e9 jsou lekce individu\u00e1ln\u00edch sport\u016f, nap\u0159. pilates, aerobicu, zumby, j\u00f3gy a podobn\u00fdch. Z\u00a0kolektivn\u00edch sport\u016f poskytujeme nap\u0159\u00edklad beachvolejbal, oby\u010dejn\u00fd i pl\u00e1\u017eov\u00fd fotbal, pl\u00e1\u017eov\u00fd tenis a dal\u0161\u00ed. Ke v\u0161em sport\u016fm budete m\u00edt nejlep\u0161\u00ed p\u0159\u00edstup, zakoup\u00edte-li tzv. \u201esporting card\u201c, kter\u00e1 stoj\u00ed...\" \/>\n<meta property=\"og:url\" content=\"https:\/\/altanea.holiday\/sk\/zabava-a-volny-cas\/sportove-vyzitie\/\" \/>\n<meta property=\"og:site_name\" content=\"Altanea SK\" \/>\n<meta name=\"twitter:card\" content=\"summary_large_image\" \/>\n<meta name=\"twitter:label1\" content=\"Predpokladan\u00fd \u010das \u010d\u00edtania\" \/>\n\t<meta name=\"twitter:data1\" content=\"4 min\u00faty\" \/>\n<script type=\"application\/ld+json\" class=\"yoast-schema-graph\">{\"@context\":\"https:\/\/schema.org\",\"@graph\":[{\"@type\":\"WebPage\",\"@id\":\"https:\/\/altanea.holiday\/sk\/zabava-a-volny-cas\/sportove-vyzitie\/\",\"url\":\"https:\/\/altanea.holiday\/sk\/zabava-a-volny-cas\/sportove-vyzitie\/\",\"name\":\"\u0160portov\u00e9 vy\u017eitie - Altanea SK\",\"isPartOf\":{\"@id\":\"https:\/\/altanea.holiday\/sk\/#website\"},\"datePublished\":\"2018-09-29T21:30:29+00:00\",\"breadcrumb\":{\"@id\":\"https:\/\/altanea.holiday\/sk\/zabava-a-volny-cas\/sportove-vyzitie\/#breadcrumb\"},\"inLanguage\":\"sk-SK\",\"potentialAction\":[{\"@type\":\"ReadAction\",\"target\":[\"https:\/\/altanea.holiday\/sk\/zabava-a-volny-cas\/sportove-vyzitie\/\"]}]},{\"@type\":\"BreadcrumbList\",\"@id\":\"https:\/\/altanea.holiday\/sk\/zabava-a-volny-cas\/sportove-vyzitie\/#breadcrumb\",\"itemListElement\":[{\"@type\":\"ListItem\",\"position\":1,\"name\":\"Altanea.holiday\",\"item\":\"https:\/\/altanea.holiday\/sk\/\"},{\"@type\":\"ListItem\",\"position\":2,\"name\":\"Z\u00e1bava a vo\u013en\u00fd \u010das\",\"item\":\"https:\/\/altanea.holiday\/sk\/zabava-a-volny-cas\/\"},{\"@type\":\"ListItem\",\"position\":3,\"name\":\"\u0160portov\u00e9 vy\u017eitie\"}]},{\"@type\":\"WebSite\",\"@id\":\"https:\/\/altanea.holiday\/sk\/#website\",\"url\":\"https:\/\/altanea.holiday\/sk\/\",\"name\":\"Altanea SK\",\"description\":\"Caorle - Lido di Altanea\",\"potentialAction\":[{\"@type\":\"SearchAction\",\"target\":{\"@type\":\"EntryPoint\",\"urlTemplate\":\"https:\/\/altanea.holiday\/sk\/?s={search_term_string}\"},\"query-input\":{\"@type\":\"PropertyValueSpecification\",\"valueRequired\":true,\"valueName\":\"search_term_string\"}}],\"inLanguage\":\"sk-SK\"}]}<\/script>\n<!-- \/ Yoast SEO plugin. -->","yoast_head_json":{"title":"\u0160portov\u00e9 vy\u017eitie - Altanea SK","robots":{"index":"index","follow":"follow","max-snippet":"max-snippet:-1","max-image-preview":"max-image-preview:large","max-video-preview":"max-video-preview:-1"},"canonical":"https:\/\/altanea.holiday\/sk\/zabava-a-volny-cas\/sportove-vyzitie\/","og_locale":"sk_SK","og_type":"article","og_title":"\u0160portov\u00e9 vy\u017eitie - Altanea SK","og_description":"V\u00a0are\u00e1lu je pro v\u00e1s p\u0159ipravena \u0159ada mo\u017enost\u00ed, jak si u\u017e\u00edt sportu s\u00a0asistenc\u00ed profesion\u00e1ln\u00edch tren\u00e9r\u016f i o samot\u011b. P\u0159\u00edstupn\u00e9 jsou lekce individu\u00e1ln\u00edch sport\u016f, nap\u0159. pilates, aerobicu, zumby, j\u00f3gy a podobn\u00fdch. Z\u00a0kolektivn\u00edch sport\u016f poskytujeme nap\u0159\u00edklad beachvolejbal, oby\u010dejn\u00fd i pl\u00e1\u017eov\u00fd fotbal, pl\u00e1\u017eov\u00fd tenis a dal\u0161\u00ed. Ke v\u0161em sport\u016fm budete m\u00edt nejlep\u0161\u00ed p\u0159\u00edstup, zakoup\u00edte-li tzv. \u201esporting card\u201c, kter\u00e1 stoj\u00ed...","og_url":"https:\/\/altanea.holiday\/sk\/zabava-a-volny-cas\/sportove-vyzitie\/","og_site_name":"Altanea SK","twitter_card":"summary_large_image","twitter_misc":{"Predpokladan\u00fd \u010das \u010d\u00edtania":"4 min\u00faty"},"schema":{"@context":"https:\/\/schema.org","@graph":[{"@type":"WebPage","@id":"https:\/\/altanea.holiday\/sk\/zabava-a-volny-cas\/sportove-vyzitie\/","url":"https:\/\/altanea.holiday\/sk\/zabava-a-volny-cas\/sportove-vyzitie\/","name":"\u0160portov\u00e9 vy\u017eitie - Altanea SK","isPartOf":{"@id":"https:\/\/altanea.holiday\/sk\/#website"},"datePublished":"2018-09-29T21:30:29+00:00","breadcrumb":{"@id":"https:\/\/altanea.holiday\/sk\/zabava-a-volny-cas\/sportove-vyzitie\/#breadcrumb"},"inLanguage":"sk-SK","potentialAction":[{"@type":"ReadAction","target":["https:\/\/altanea.holiday\/sk\/zabava-a-volny-cas\/sportove-vyzitie\/"]}]},{"@type":"BreadcrumbList","@id":"https:\/\/altanea.holiday\/sk\/zabava-a-volny-cas\/sportove-vyzitie\/#breadcrumb","itemListElement":[{"@type":"ListItem","position":1,"name":"Altanea.holiday","item":"https:\/\/altanea.holiday\/sk\/"},{"@type":"ListItem","position":2,"name":"Z\u00e1bava a vo\u013en\u00fd \u010das","item":"https:\/\/altanea.holiday\/sk\/zabava-a-volny-cas\/"},{"@type":"ListItem","position":3,"name":"\u0160portov\u00e9 vy\u017eitie"}]},{"@type":"WebSite","@id":"https:\/\/altanea.holiday\/sk\/#website","url":"https:\/\/altanea.holiday\/sk\/","name":"Altanea SK","description":"Caorle - Lido di Altanea","potentialAction":[{"@type":"SearchAction","target":{"@type":"EntryPoint","urlTemplate":"https:\/\/altanea.holiday\/sk\/?s={search_term_string}"},"query-input":{"@type":"PropertyValueSpecification","valueRequired":true,"valueName":"search_term_string"}}],"inLanguage":"sk-SK"}]}},"_links":{"self":[{"href":"https:\/\/altanea.holiday\/sk\/wp-json\/wp\/v2\/pages\/32","targetHints":{"allow":["GET"]}}],"collection":[{"href":"https:\/\/altanea.holiday\/sk\/wp-json\/wp\/v2\/pages"}],"about":[{"href":"https:\/\/altanea.holiday\/sk\/wp-json\/wp\/v2\/types\/page"}],"author":[{"embeddable":true,"href":"https:\/\/altanea.holiday\/sk\/wp-json\/wp\/v2\/users\/1"}],"replies":[{"embeddable":true,"href":"https:\/\/altanea.holiday\/sk\/wp-json\/wp\/v2\/comments?post=32"}],"version-history":[{"count":1,"href":"https:\/\/altanea.holiday\/sk\/wp-json\/wp\/v2\/pages\/32\/revisions"}],"predecessor-version":[{"id":33,"href":"https:\/\/altanea.holiday\/sk\/wp-json\/wp\/v2\/pages\/32\/revisions\/33"}],"up":[{"embeddable":true,"href":"https:\/\/altanea.holiday\/sk\/wp-json\/wp\/v2\/pages\/26"}],"wp:attachment":[{"href":"https:\/\/altanea.holiday\/sk\/wp-json\/wp\/v2\/media?parent=32"}],"curies":[{"name":"wp","href":"https:\/\/api.w.org\/{rel}","templated":true}]}}