{"id":62,"date":"2018-09-29T20:58:41","date_gmt":"2018-09-29T18:58:41","guid":{"rendered":"https:\/\/multisite.altanea.holiday\/pl\/?page_id=62"},"modified":"2021-01-20T20:39:46","modified_gmt":"2021-01-20T19:39:46","slug":"aktywnosci-sportowe","status":"publish","type":"page","link":"https:\/\/altanea.holiday\/pl\/rozrywka-i-wypoczynek\/aktywnosci-sportowe\/","title":{"rendered":"Aktywno\u015bci sportowe"},"content":{"rendered":"<hr \/>\n<p>W okolicy jest wiele mo\u017cliwo\u015bci uprawiania sportu zar\u00f3wno pod okiem profesjonalnych trener\u00f3w, jak i w pojedynk\u0119. Dost\u0119pne s\u0105 lekcje sport\u00f3w indywidualnych, takich jak pilates, aerobik, zumba, joga i inne. Ze sport\u00f3w zespo\u0142owych oferujemy na przyk\u0142ad siatk\u00f3wk\u0119 pla\u017cow\u0105, pi\u0142k\u0119 no\u017cn\u0105 zwyk\u0142\u0105 i pla\u017cow\u0105, tenis pla\u017cowy i inne. Najlepszy dost\u0119p do wszystkich sport\u00f3w uzyskasz, kupuj\u0105c tzw. \u201esporting card\u201d, kt\u00f3ra kosztuje 15 EUR dla ca\u0142ej rodziny i udost\u0119pnia Ci prawie wszystkie sporty.<\/span> <span style=\"font-weight: 400;\">Ponadto ta karta je\u015bli tylko jest taka ch\u0119\u0107 obejmuje r\u00f3wnie\u017c pomoc trenera. Lista rzeczy, kt\u00f3re s\u0105 zawarte w karcie pozawala mi\u0119dzy innymi na uczestnictwo w: kursie tenisa, gr\u0119 w pi\u0142k\u0119 no\u017cn\u0105 dla dzieci w wieku 5-12 lat, popo\u0142udniowe turnieje pi\u0142karskie dla dzieci powy\u017cej 13 roku \u017cycia, zni\u017cki na prywatne lekcje tenisa, dost\u0119p do kort\u00f3w, boisk do siatk\u00f3wki, pi\u0142ki no\u017cnej, sto\u0142y do \u200b\u200bping ponga itp.<\/p>\n<p>Je\u015bli chcesz dowiedzie\u0107 si\u0119 o dost\u0119pnych us\u0142ugach sportowych lub zarezerwowa\u0107 kort lub plac zabaw, zadzwo\u0144 pod numer +39 348 5723145.<\/p>\n<p>Wok\u00f3\u0142 kompleksu znajduje si\u0119 sie\u0107 \u015bcie\u017cek rowerowych, kt\u00f3re mo\u017cna wykorzysta\u0107 nie tylko do jazdy na rowerze, ale r\u00f3wnie\u017c do biegania, jazdy na rolkach czy pieszych w\u0119dr\u00f3wek. Je\u015bli chcesz poje\u017adzi\u0107 na rowerze po okolicy, do dyspozycji jest wypo\u017cyczalnia rower\u00f3w i sprz\u0119tu rowerowego.<\/p>\n<p>Innym sposobem na sp\u0119dzenie aktywnego wypoczynku jest wizyta na lokalnym 18-do\u0142kowym polu golfowym, kt\u00f3ry jest po\u0142o\u017conym w niewielkiej odleg\u0142o\u015bci od hoteli. Kompleks Pra delle Torri powsta\u0142 w 1991 roku i od tego czasu jest wybierany przez profesjonalnych i amatorskich graczy.<\/p>\n<p>Dla pocz\u0105tkuj\u0105cych i zaawansowanych s\u0105 dost\u0119pne kursy, w kt\u00f3rych mo\u017cna uczestniczy\u0107 w grupach, indywidualnie lub w parach. 30 minut zaj\u0119\u0107 indywidualnych kosztuje 30 euro, p\u00f3\u0142 godziny zaj\u0119\u0107 w parach kosztuje 17 euro, a p\u00f3\u0142 godziny w grupie 10 euro. Kursy organizowane s\u0105 dla dzieci od sz\u00f3stego roku \u017cycia, zar\u00f3wno w wersji grupowej, jak i indywidualnych. Godzina wsp\u00f3lnego kursu junior\u00f3w kosztuje 10 EUR.<\/p>\n<p>Jako klienci CK Italieonline macie 40-procentow\u0105 zni\u017ck\u0119 na green fee, wi\u0119c naprawd\u0119 polecamy i zach\u0119camy do skorzystania z kursu. Opr\u00f3cz 18-do\u0142kowego pola golfowego , na miejscu znajduje si\u0119 restauracja i sklep golfowy. Bardzo blisko pla\u017cy jest tak\u017ce zlokalizowane pole do minigolfa.<\/p>\n<p>Opr\u00f3cz tych regularnych imprez polecamy r\u00f3wnie\u017c wydarzenia sportowe w okolicy, w szczeg\u00f3lno\u015bci wy\u015bcigi i turnieje sportowe:<\/p>\n<hr \/>\n<p><strong>Turniej siatk\u00f3wki pla\u017cowej<\/strong><\/p>\n<p>Dla mi\u0142o\u015bnik\u00f3w siatk\u00f3wki na pla\u017cy w Bibione odbywa si\u0119 turniej siatk\u00f3wki pla\u017cowej, kt\u00f3ry w 2020 roku odb\u0119dzie si\u0119 dwukrotnie &#8211; w dniach 13-15 maja i 16-18 wrze\u015bnia. Ka\u017cdego roku na maraton turniejowy przyje\u017cd\u017caj\u0105 dziesi\u0105tki tysi\u0119cy zawodnik\u00f3w i widz\u00f3w. Je\u015bli jeste\u015b zainteresowany udzia\u0142em, musisz si\u0119 wcze\u015bniej na niego zapisa\u0107. Kategorie ustalono w nast\u0119puj\u0105cy spos\u00f3b: dru\u017cyny 2 \u00d7 2 m\u0119skie; 2 \u00d7 2 dru\u017cyny damskie; M\u0119\u017cczyzna 3 \u00d7 3; Zespo\u0142y 3 \u00d7 3 damskie i mieszane 4 \u00d7 4. Je\u015bli zdecydujesz si\u0119 wzi\u0105\u0107 udzia\u0142 w turnieju, zap\u0142acisz wpisowe w wysoko\u015bci 33 EUR za ka\u017cdy dzie\u0144 gry.<\/p>\n<hr \/>\n<p><strong>Turniej siatk\u00f3wki junior\u00f3w<\/strong><\/p>\n<p>M\u0142odzi sportowcy w wieku od 6 do 18 roku \u017cycia mog\u0105 zagra\u0107 w Bibione na turnieju, kt\u00f3ry odb\u0119dzie si\u0119 w 2020 roku w dniach 24 i 25 kwietnia. Op\u0142ata za udzia\u0142 i zakwaterowanie wynosi 36 EUR. Zawarto w tym dwudniow\u0105 zabaw\u0119 i opiek\u0119 trener\u00f3w. Ten turniej wymaga r\u00f3wnie\u017c wcze\u015bniejszego zapisania si\u0119.<\/p>\n<hr \/>\n<p><strong>Turniej Pi\u0142ki No\u017cnej<\/strong><\/p>\n<p>Letni turniej pi\u0142ki no\u017cnej odb\u0119dzie si\u0119 w Bibione 11 czerwca. W zawodach bior\u0105 udzia\u0142 zespo\u0142y 5 \u00d7 5 &#8211; m\u0119\u017cczy\u017ani i 5 \u00d7 5 \u2013 kobiety. Na te zawody tak\u017ce trzeba si\u0119 wcze\u015bniej zarejestrowa\u0107.<\/p>\n<hr \/>\n<p><strong>Festiwal rugby na pla\u017cy<\/strong><\/p>\n<p>Beach Rugby Festival to turniej, kt\u00f3ry odbywa si\u0119 w Bibione 11 czerwca. Rugby to nie jest sport dla ka\u017cdego, ale mo\u017cna przynajmniej przyj\u015b\u0107 i zobaczy\u0107 co to za dyscyplina. Szczeg\u00f3lnie, \u017ce nie jest zbyt dobrze znana w naszym kraju. Je\u015bli jeste\u015b graczem, mo\u017cesz r\u00f3wnie\u017c wzi\u0105\u0107 udzia\u0142 w zawodach.<\/p>\n<hr \/>\n<p><strong>P\u00f3\u0142maraton<\/strong><\/p>\n<p>Lido di Jesolo organizuje co roku p\u00f3\u0142maraton, kt\u00f3ry tego lata odb\u0119dzie si\u0119 28 maja o godzinie 20:00. Opr\u00f3cz tradycyjnego 21-kilometrowego biegu dost\u0119pna jest r\u00f3wnie\u017c kr\u00f3tsza wersja, kt\u00f3ra liczy 10 kilometr\u00f3w. Trasa prowadzi wzd\u0142u\u017c szosy i w du\u017cej mierze wzd\u0142u\u017c wybrze\u017ca. Wspania\u0142e walory trasy z pewno\u015bci\u0105 doceni\u0105 mi\u0142o\u015bnicy \u0142adnych widok\u00f3w podczas joggingu.<\/p>\n<hr \/>\n<p><strong>Zawody biegowe Altanea<\/strong><\/p>\n<p>R\u00f3wnie\u017c tego lata w Lido Altanea odbywaj\u0105 si\u0119 tradycyjne zawody biegowe. Rozpoczyna si\u0119 18 czerwca o godzinie 20:00 przy przej\u015bciu La Quercia. Do wyboru s\u0105 dwie trasy: 6 kilometr\u00f3w i 12 kilometr\u00f3w. Oba starty rozpoczynaj\u0105 si\u0119 w tym samym czasie.<\/p>\n<hr \/>\n<p><strong>Mistrzostwa w Lekkoatletyce<\/strong><\/p>\n<p>W Lido di Jesolo tego lata odbywaj\u0105 si\u0119 Mistrzostwa W\u0142och w lekkiej atletyce, w kt\u00f3rych trenuj\u0105cy lekkoatletyk\u0119 mog\u0105 uczestniczy\u0107 17 maja. Co roku na mistrzostwach pojawiaj\u0105 si\u0119 najbardziej obiecuj\u0105cy m\u0142odzi w\u0142oscy sportowcy. Zach\u0119camy do obejrzenia zawod\u00f3w i dopingu rywalizuj\u0105cych ze sob\u0105 sportowc\u00f3w.<\/p>\n","protected":false},"excerpt":{"rendered":"<p>W okolicy jest wiele mo\u017cliwo\u015bci uprawiania sportu zar\u00f3wno pod okiem profesjonalnych trener\u00f3w, jak i w pojedynk\u0119. Dost\u0119pne s\u0105 lekcje sport\u00f3w indywidualnych, takich jak pilates, aerobik, zumba, joga i inne. Ze sport\u00f3w zespo\u0142owych oferujemy na przyk\u0142ad siatk\u00f3wk\u0119 pla\u017cow\u0105, pi\u0142k\u0119 no\u017cn\u0105 zwyk\u0142\u0105 i pla\u017cow\u0105, tenis pla\u017cowy i inne. Najlepszy dost\u0119p do wszystkich sport\u00f3w uzyskasz, kupuj\u0105c tzw. \u201esporting&#8230;<\/p>\n","protected":false},"author":1,"featured_media":0,"parent":56,"menu_order":30,"comment_status":"closed","ping_status":"closed","template":"","meta":{"footnotes":""},"class_list":["post-62","page","type-page","status-publish","hentry"],"yoast_head":"<!-- This site is optimized with the Yoast SEO plugin v25.2 - https:\/\/yoast.com\/wordpress\/plugins\/seo\/ -->\n<title>Aktywno\u015bci sportowe - Altanea PL<\/title>\n<meta name=\"robots\" content=\"index, follow, max-snippet:-1, max-image-preview:large, max-video-preview:-1\" \/>\n<link rel=\"canonical\" href=\"https:\/\/altanea.holiday\/pl\/rozrywka-i-wypoczynek\/aktywnosci-sportowe\/\" \/>\n<meta property=\"og:locale\" content=\"pl_PL\" \/>\n<meta property=\"og:type\" content=\"article\" \/>\n<meta property=\"og:title\" content=\"Aktywno\u015bci sportowe - Altanea PL\" \/>\n<meta property=\"og:description\" content=\"W okolicy jest wiele mo\u017cliwo\u015bci uprawiania sportu zar\u00f3wno pod okiem profesjonalnych trener\u00f3w, jak i w pojedynk\u0119. Dost\u0119pne s\u0105 lekcje sport\u00f3w indywidualnych, takich jak pilates, aerobik, zumba, joga i inne. Ze sport\u00f3w zespo\u0142owych oferujemy na przyk\u0142ad siatk\u00f3wk\u0119 pla\u017cow\u0105, pi\u0142k\u0119 no\u017cn\u0105 zwyk\u0142\u0105 i pla\u017cow\u0105, tenis pla\u017cowy i inne. Najlepszy dost\u0119p do wszystkich sport\u00f3w uzyskasz, kupuj\u0105c tzw. \u201esporting...\" \/>\n<meta property=\"og:url\" content=\"https:\/\/altanea.holiday\/pl\/rozrywka-i-wypoczynek\/aktywnosci-sportowe\/\" \/>\n<meta property=\"og:site_name\" content=\"Altanea PL\" \/>\n<meta property=\"article:modified_time\" content=\"2021-01-20T19:39:46+00:00\" \/>\n<meta name=\"twitter:card\" content=\"summary_large_image\" \/>\n<meta name=\"twitter:label1\" content=\"Szacowany czas czytania\" \/>\n\t<meta name=\"twitter:data1\" content=\"3 minuty\" \/>\n<script type=\"application\/ld+json\" class=\"yoast-schema-graph\">{\"@context\":\"https:\/\/schema.org\",\"@graph\":[{\"@type\":\"WebPage\",\"@id\":\"https:\/\/altanea.holiday\/pl\/rozrywka-i-wypoczynek\/aktywnosci-sportowe\/\",\"url\":\"https:\/\/altanea.holiday\/pl\/rozrywka-i-wypoczynek\/aktywnosci-sportowe\/\",\"name\":\"Aktywno\u015bci sportowe - Altanea PL\",\"isPartOf\":{\"@id\":\"https:\/\/altanea.holiday\/pl\/#website\"},\"datePublished\":\"2018-09-29T18:58:41+00:00\",\"dateModified\":\"2021-01-20T19:39:46+00:00\",\"breadcrumb\":{\"@id\":\"https:\/\/altanea.holiday\/pl\/rozrywka-i-wypoczynek\/aktywnosci-sportowe\/#breadcrumb\"},\"inLanguage\":\"pl-PL\",\"potentialAction\":[{\"@type\":\"ReadAction\",\"target\":[\"https:\/\/altanea.holiday\/pl\/rozrywka-i-wypoczynek\/aktywnosci-sportowe\/\"]}]},{\"@type\":\"BreadcrumbList\",\"@id\":\"https:\/\/altanea.holiday\/pl\/rozrywka-i-wypoczynek\/aktywnosci-sportowe\/#breadcrumb\",\"itemListElement\":[{\"@type\":\"ListItem\",\"position\":1,\"name\":\"Altanea.holiday\",\"item\":\"https:\/\/altanea.holiday\/pl\/\"},{\"@type\":\"ListItem\",\"position\":2,\"name\":\"Rozrywka i wypoczynek\",\"item\":\"https:\/\/altanea.holiday\/pl\/rozrywka-i-wypoczynek\/\"},{\"@type\":\"ListItem\",\"position\":3,\"name\":\"Aktywno\u015bci sportowe\"}]},{\"@type\":\"WebSite\",\"@id\":\"https:\/\/altanea.holiday\/pl\/#website\",\"url\":\"https:\/\/altanea.holiday\/pl\/\",\"name\":\"Altanea PL\",\"description\":\"Caorle - Lido di Altanea\",\"potentialAction\":[{\"@type\":\"SearchAction\",\"target\":{\"@type\":\"EntryPoint\",\"urlTemplate\":\"https:\/\/altanea.holiday\/pl\/?s={search_term_string}\"},\"query-input\":{\"@type\":\"PropertyValueSpecification\",\"valueRequired\":true,\"valueName\":\"search_term_string\"}}],\"inLanguage\":\"pl-PL\"}]}<\/script>\n<!-- \/ Yoast SEO plugin. -->","yoast_head_json":{"title":"Aktywno\u015bci sportowe - Altanea PL","robots":{"index":"index","follow":"follow","max-snippet":"max-snippet:-1","max-image-preview":"max-image-preview:large","max-video-preview":"max-video-preview:-1"},"canonical":"https:\/\/altanea.holiday\/pl\/rozrywka-i-wypoczynek\/aktywnosci-sportowe\/","og_locale":"pl_PL","og_type":"article","og_title":"Aktywno\u015bci sportowe - Altanea PL","og_description":"W okolicy jest wiele mo\u017cliwo\u015bci uprawiania sportu zar\u00f3wno pod okiem profesjonalnych trener\u00f3w, jak i w pojedynk\u0119. Dost\u0119pne s\u0105 lekcje sport\u00f3w indywidualnych, takich jak pilates, aerobik, zumba, joga i inne. Ze sport\u00f3w zespo\u0142owych oferujemy na przyk\u0142ad siatk\u00f3wk\u0119 pla\u017cow\u0105, pi\u0142k\u0119 no\u017cn\u0105 zwyk\u0142\u0105 i pla\u017cow\u0105, tenis pla\u017cowy i inne. Najlepszy dost\u0119p do wszystkich sport\u00f3w uzyskasz, kupuj\u0105c tzw. \u201esporting...","og_url":"https:\/\/altanea.holiday\/pl\/rozrywka-i-wypoczynek\/aktywnosci-sportowe\/","og_site_name":"Altanea PL","article_modified_time":"2021-01-20T19:39:46+00:00","twitter_card":"summary_large_image","twitter_misc":{"Szacowany czas czytania":"3 minuty"},"schema":{"@context":"https:\/\/schema.org","@graph":[{"@type":"WebPage","@id":"https:\/\/altanea.holiday\/pl\/rozrywka-i-wypoczynek\/aktywnosci-sportowe\/","url":"https:\/\/altanea.holiday\/pl\/rozrywka-i-wypoczynek\/aktywnosci-sportowe\/","name":"Aktywno\u015bci sportowe - Altanea PL","isPartOf":{"@id":"https:\/\/altanea.holiday\/pl\/#website"},"datePublished":"2018-09-29T18:58:41+00:00","dateModified":"2021-01-20T19:39:46+00:00","breadcrumb":{"@id":"https:\/\/altanea.holiday\/pl\/rozrywka-i-wypoczynek\/aktywnosci-sportowe\/#breadcrumb"},"inLanguage":"pl-PL","potentialAction":[{"@type":"ReadAction","target":["https:\/\/altanea.holiday\/pl\/rozrywka-i-wypoczynek\/aktywnosci-sportowe\/"]}]},{"@type":"BreadcrumbList","@id":"https:\/\/altanea.holiday\/pl\/rozrywka-i-wypoczynek\/aktywnosci-sportowe\/#breadcrumb","itemListElement":[{"@type":"ListItem","position":1,"name":"Altanea.holiday","item":"https:\/\/altanea.holiday\/pl\/"},{"@type":"ListItem","position":2,"name":"Rozrywka i wypoczynek","item":"https:\/\/altanea.holiday\/pl\/rozrywka-i-wypoczynek\/"},{"@type":"ListItem","position":3,"name":"Aktywno\u015bci sportowe"}]},{"@type":"WebSite","@id":"https:\/\/altanea.holiday\/pl\/#website","url":"https:\/\/altanea.holiday\/pl\/","name":"Altanea PL","description":"Caorle - Lido di Altanea","potentialAction":[{"@type":"SearchAction","target":{"@type":"EntryPoint","urlTemplate":"https:\/\/altanea.holiday\/pl\/?s={search_term_string}"},"query-input":{"@type":"PropertyValueSpecification","valueRequired":true,"valueName":"search_term_string"}}],"inLanguage":"pl-PL"}]}},"_links":{"self":[{"href":"https:\/\/altanea.holiday\/pl\/wp-json\/wp\/v2\/pages\/62","targetHints":{"allow":["GET"]}}],"collection":[{"href":"https:\/\/altanea.holiday\/pl\/wp-json\/wp\/v2\/pages"}],"about":[{"href":"https:\/\/altanea.holiday\/pl\/wp-json\/wp\/v2\/types\/page"}],"author":[{"embeddable":true,"href":"https:\/\/altanea.holiday\/pl\/wp-json\/wp\/v2\/users\/1"}],"replies":[{"embeddable":true,"href":"https:\/\/altanea.holiday\/pl\/wp-json\/wp\/v2\/comments?post=62"}],"version-history":[{"count":3,"href":"https:\/\/altanea.holiday\/pl\/wp-json\/wp\/v2\/pages\/62\/revisions"}],"predecessor-version":[{"id":395390,"href":"https:\/\/altanea.holiday\/pl\/wp-json\/wp\/v2\/pages\/62\/revisions\/395390"}],"up":[{"embeddable":true,"href":"https:\/\/altanea.holiday\/pl\/wp-json\/wp\/v2\/pages\/56"}],"wp:attachment":[{"href":"https:\/\/altanea.holiday\/pl\/wp-json\/wp\/v2\/media?parent=62"}],"curies":[{"name":"wp","href":"https:\/\/api.w.org\/{rel}","templated":true}]}}