{"id":54,"date":"2018-09-29T20:55:11","date_gmt":"2018-09-29T18:55:11","guid":{"rendered":"https:\/\/multisite.altanea.holiday\/pl\/?page_id=54"},"modified":"2021-01-20T21:26:24","modified_gmt":"2021-01-20T20:26:24","slug":"lekarze-i-pierwsza-pomoc","status":"publish","type":"page","link":"https:\/\/altanea.holiday\/pl\/praktyczne-informacje\/lekarze-i-pierwsza-pomoc\/","title":{"rendered":"Lekarze i pierwsza pomoc"},"content":{"rendered":"<hr \/>\n<p><strong><em>Numer alarmowy we W\u0142oszech to 118 \u2013 dzwoni si\u0119 na niego w nag\u0142ych przypadkach.<\/em><\/strong><\/p>\n<hr \/>\n<p><strong>Lekarz rodzinny dla turyst\u00f3w:<\/strong><\/p>\n<p>Opieka medyczna jest dost\u0119pna bezpo\u015brednio w budynku Residence Le Farnie &#8211; codziennie w godzinach od 10:00 do 12:00 i od 16:00 do 18:00. Poza tymi godzinami mo\u017cna wezwa\u0107 lekarza telefonicznie &#8211; numer telefonu kom\u00f3rkowego znajduje si\u0119 na drzwiach gabinetu.<\/p>\n<p>Alternatywnie mo\u017cna skontaktowa\u0107 si\u0119 z lekarzami w Caorle, kt\u00f3rzy specjalizuj\u0105 si\u0119 w leczeniu turyst\u00f3w. Mo\u017cna ich znale\u017a\u0107 pod adresem Riva dei Bragozzi 138, a numer telefonu to +39 0421 219847. W sezonie (1 czerwca &#8211; 31 sierpnia) dost\u0119pni s\u0105 w nast\u0119puj\u0105cych godzinach:<\/p>\n<p><strong>Dni powszednie:<\/strong> 18:00 &#8211; 20:00<br \/>\n<strong>Weekendy i \u015bwi\u0119ta:<\/strong> od 08:00 do 12:00 i od 17:30 do 20:00<\/p>\n<hr \/>\n<p><strong>Leczenie w nag\u0142ych wypadkach:<\/strong><\/p>\n<p>W przypadku leczenia w nag\u0142ych wypadkach, skontaktuj si\u0119 z dr Capasso Cosimo, z siedzib\u0105 w Caorle, Via Marconi, 38. W celu uzyskania pyta\u0144 lub weryfikacji godzin pracy zadzwo\u0144 pod numer +39 0421 212337<\/p>\n<p>Od 1. maja do 29. maja:<\/p>\n<table style=\"height: 100px;\" border=\"1\" width=\"615\">\n<tbody>\n<tr>\n<td>Poniedzia\u0142ek i czwartek:<\/td>\n<td style=\"text-align: center;\">10:00 \u2013 13:00<\/td>\n<td style=\"text-align: center;\">17:00 \u2013 19:00<\/td>\n<td style=\"text-align: center;\"><em>15:00 \u2013 16:00*<\/em><\/td>\n<\/tr>\n<tr>\n<td>Wtorek i pi\u0105tek:<\/td>\n<td style=\"text-align: center;\">10:00 \u2013 13:00<\/td>\n<td><\/td>\n<td style=\"text-align: center;\"><em>15:00 \u2013 16:00**<\/em><\/td>\n<\/tr>\n<tr>\n<td>\u015aroda:<\/td>\n<td style=\"text-align: center;\">10:00 \u2013 13:00<\/td>\n<td><\/td>\n<td><\/td>\n<\/tr>\n<\/tbody>\n<\/table>\n<p>* <em>(w Porto S. Margherita, Corso Genova 34, tel. +39 346 1475270)<\/em><br \/>\n** <em>(przy Castello di Brussa, Strada Villaviera, 87, tel. +39 346 1475270)<\/em><\/p>\n<p>Od 1. czerwca do 31. sierpnia:<\/p>\n<table style=\"height: 187px;\" border=\"1\" width=\"773\">\n<tbody>\n<tr>\n<td>Poniedzia\u0142ek i czwartek<\/td>\n<td style=\"text-align: center;\">10:00 \u2013 12:30<\/td>\n<td style=\"text-align: center;\">16:30 \u2013 19:00<\/td>\n<td style=\"text-align: center;\"><em>15:00 \u2013 16:00*<\/em><\/td>\n<\/tr>\n<tr>\n<td>Wtorek i pi\u0105tek<\/td>\n<td style=\"text-align: center;\">10:00 \u2013 12:30<\/td>\n<td style=\"text-align: center;\">\u00a018:00 \u2013 19:30<\/td>\n<td style=\"text-align: center;\"><em>15:00 \u2013 16:00** 16:30 \u2013 17:30*<\/em><\/td>\n<\/tr>\n<tr>\n<td>Sobota:<\/td>\n<td style=\"text-align: center;\">9:00 \u2013 11:30<\/td>\n<td style=\"text-align: center;\">16:30 \u2013 19:00<\/td>\n<td style=\"text-align: center;\"><\/td>\n<\/tr>\n<tr>\n<td>Niedziela:<\/td>\n<td style=\"text-align: center;\">10:00 \u2013 12:30<\/td>\n<td style=\"text-align: center;\">\u00a016:30 \u2013 19:00<\/td>\n<td><\/td>\n<\/tr>\n<\/tbody>\n<\/table>\n<p>&nbsp;<\/p>\n<p>* <em>(w Porto S. Margherita, Corso Genova 34, tel. +39 346 1475270)<\/em><br \/>\n** <em>(przy Castello di Brussa, Strada Villaviera, 87, tel. +39 346 1475270)<\/em><\/p>\n<p>Ponadto, od 15 maja do 20 sierpnia, mo\u017cna r\u00f3wnie\u017c skontaktowa\u0107 si\u0119 z dr Striuli Giovanni, kt\u00f3ry przepisuje leki pod adresem Viale S. Margherita 77 w Caorle. Jest dost\u0119pny pod numerem 0421 81876. Mo\u017cna si\u0119 z nim skonsultowa\u0107 w nast\u0119puj\u0105cych godzinach:<\/p>\n<table style=\"height: 97px;\" border=\"1\" width=\"405\">\n<tbody>\n<tr>\n<td>Poniedzia\u0142ek:<\/td>\n<td style=\"text-align: center;\">8:30 \u2013 11:00*<\/td>\n<td style=\"text-align: center;\">17:00 \u2013 19:00<\/td>\n<\/tr>\n<tr>\n<td>Wtorek:<\/td>\n<td style=\"text-align: center;\"><\/td>\n<td style=\"text-align: center;\">\u00a016:00 \u2013 19:00<\/td>\n<\/tr>\n<tr>\n<td>\u015aroda:<\/td>\n<td style=\"text-align: center;\">8:30 \u2013 11:00<\/td>\n<td style=\"text-align: center;\">\u00a016:00 \u2013 17:30<\/td>\n<\/tr>\n<tr>\n<td>Czwartek:<\/td>\n<td style=\"text-align: center;\">8:30 \u2013 10:30*<\/td>\n<td style=\"text-align: center;\"><\/td>\n<\/tr>\n<tr>\n<td>Pi\u0105tek:<\/td>\n<td style=\"text-align: center;\">9:00 \u2013 11:00<\/td>\n<td style=\"text-align: center;\">15:30 \u2013 18:00<\/td>\n<\/tr>\n<\/tbody>\n<\/table>\n<p>* <em>(w Caorle, Via dei Licovi, 7, telefon: +39 0421 81436)<\/em><\/p>\n<p>Nocne pogotowie jest dost\u0119pne w Caorle codziennie od 20:00 do 08:00. Je\u015bli w nocy potrzebujesz informacji na leczenia itp., mo\u017cesz zadzwoni\u0107 na pogotowie pod numer +39 0421 484550.<\/p>\n<hr \/>\n<p><strong>Pediatra:<\/strong><\/p>\n<p>W Caorle mo\u017cesz r\u00f3wnie\u017c znale\u017a\u0107 pediatr\u0119, kt\u00f3ry przyjmuje pacjent\u00f3w na Calle Gallo 2. Mo\u017cesz do niego zadzwoni\u0107 pod numer +39 0422 769844, a jego godziny otwarcia to:<\/p>\n<p><strong>Poniedzia\u0142ek i \u015broda:<\/strong>: 09:30 \u2013 11:30<br \/>\n<strong>Pi\u0105tek:<\/strong>: 14:00 \u2013 16:00<\/p>\n<p>Zalecamy, aby najpierw zadzwoni\u0107 do pediatry, poniewa\u017c nie jest on dy\u017curuj\u0105cym lekarzem, jak r\u00f3wnie\u017c nie specjalizuje si\u0119 w pracy z turystami, wi\u0119c prawdopodobnie b\u0119dziesz musia\u0142 um\u00f3wi\u0107 si\u0119 na wizyt\u0119.<\/p>\n<hr \/>\n<p><strong>Szpital:<\/strong><\/p>\n<p>Najbli\u017cszy szpital znajduje si\u0119 w Portogruar. Mo\u017cna tu na przyk\u0142ad przeprowadzi\u0107 dializ\u0119 i inne bardziej z\u0142o\u017cone badania i zabiegi. Adres szpitala w Portogruar to Via Piemonte 1, a je\u015bli potrzebujesz informacji, zadzwo\u0144 pod numer +39 0421 7641.<\/p>\n<hr \/>\n<p><strong>Dentysta:<\/strong><\/p>\n<p>W Caorle jest stosunkowo du\u017ca liczba gabinet\u00f3w stomatologicznych. Podczas pobytu mo\u017cna si\u0119 skontaktowa\u0107 na przyk\u0142ad z doktorem Michele. Jego gabinet znajduje si\u0119 przy ulicy Vie Ferrara 7 \/ A. Zalecamy wcze\u015bniejsze skontaktowanie si\u0119 z nim z wyprzedzeniem pod numerem 0421 81049. Dentysta nie dy\u017curuje (prawdopodobnie b\u0119dziesz potrzeba, aby zarezerwowa\u0107 jeden z nast\u0119pnych dni). Je\u015bli potrzebujesz pomocy to w nag\u0142ych wypadkach, mo\u017cna uda\u0107 si\u0119 do Wenecji (ok. 50 km). W tym miejscu mo\u017cna znale\u017a\u0107 pomoc dentystyczn\u0105 pod adresem: Via Cao de Sora 1. Telefon w nag\u0142ych przypadkach dentystycznych to +39 0422 769657.<\/p>\n<hr \/>\n<p><strong>Apteka:<\/strong><\/p>\n<p>W Carole znajduje si\u0119 apteka, wi\u0119c je\u015bli chcesz dowiedzie\u0107 si\u0119 o dost\u0119pno\u015bci lub cenie leku zadzwo\u0144 +39 0421-81044. Apteka nazywa si\u0119 Farmacia al Redentore i mo\u017cna j\u0105 znale\u017a\u0107 na Rio terra \u2019Botteghe 28.<\/p>\n<hr \/>\n<p><strong>Op\u0142aty, ubezpieczenie:<\/strong><\/p>\n<p>U wszystkich lekarzy przygotuj si\u0119 na op\u0142at\u0119 za leczenie w wysoko\u015bci 21 EUR. Rutynowe leczenie kosztuje 31 euro. Zalecamy zachowa\u0107 wszystkie dokumenty dotycz\u0105ce p\u0142atno\u015bci i za\u015bwiadczenia lekarskie, a po powrocie z wakacji skontaktowa\u0107 si\u0119 z firm\u0105 ubezpieczeniow\u0105, w kt\u00f3rej posiadasz ubezpieczenie podr\u00f3\u017cne. Jednocze\u015bnie po powrocie do domu nale\u017cy odwiedzi\u0107 swojego lekarza rodzinnego i poinformowa\u0107 go o wszelkich odniesionych urazach lub chorobach.<\/p>\n","protected":false},"excerpt":{"rendered":"<p>Numer alarmowy we W\u0142oszech to 118 \u2013 dzwoni si\u0119 na niego w nag\u0142ych przypadkach. Lekarz rodzinny dla turyst\u00f3w: Opieka medyczna jest dost\u0119pna bezpo\u015brednio w budynku Residence Le Farnie &#8211; codziennie w godzinach od 10:00 do 12:00 i od 16:00 do 18:00. Poza tymi godzinami mo\u017cna wezwa\u0107 lekarza telefonicznie &#8211; numer telefonu kom\u00f3rkowego znajduje si\u0119 na&#8230;<\/p>\n","protected":false},"author":1,"featured_media":0,"parent":48,"menu_order":30,"comment_status":"closed","ping_status":"closed","template":"","meta":{"footnotes":""},"class_list":["post-54","page","type-page","status-publish","hentry"],"yoast_head":"<!-- This site is optimized with the Yoast SEO plugin v25.2 - https:\/\/yoast.com\/wordpress\/plugins\/seo\/ -->\n<title>Lekarze i pierwsza pomoc - Altanea PL<\/title>\n<meta name=\"robots\" content=\"index, follow, max-snippet:-1, max-image-preview:large, max-video-preview:-1\" \/>\n<link rel=\"canonical\" href=\"https:\/\/altanea.holiday\/pl\/praktyczne-informacje\/lekarze-i-pierwsza-pomoc\/\" \/>\n<meta property=\"og:locale\" content=\"pl_PL\" \/>\n<meta property=\"og:type\" content=\"article\" \/>\n<meta property=\"og:title\" content=\"Lekarze i pierwsza pomoc - Altanea PL\" \/>\n<meta property=\"og:description\" content=\"Numer alarmowy we W\u0142oszech to 118 \u2013 dzwoni si\u0119 na niego w nag\u0142ych przypadkach. Lekarz rodzinny dla turyst\u00f3w: Opieka medyczna jest dost\u0119pna bezpo\u015brednio w budynku Residence Le Farnie &#8211; codziennie w godzinach od 10:00 do 12:00 i od 16:00 do 18:00. Poza tymi godzinami mo\u017cna wezwa\u0107 lekarza telefonicznie &#8211; numer telefonu kom\u00f3rkowego znajduje si\u0119 na...\" \/>\n<meta property=\"og:url\" content=\"https:\/\/altanea.holiday\/pl\/praktyczne-informacje\/lekarze-i-pierwsza-pomoc\/\" \/>\n<meta property=\"og:site_name\" content=\"Altanea PL\" \/>\n<meta property=\"article:modified_time\" content=\"2021-01-20T20:26:24+00:00\" \/>\n<meta name=\"twitter:card\" content=\"summary_large_image\" \/>\n<meta name=\"twitter:label1\" content=\"Szacowany czas czytania\" \/>\n\t<meta name=\"twitter:data1\" content=\"3 minuty\" \/>\n<script type=\"application\/ld+json\" class=\"yoast-schema-graph\">{\"@context\":\"https:\/\/schema.org\",\"@graph\":[{\"@type\":\"WebPage\",\"@id\":\"https:\/\/altanea.holiday\/pl\/praktyczne-informacje\/lekarze-i-pierwsza-pomoc\/\",\"url\":\"https:\/\/altanea.holiday\/pl\/praktyczne-informacje\/lekarze-i-pierwsza-pomoc\/\",\"name\":\"Lekarze i pierwsza pomoc - Altanea PL\",\"isPartOf\":{\"@id\":\"https:\/\/altanea.holiday\/pl\/#website\"},\"datePublished\":\"2018-09-29T18:55:11+00:00\",\"dateModified\":\"2021-01-20T20:26:24+00:00\",\"breadcrumb\":{\"@id\":\"https:\/\/altanea.holiday\/pl\/praktyczne-informacje\/lekarze-i-pierwsza-pomoc\/#breadcrumb\"},\"inLanguage\":\"pl-PL\",\"potentialAction\":[{\"@type\":\"ReadAction\",\"target\":[\"https:\/\/altanea.holiday\/pl\/praktyczne-informacje\/lekarze-i-pierwsza-pomoc\/\"]}]},{\"@type\":\"BreadcrumbList\",\"@id\":\"https:\/\/altanea.holiday\/pl\/praktyczne-informacje\/lekarze-i-pierwsza-pomoc\/#breadcrumb\",\"itemListElement\":[{\"@type\":\"ListItem\",\"position\":1,\"name\":\"Altanea.holiday\",\"item\":\"https:\/\/altanea.holiday\/pl\/\"},{\"@type\":\"ListItem\",\"position\":2,\"name\":\"Praktyczne informacje\",\"item\":\"https:\/\/altanea.holiday\/pl\/praktyczne-informacje\/\"},{\"@type\":\"ListItem\",\"position\":3,\"name\":\"Lekarze i pierwsza pomoc\"}]},{\"@type\":\"WebSite\",\"@id\":\"https:\/\/altanea.holiday\/pl\/#website\",\"url\":\"https:\/\/altanea.holiday\/pl\/\",\"name\":\"Altanea PL\",\"description\":\"Caorle - Lido di Altanea\",\"potentialAction\":[{\"@type\":\"SearchAction\",\"target\":{\"@type\":\"EntryPoint\",\"urlTemplate\":\"https:\/\/altanea.holiday\/pl\/?s={search_term_string}\"},\"query-input\":{\"@type\":\"PropertyValueSpecification\",\"valueRequired\":true,\"valueName\":\"search_term_string\"}}],\"inLanguage\":\"pl-PL\"}]}<\/script>\n<!-- \/ Yoast SEO plugin. -->","yoast_head_json":{"title":"Lekarze i pierwsza pomoc - Altanea PL","robots":{"index":"index","follow":"follow","max-snippet":"max-snippet:-1","max-image-preview":"max-image-preview:large","max-video-preview":"max-video-preview:-1"},"canonical":"https:\/\/altanea.holiday\/pl\/praktyczne-informacje\/lekarze-i-pierwsza-pomoc\/","og_locale":"pl_PL","og_type":"article","og_title":"Lekarze i pierwsza pomoc - Altanea PL","og_description":"Numer alarmowy we W\u0142oszech to 118 \u2013 dzwoni si\u0119 na niego w nag\u0142ych przypadkach. Lekarz rodzinny dla turyst\u00f3w: Opieka medyczna jest dost\u0119pna bezpo\u015brednio w budynku Residence Le Farnie &#8211; codziennie w godzinach od 10:00 do 12:00 i od 16:00 do 18:00. Poza tymi godzinami mo\u017cna wezwa\u0107 lekarza telefonicznie &#8211; numer telefonu kom\u00f3rkowego znajduje si\u0119 na...","og_url":"https:\/\/altanea.holiday\/pl\/praktyczne-informacje\/lekarze-i-pierwsza-pomoc\/","og_site_name":"Altanea PL","article_modified_time":"2021-01-20T20:26:24+00:00","twitter_card":"summary_large_image","twitter_misc":{"Szacowany czas czytania":"3 minuty"},"schema":{"@context":"https:\/\/schema.org","@graph":[{"@type":"WebPage","@id":"https:\/\/altanea.holiday\/pl\/praktyczne-informacje\/lekarze-i-pierwsza-pomoc\/","url":"https:\/\/altanea.holiday\/pl\/praktyczne-informacje\/lekarze-i-pierwsza-pomoc\/","name":"Lekarze i pierwsza pomoc - Altanea PL","isPartOf":{"@id":"https:\/\/altanea.holiday\/pl\/#website"},"datePublished":"2018-09-29T18:55:11+00:00","dateModified":"2021-01-20T20:26:24+00:00","breadcrumb":{"@id":"https:\/\/altanea.holiday\/pl\/praktyczne-informacje\/lekarze-i-pierwsza-pomoc\/#breadcrumb"},"inLanguage":"pl-PL","potentialAction":[{"@type":"ReadAction","target":["https:\/\/altanea.holiday\/pl\/praktyczne-informacje\/lekarze-i-pierwsza-pomoc\/"]}]},{"@type":"BreadcrumbList","@id":"https:\/\/altanea.holiday\/pl\/praktyczne-informacje\/lekarze-i-pierwsza-pomoc\/#breadcrumb","itemListElement":[{"@type":"ListItem","position":1,"name":"Altanea.holiday","item":"https:\/\/altanea.holiday\/pl\/"},{"@type":"ListItem","position":2,"name":"Praktyczne informacje","item":"https:\/\/altanea.holiday\/pl\/praktyczne-informacje\/"},{"@type":"ListItem","position":3,"name":"Lekarze i pierwsza pomoc"}]},{"@type":"WebSite","@id":"https:\/\/altanea.holiday\/pl\/#website","url":"https:\/\/altanea.holiday\/pl\/","name":"Altanea PL","description":"Caorle - Lido di Altanea","potentialAction":[{"@type":"SearchAction","target":{"@type":"EntryPoint","urlTemplate":"https:\/\/altanea.holiday\/pl\/?s={search_term_string}"},"query-input":{"@type":"PropertyValueSpecification","valueRequired":true,"valueName":"search_term_string"}}],"inLanguage":"pl-PL"}]}},"_links":{"self":[{"href":"https:\/\/altanea.holiday\/pl\/wp-json\/wp\/v2\/pages\/54","targetHints":{"allow":["GET"]}}],"collection":[{"href":"https:\/\/altanea.holiday\/pl\/wp-json\/wp\/v2\/pages"}],"about":[{"href":"https:\/\/altanea.holiday\/pl\/wp-json\/wp\/v2\/types\/page"}],"author":[{"embeddable":true,"href":"https:\/\/altanea.holiday\/pl\/wp-json\/wp\/v2\/users\/1"}],"replies":[{"embeddable":true,"href":"https:\/\/altanea.holiday\/pl\/wp-json\/wp\/v2\/comments?post=54"}],"version-history":[{"count":12,"href":"https:\/\/altanea.holiday\/pl\/wp-json\/wp\/v2\/pages\/54\/revisions"}],"predecessor-version":[{"id":395413,"href":"https:\/\/altanea.holiday\/pl\/wp-json\/wp\/v2\/pages\/54\/revisions\/395413"}],"up":[{"embeddable":true,"href":"https:\/\/altanea.holiday\/pl\/wp-json\/wp\/v2\/pages\/48"}],"wp:attachment":[{"href":"https:\/\/altanea.holiday\/pl\/wp-json\/wp\/v2\/media?parent=54"}],"curies":[{"name":"wp","href":"https:\/\/api.w.org\/{rel}","templated":true}]}}