{"id":52,"date":"2018-09-29T20:54:15","date_gmt":"2018-09-29T18:54:15","guid":{"rendered":"https:\/\/multisite.altanea.holiday\/pl\/?page_id=52"},"modified":"2021-01-20T21:40:54","modified_gmt":"2021-01-20T20:40:54","slug":"sklepy-i-rynki","status":"publish","type":"page","link":"https:\/\/altanea.holiday\/pl\/praktyczne-informacje\/sklepy-i-rynki\/","title":{"rendered":"Sklepy i rynki"},"content":{"rendered":"<hr \/>\n<p>Bezpo\u015brednio w kurorcie Altanea znajdziesz pe\u0142n\u0105 gam\u0119 wszelkiego rodzaju sklep\u00f3w, w tym supermarket, sklepy z odzie\u017c\u0105, zabawkami, mod\u0105, restauracje, bary i lodziarnie itp. W bezpo\u015brednim s\u0105siedztwie Lido Altanea znajduje si\u0119 du\u017cy hipermarket (Aliper), w kt\u00f3rym mo\u017cna kupi\u0107 wszystkie artyku\u0142y spo\u017cywcze po okazyjnych cenach. Inne supermarkety i lokale rozrywkowe znajduj\u0105 si\u0119 w historycznym centrum Caorle (ok. 5km).<\/p>\n<p><strong>Tutaj znajduje si\u0119 lista tygodniowych rynk\u00f3w w okolicy:<\/strong><\/p>\n<table style=\"height: 455px;\" border=\"1\" width=\"539\">\n<tbody>\n<tr>\n<td>Poniedzia\u0142ek<\/td>\n<td style=\"padding-left: 30px;\">San Dona di Piave<br \/>\nLignano Concordia<br \/>\nSagittaria<\/td>\n<\/tr>\n<tr>\n<td>Wtorek<\/td>\n<td style=\"padding-left: 30px;\">Eraclea<br \/>\nBibione<br \/>\nCavallino<br \/>\nP.S. Margherita (ve\u010dern\u00ed cca 20:30 &#8211; 23:00)<\/td>\n<\/tr>\n<tr>\n<td>\u015aroda<\/td>\n<td style=\"padding-left: 30px;\">Latisana<br \/>\nDuna Verde<br \/>\nEraclea Mare (ve\u010dern\u00ed cca 20:30 &#8211; 23:00)<\/td>\n<\/tr>\n<tr>\n<td>Czwartek<\/td>\n<td style=\"padding-left: 30px;\">Portogruaro<br \/>\nCortelazzo<\/td>\n<\/tr>\n<tr>\n<td>Pi\u0105tek<\/td>\n<td style=\"padding-left: 30px;\">Jesolo (m\u011bsto)<\/td>\n<\/tr>\n<tr>\n<td>Sobota<\/td>\n<td style=\"padding-left: 30px;\">Caorle<br \/>\nSan Stino di Livenza<\/td>\n<\/tr>\n<tr>\n<td>Niedziela<\/td>\n<td style=\"padding-left: 30px;\">Torre di Fine<br \/>\nVenezia<\/td>\n<\/tr>\n<\/tbody>\n<\/table>\n<p>&nbsp;<\/p>\n<p>Targi w Caorle odbywaj\u0105 si\u0119 przez ca\u0142y rok w ka\u017cd\u0105 sobot\u0119 rano na Via Aldo Moro. W Porto Santa Margherita mo\u017cna je znale\u017a\u0107 na Via Pigafetta w ka\u017cdy wtorek wieczorem i na Duna Verde na Piazzale Madoneta w ka\u017cd\u0105 \u015brod\u0119 &#8211; ale targi te odbywaj\u0105 si\u0119 tylko w sezonie letnim, od 15 maja do 15 wrze\u015bnia. W Bibione targ jest otwarty kilka razy w tygodniu, we wtorki, pi\u0105tki i soboty od 08:00 do 13:00. To przede wszystkim znany targ rybny. W Concordii mo\u017cna odwiedza\u0107 targ przy Via Antonio Vivaldi w ka\u017cdy poniedzia\u0142ek od 08:00 do 14:00.<\/p>\n","protected":false},"excerpt":{"rendered":"<p>Bezpo\u015brednio w kurorcie Altanea znajdziesz pe\u0142n\u0105 gam\u0119 wszelkiego rodzaju sklep\u00f3w, w tym supermarket, sklepy z odzie\u017c\u0105, zabawkami, mod\u0105, restauracje, bary i lodziarnie itp. W bezpo\u015brednim s\u0105siedztwie Lido Altanea znajduje si\u0119 du\u017cy hipermarket (Aliper), w kt\u00f3rym mo\u017cna kupi\u0107 wszystkie artyku\u0142y spo\u017cywcze po okazyjnych cenach. Inne supermarkety i lokale rozrywkowe znajduj\u0105 si\u0119 w historycznym centrum Caorle (ok&#8230;.<\/p>\n","protected":false},"author":1,"featured_media":0,"parent":48,"menu_order":20,"comment_status":"closed","ping_status":"closed","template":"","meta":{"footnotes":""},"class_list":["post-52","page","type-page","status-publish","hentry"],"yoast_head":"<!-- This site is optimized with the Yoast SEO plugin v25.2 - https:\/\/yoast.com\/wordpress\/plugins\/seo\/ -->\n<title>Sklepy i rynki - Altanea PL<\/title>\n<meta name=\"robots\" content=\"index, follow, max-snippet:-1, max-image-preview:large, max-video-preview:-1\" \/>\n<link rel=\"canonical\" href=\"https:\/\/altanea.holiday\/pl\/praktyczne-informacje\/sklepy-i-rynki\/\" \/>\n<meta property=\"og:locale\" content=\"pl_PL\" \/>\n<meta property=\"og:type\" content=\"article\" \/>\n<meta property=\"og:title\" content=\"Sklepy i rynki - Altanea PL\" \/>\n<meta property=\"og:description\" content=\"Bezpo\u015brednio w kurorcie Altanea znajdziesz pe\u0142n\u0105 gam\u0119 wszelkiego rodzaju sklep\u00f3w, w tym supermarket, sklepy z odzie\u017c\u0105, zabawkami, mod\u0105, restauracje, bary i lodziarnie itp. W bezpo\u015brednim s\u0105siedztwie Lido Altanea znajduje si\u0119 du\u017cy hipermarket (Aliper), w kt\u00f3rym mo\u017cna kupi\u0107 wszystkie artyku\u0142y spo\u017cywcze po okazyjnych cenach. Inne supermarkety i lokale rozrywkowe znajduj\u0105 si\u0119 w historycznym centrum Caorle (ok....\" \/>\n<meta property=\"og:url\" content=\"https:\/\/altanea.holiday\/pl\/praktyczne-informacje\/sklepy-i-rynki\/\" \/>\n<meta property=\"og:site_name\" content=\"Altanea PL\" \/>\n<meta property=\"article:modified_time\" content=\"2021-01-20T20:40:54+00:00\" \/>\n<meta name=\"twitter:card\" content=\"summary_large_image\" \/>\n<meta name=\"twitter:label1\" content=\"Szacowany czas czytania\" \/>\n\t<meta name=\"twitter:data1\" content=\"1 minuta\" \/>\n<script type=\"application\/ld+json\" class=\"yoast-schema-graph\">{\"@context\":\"https:\/\/schema.org\",\"@graph\":[{\"@type\":\"WebPage\",\"@id\":\"https:\/\/altanea.holiday\/pl\/praktyczne-informacje\/sklepy-i-rynki\/\",\"url\":\"https:\/\/altanea.holiday\/pl\/praktyczne-informacje\/sklepy-i-rynki\/\",\"name\":\"Sklepy i rynki - Altanea PL\",\"isPartOf\":{\"@id\":\"https:\/\/altanea.holiday\/pl\/#website\"},\"datePublished\":\"2018-09-29T18:54:15+00:00\",\"dateModified\":\"2021-01-20T20:40:54+00:00\",\"breadcrumb\":{\"@id\":\"https:\/\/altanea.holiday\/pl\/praktyczne-informacje\/sklepy-i-rynki\/#breadcrumb\"},\"inLanguage\":\"pl-PL\",\"potentialAction\":[{\"@type\":\"ReadAction\",\"target\":[\"https:\/\/altanea.holiday\/pl\/praktyczne-informacje\/sklepy-i-rynki\/\"]}]},{\"@type\":\"BreadcrumbList\",\"@id\":\"https:\/\/altanea.holiday\/pl\/praktyczne-informacje\/sklepy-i-rynki\/#breadcrumb\",\"itemListElement\":[{\"@type\":\"ListItem\",\"position\":1,\"name\":\"Altanea.holiday\",\"item\":\"https:\/\/altanea.holiday\/pl\/\"},{\"@type\":\"ListItem\",\"position\":2,\"name\":\"Praktyczne informacje\",\"item\":\"https:\/\/altanea.holiday\/pl\/praktyczne-informacje\/\"},{\"@type\":\"ListItem\",\"position\":3,\"name\":\"Sklepy i rynki\"}]},{\"@type\":\"WebSite\",\"@id\":\"https:\/\/altanea.holiday\/pl\/#website\",\"url\":\"https:\/\/altanea.holiday\/pl\/\",\"name\":\"Altanea PL\",\"description\":\"Caorle - Lido di Altanea\",\"potentialAction\":[{\"@type\":\"SearchAction\",\"target\":{\"@type\":\"EntryPoint\",\"urlTemplate\":\"https:\/\/altanea.holiday\/pl\/?s={search_term_string}\"},\"query-input\":{\"@type\":\"PropertyValueSpecification\",\"valueRequired\":true,\"valueName\":\"search_term_string\"}}],\"inLanguage\":\"pl-PL\"}]}<\/script>\n<!-- \/ Yoast SEO plugin. -->","yoast_head_json":{"title":"Sklepy i rynki - Altanea PL","robots":{"index":"index","follow":"follow","max-snippet":"max-snippet:-1","max-image-preview":"max-image-preview:large","max-video-preview":"max-video-preview:-1"},"canonical":"https:\/\/altanea.holiday\/pl\/praktyczne-informacje\/sklepy-i-rynki\/","og_locale":"pl_PL","og_type":"article","og_title":"Sklepy i rynki - Altanea PL","og_description":"Bezpo\u015brednio w kurorcie Altanea znajdziesz pe\u0142n\u0105 gam\u0119 wszelkiego rodzaju sklep\u00f3w, w tym supermarket, sklepy z odzie\u017c\u0105, zabawkami, mod\u0105, restauracje, bary i lodziarnie itp. W bezpo\u015brednim s\u0105siedztwie Lido Altanea znajduje si\u0119 du\u017cy hipermarket (Aliper), w kt\u00f3rym mo\u017cna kupi\u0107 wszystkie artyku\u0142y spo\u017cywcze po okazyjnych cenach. Inne supermarkety i lokale rozrywkowe znajduj\u0105 si\u0119 w historycznym centrum Caorle (ok....","og_url":"https:\/\/altanea.holiday\/pl\/praktyczne-informacje\/sklepy-i-rynki\/","og_site_name":"Altanea PL","article_modified_time":"2021-01-20T20:40:54+00:00","twitter_card":"summary_large_image","twitter_misc":{"Szacowany czas czytania":"1 minuta"},"schema":{"@context":"https:\/\/schema.org","@graph":[{"@type":"WebPage","@id":"https:\/\/altanea.holiday\/pl\/praktyczne-informacje\/sklepy-i-rynki\/","url":"https:\/\/altanea.holiday\/pl\/praktyczne-informacje\/sklepy-i-rynki\/","name":"Sklepy i rynki - Altanea PL","isPartOf":{"@id":"https:\/\/altanea.holiday\/pl\/#website"},"datePublished":"2018-09-29T18:54:15+00:00","dateModified":"2021-01-20T20:40:54+00:00","breadcrumb":{"@id":"https:\/\/altanea.holiday\/pl\/praktyczne-informacje\/sklepy-i-rynki\/#breadcrumb"},"inLanguage":"pl-PL","potentialAction":[{"@type":"ReadAction","target":["https:\/\/altanea.holiday\/pl\/praktyczne-informacje\/sklepy-i-rynki\/"]}]},{"@type":"BreadcrumbList","@id":"https:\/\/altanea.holiday\/pl\/praktyczne-informacje\/sklepy-i-rynki\/#breadcrumb","itemListElement":[{"@type":"ListItem","position":1,"name":"Altanea.holiday","item":"https:\/\/altanea.holiday\/pl\/"},{"@type":"ListItem","position":2,"name":"Praktyczne informacje","item":"https:\/\/altanea.holiday\/pl\/praktyczne-informacje\/"},{"@type":"ListItem","position":3,"name":"Sklepy i rynki"}]},{"@type":"WebSite","@id":"https:\/\/altanea.holiday\/pl\/#website","url":"https:\/\/altanea.holiday\/pl\/","name":"Altanea PL","description":"Caorle - Lido di Altanea","potentialAction":[{"@type":"SearchAction","target":{"@type":"EntryPoint","urlTemplate":"https:\/\/altanea.holiday\/pl\/?s={search_term_string}"},"query-input":{"@type":"PropertyValueSpecification","valueRequired":true,"valueName":"search_term_string"}}],"inLanguage":"pl-PL"}]}},"_links":{"self":[{"href":"https:\/\/altanea.holiday\/pl\/wp-json\/wp\/v2\/pages\/52","targetHints":{"allow":["GET"]}}],"collection":[{"href":"https:\/\/altanea.holiday\/pl\/wp-json\/wp\/v2\/pages"}],"about":[{"href":"https:\/\/altanea.holiday\/pl\/wp-json\/wp\/v2\/types\/page"}],"author":[{"embeddable":true,"href":"https:\/\/altanea.holiday\/pl\/wp-json\/wp\/v2\/users\/1"}],"replies":[{"embeddable":true,"href":"https:\/\/altanea.holiday\/pl\/wp-json\/wp\/v2\/comments?post=52"}],"version-history":[{"count":4,"href":"https:\/\/altanea.holiday\/pl\/wp-json\/wp\/v2\/pages\/52\/revisions"}],"predecessor-version":[{"id":395419,"href":"https:\/\/altanea.holiday\/pl\/wp-json\/wp\/v2\/pages\/52\/revisions\/395419"}],"up":[{"embeddable":true,"href":"https:\/\/altanea.holiday\/pl\/wp-json\/wp\/v2\/pages\/48"}],"wp:attachment":[{"href":"https:\/\/altanea.holiday\/pl\/wp-json\/wp\/v2\/media?parent=52"}],"curies":[{"name":"wp","href":"https:\/\/api.w.org\/{rel}","templated":true}]}}