{"id":36,"date":"2018-09-29T20:44:51","date_gmt":"2018-09-29T18:44:51","guid":{"rendered":"https:\/\/multisite.altanea.holiday\/pl\/?page_id=36"},"modified":"2021-01-20T21:53:21","modified_gmt":"2021-01-20T20:53:21","slug":"kontakt","status":"publish","type":"page","link":"https:\/\/altanea.holiday\/pl\/kontakt\/","title":{"rendered":"Kontakt"},"content":{"rendered":"<hr \/>\n<p><strong>Biuro Podr\u00f3\u017cy Italieonline<\/strong><\/p>\n<p>Biuro podr\u00f3\u017cy Italieonline s.r.o., z siedzib\u0105 pod adresem Bryksova 757, 198 00 Praga 9, jest zarejestrowane w S\u0105dzie Miejskim w Pradze, sekcja C, 118991, numer REGON: 27614140, numer identyfikacji podatkowej: CZ27614140<\/p>\n<table style=\"height: 380px;\" width=\"523\">\n<tbody>\n<tr>\n<td><strong>Firma<\/strong><\/td>\n<td>Italieonline s.r.o.<\/td>\n<\/tr>\n<tr>\n<td><strong>Siedziba<\/strong><\/td>\n<td>Bryksova 757,<br \/>\n198 00 Praha 9 &#8211; \u010cern\u00fd Most (<span style=\"color: #3366ff;\"><a style=\"color: #3366ff;\" href=\"http:\/\/www.mapy.cz\/#z=15&amp;q=italieonline&amp;qp=14.562326_50.102555_14.583849_50.111879_15&amp;t=s&amp;x=14.580526&amp;y=50.108063&amp;d=firm_1279210_1\" target=\"_blank\" rel=\"noopener noreferrer\">mapa<\/a><\/span>)<\/td>\n<\/tr>\n<tr>\n<td><strong>Regon<\/strong><\/td>\n<td>276 141 40<\/td>\n<\/tr>\n<tr>\n<td><strong>Telefon CZ<\/strong><\/td>\n<td>284 811 218,\u00a0284 811 219,\u00a0284 811 220<br \/>\n778 545 418, 778 545 419<\/td>\n<\/tr>\n<tr>\n<td><strong>Telefon\u00a0SK<\/strong><\/td>\n<td>+421 233 006 523<\/td>\n<\/tr>\n<tr>\n<td><strong>Telefon\u00a0PL<\/strong><\/td>\n<td>+48 223 987 493<\/td>\n<\/tr>\n<tr>\n<td><strong>Telefon\u00a0IT<\/strong><\/td>\n<td>+39 0431 980 001<\/td>\n<\/tr>\n<tr>\n<td><strong>Fax<\/strong><\/td>\n<td>+420 284 811 210<\/td>\n<\/tr>\n<tr>\n<td><strong>Skype<\/strong><\/td>\n<td><span style=\"color: #3366ff;\"><a style=\"color: #3366ff;\" href=\"callto:\/\/Italieonline-office\">Italieonline-office<\/a><\/span><\/td>\n<\/tr>\n<tr>\n<td><strong>E-mail<\/strong><\/td>\n<td><span style=\"color: #3366ff;\"><a style=\"color: #3366ff;\" href=\"mailto:info@italieonline.eu\">info@italieonline.eu<\/a><\/span><\/td>\n<\/tr>\n<\/tbody>\n<\/table>\n<hr \/>\n<p><strong>Biuro czynne w godzinach<\/strong><\/p>\n<p>Chcesz osobi\u015bcie poradzi\u0107 si\u0119 i wybra\u0107 wakacje w naszym biurze? Z przyjemno\u015bci\u0105 powitamy Pa\u0144stwa w naszym biurze pod adresem Bryksova 757, Praga 9 &#8211; \u010cern\u00fd Most (ostatnia linia metra B) w podanych poni\u017cej dniach i godzinach:<\/p>\n<table style=\"height: 280px;\" width=\"315\">\n<tbody>\n<tr>\n<td><strong>Poniedzia\u0142ek:<\/strong><\/td>\n<td>8,30 &#8211; 17,00<\/td>\n<\/tr>\n<tr>\n<td><strong>Wtorek:<\/strong><\/td>\n<td>8,30 &#8211; 17,00<\/td>\n<\/tr>\n<tr>\n<td><strong>\u015aroda:<\/strong><\/td>\n<td>8,30 &#8211; 17,00<\/td>\n<\/tr>\n<tr>\n<td><strong>Czwartek:<\/strong><\/td>\n<td>8,30 &#8211; 17,00<\/td>\n<\/tr>\n<tr>\n<td><strong>Pi\u0105tek:<\/strong><\/td>\n<td>8,30 &#8211; 17,00<\/td>\n<\/tr>\n<tr>\n<td><strong>Sobota<\/strong><\/td>\n<td>zamkni\u0119te<\/td>\n<\/tr>\n<tr>\n<td><strong>Ned\u011ble<\/strong><\/td>\n<td>zamkni\u0119te<\/td>\n<\/tr>\n<\/tbody>\n<\/table>\n<hr \/>\n<p><strong>Godziny otwarcia callcentra:<\/strong><\/p>\n<p>Potrzebujecie uzyska\u0107 porad\u0119 na temat wakacji, odpowied\u017a na konkretne pytanie, czy potwierdzenie rezerwacji? Nasi operatorzy s\u0105 do Waszej dyspozycji w podanych poni\u017cej dniach, godzinach oraz pod nast\u0119puj\u0105cymi numerami telefon\u00f3w:<\/p>\n<table style=\"height: 280px;\" width=\"315\">\n<tbody>\n<tr>\n<td><strong>Poniedzia\u0142ek:<\/strong><\/td>\n<td>8,30 &#8211; 18,30<\/td>\n<\/tr>\n<tr>\n<td><strong>Wtorek:<\/strong><\/td>\n<td>8,30 &#8211; 18,30<\/td>\n<\/tr>\n<tr>\n<td><strong>\u015aroda:<\/strong><\/td>\n<td>8,30 &#8211; 18,30<\/td>\n<\/tr>\n<tr>\n<td><strong>Czwartek:<\/strong><\/td>\n<td>8,30 &#8211; 18,30<\/td>\n<\/tr>\n<tr>\n<td><strong>Pi\u0105tek:<\/strong><\/td>\n<td>8,30 &#8211; 18,30<\/td>\n<\/tr>\n<tr>\n<td><strong>Sobota<\/strong><\/td>\n<td>9,00 &#8211; 17,00<\/td>\n<\/tr>\n<tr>\n<td><strong>Ned\u011ble<\/strong><\/td>\n<td>zamkni\u0119te<\/td>\n<\/tr>\n<\/tbody>\n<\/table>\n<p>&nbsp;<\/p>\n","protected":false},"excerpt":{"rendered":"<p>Biuro Podr\u00f3\u017cy Italieonline Biuro podr\u00f3\u017cy Italieonline s.r.o., z siedzib\u0105 pod adresem Bryksova 757, 198 00 Praga 9, jest zarejestrowane w S\u0105dzie Miejskim w Pradze, sekcja C, 118991, numer REGON: 27614140, numer identyfikacji podatkowej: CZ27614140 Firma Italieonline s.r.o. Siedziba Bryksova 757, 198 00 Praha 9 &#8211; \u010cern\u00fd Most (mapa) Regon 276 141 40 Telefon CZ 284&#8230;<\/p>\n","protected":false},"author":1,"featured_media":0,"parent":0,"menu_order":10,"comment_status":"closed","ping_status":"closed","template":"","meta":{"footnotes":""},"class_list":["post-36","page","type-page","status-publish","hentry"],"yoast_head":"<!-- This site is optimized with the Yoast SEO plugin v25.2 - https:\/\/yoast.com\/wordpress\/plugins\/seo\/ -->\n<title>Kontakt - Altanea PL<\/title>\n<meta name=\"robots\" content=\"index, follow, max-snippet:-1, max-image-preview:large, max-video-preview:-1\" \/>\n<link rel=\"canonical\" href=\"https:\/\/altanea.holiday\/pl\/kontakt\/\" \/>\n<meta property=\"og:locale\" content=\"pl_PL\" \/>\n<meta property=\"og:type\" content=\"article\" \/>\n<meta property=\"og:title\" content=\"Kontakt - Altanea PL\" \/>\n<meta property=\"og:description\" content=\"Biuro Podr\u00f3\u017cy Italieonline Biuro podr\u00f3\u017cy Italieonline s.r.o., z siedzib\u0105 pod adresem Bryksova 757, 198 00 Praga 9, jest zarejestrowane w S\u0105dzie Miejskim w Pradze, sekcja C, 118991, numer REGON: 27614140, numer identyfikacji podatkowej: CZ27614140 Firma Italieonline s.r.o. Siedziba Bryksova 757, 198 00 Praha 9 &#8211; \u010cern\u00fd Most (mapa) Regon 276 141 40 Telefon CZ 284...\" \/>\n<meta property=\"og:url\" content=\"https:\/\/altanea.holiday\/pl\/kontakt\/\" \/>\n<meta property=\"og:site_name\" content=\"Altanea PL\" \/>\n<meta property=\"article:modified_time\" content=\"2021-01-20T20:53:21+00:00\" \/>\n<meta name=\"twitter:card\" content=\"summary_large_image\" \/>\n<meta name=\"twitter:label1\" content=\"Szacowany czas czytania\" \/>\n\t<meta name=\"twitter:data1\" content=\"1 minuta\" \/>\n<script type=\"application\/ld+json\" class=\"yoast-schema-graph\">{\"@context\":\"https:\/\/schema.org\",\"@graph\":[{\"@type\":\"WebPage\",\"@id\":\"https:\/\/altanea.holiday\/pl\/kontakt\/\",\"url\":\"https:\/\/altanea.holiday\/pl\/kontakt\/\",\"name\":\"Kontakt - Altanea PL\",\"isPartOf\":{\"@id\":\"https:\/\/altanea.holiday\/pl\/#website\"},\"datePublished\":\"2018-09-29T18:44:51+00:00\",\"dateModified\":\"2021-01-20T20:53:21+00:00\",\"breadcrumb\":{\"@id\":\"https:\/\/altanea.holiday\/pl\/kontakt\/#breadcrumb\"},\"inLanguage\":\"pl-PL\",\"potentialAction\":[{\"@type\":\"ReadAction\",\"target\":[\"https:\/\/altanea.holiday\/pl\/kontakt\/\"]}]},{\"@type\":\"BreadcrumbList\",\"@id\":\"https:\/\/altanea.holiday\/pl\/kontakt\/#breadcrumb\",\"itemListElement\":[{\"@type\":\"ListItem\",\"position\":1,\"name\":\"Altanea.holiday\",\"item\":\"https:\/\/altanea.holiday\/pl\/\"},{\"@type\":\"ListItem\",\"position\":2,\"name\":\"Kontakt\"}]},{\"@type\":\"WebSite\",\"@id\":\"https:\/\/altanea.holiday\/pl\/#website\",\"url\":\"https:\/\/altanea.holiday\/pl\/\",\"name\":\"Altanea PL\",\"description\":\"Caorle - Lido di Altanea\",\"potentialAction\":[{\"@type\":\"SearchAction\",\"target\":{\"@type\":\"EntryPoint\",\"urlTemplate\":\"https:\/\/altanea.holiday\/pl\/?s={search_term_string}\"},\"query-input\":{\"@type\":\"PropertyValueSpecification\",\"valueRequired\":true,\"valueName\":\"search_term_string\"}}],\"inLanguage\":\"pl-PL\"}]}<\/script>\n<!-- \/ Yoast SEO plugin. -->","yoast_head_json":{"title":"Kontakt - Altanea PL","robots":{"index":"index","follow":"follow","max-snippet":"max-snippet:-1","max-image-preview":"max-image-preview:large","max-video-preview":"max-video-preview:-1"},"canonical":"https:\/\/altanea.holiday\/pl\/kontakt\/","og_locale":"pl_PL","og_type":"article","og_title":"Kontakt - Altanea PL","og_description":"Biuro Podr\u00f3\u017cy Italieonline Biuro podr\u00f3\u017cy Italieonline s.r.o., z siedzib\u0105 pod adresem Bryksova 757, 198 00 Praga 9, jest zarejestrowane w S\u0105dzie Miejskim w Pradze, sekcja C, 118991, numer REGON: 27614140, numer identyfikacji podatkowej: CZ27614140 Firma Italieonline s.r.o. Siedziba Bryksova 757, 198 00 Praha 9 &#8211; \u010cern\u00fd Most (mapa) Regon 276 141 40 Telefon CZ 284...","og_url":"https:\/\/altanea.holiday\/pl\/kontakt\/","og_site_name":"Altanea PL","article_modified_time":"2021-01-20T20:53:21+00:00","twitter_card":"summary_large_image","twitter_misc":{"Szacowany czas czytania":"1 minuta"},"schema":{"@context":"https:\/\/schema.org","@graph":[{"@type":"WebPage","@id":"https:\/\/altanea.holiday\/pl\/kontakt\/","url":"https:\/\/altanea.holiday\/pl\/kontakt\/","name":"Kontakt - Altanea PL","isPartOf":{"@id":"https:\/\/altanea.holiday\/pl\/#website"},"datePublished":"2018-09-29T18:44:51+00:00","dateModified":"2021-01-20T20:53:21+00:00","breadcrumb":{"@id":"https:\/\/altanea.holiday\/pl\/kontakt\/#breadcrumb"},"inLanguage":"pl-PL","potentialAction":[{"@type":"ReadAction","target":["https:\/\/altanea.holiday\/pl\/kontakt\/"]}]},{"@type":"BreadcrumbList","@id":"https:\/\/altanea.holiday\/pl\/kontakt\/#breadcrumb","itemListElement":[{"@type":"ListItem","position":1,"name":"Altanea.holiday","item":"https:\/\/altanea.holiday\/pl\/"},{"@type":"ListItem","position":2,"name":"Kontakt"}]},{"@type":"WebSite","@id":"https:\/\/altanea.holiday\/pl\/#website","url":"https:\/\/altanea.holiday\/pl\/","name":"Altanea PL","description":"Caorle - Lido di Altanea","potentialAction":[{"@type":"SearchAction","target":{"@type":"EntryPoint","urlTemplate":"https:\/\/altanea.holiday\/pl\/?s={search_term_string}"},"query-input":{"@type":"PropertyValueSpecification","valueRequired":true,"valueName":"search_term_string"}}],"inLanguage":"pl-PL"}]}},"_links":{"self":[{"href":"https:\/\/altanea.holiday\/pl\/wp-json\/wp\/v2\/pages\/36","targetHints":{"allow":["GET"]}}],"collection":[{"href":"https:\/\/altanea.holiday\/pl\/wp-json\/wp\/v2\/pages"}],"about":[{"href":"https:\/\/altanea.holiday\/pl\/wp-json\/wp\/v2\/types\/page"}],"author":[{"embeddable":true,"href":"https:\/\/altanea.holiday\/pl\/wp-json\/wp\/v2\/users\/1"}],"replies":[{"embeddable":true,"href":"https:\/\/altanea.holiday\/pl\/wp-json\/wp\/v2\/comments?post=36"}],"version-history":[{"count":3,"href":"https:\/\/altanea.holiday\/pl\/wp-json\/wp\/v2\/pages\/36\/revisions"}],"predecessor-version":[{"id":395421,"href":"https:\/\/altanea.holiday\/pl\/wp-json\/wp\/v2\/pages\/36\/revisions\/395421"}],"wp:attachment":[{"href":"https:\/\/altanea.holiday\/pl\/wp-json\/wp\/v2\/media?parent=36"}],"curies":[{"name":"wp","href":"https:\/\/api.w.org\/{rel}","templated":true}]}}