{"id":52,"date":"2018-09-17T22:00:30","date_gmt":"2018-09-17T20:00:30","guid":{"rendered":"https:\/\/multisite.altanea.holiday\/en\/?page_id=52"},"modified":"2018-09-17T22:00:30","modified_gmt":"2018-09-17T20:00:30","slug":"doctors-and-first-aid","status":"publish","type":"page","link":"https:\/\/altanea.holiday\/en\/practical-info\/doctors-and-first-aid\/","title":{"rendered":"Doctors and first aid"},"content":{"rendered":"<hr \/>\n<p><strong><br \/>\n<\/strong><strong><em>\u010c\u00edslo na z\u00e1chrannou slu\u017ebu v\u00a0It\u00e1lii je 118 &#8211; volejte v p\u0159\u00edpad\u011b urgentn\u00edch z\u00e1le\u017eitost\u00ed.<\/em><\/strong><\/p>\n<hr \/>\n<p><strong>B\u011b\u017en\u00fd l\u00e9ka\u0159 pro turisty:<\/strong><\/p>\n<p>P\u0159\u00edmo v budov\u011b residence Le Farnie je k dispozici l\u00e9ka\u0159sk\u00e1 slu\u017eba &#8211; ka\u017ed\u00fd den od 10 do 12 hod. a od 16 do 18 hodin. Mimo tyto hodiny se m\u016f\u017eete na l\u00e9ka\u0159e obr\u00e1tit telefonicky &#8211; \u010d\u00edslo mobiln\u00edho telefonu je uvedeno na dve\u0159\u00edch ordinace.<\/p>\n<p>P\u0159\u00edpadn\u011b se m\u016f\u017eete obr\u00e1tit i na l\u00e9ka\u0159e v\u00a0Caorle, kte\u0159\u00ed se specializuj\u00ed na o\u0161et\u0159en\u00ed pro turisty. Najdete je na adrese Riva dei Bragozzi, 138 a telefonick\u00e9 spojen\u00ed, kter\u00e9 m\u016f\u017eete pou\u017e\u00edt, je +39 0421 219847. V\u00a0sez\u00f3n\u011b (1. \u010dervna \u2013 31. srpna) maj\u00ed n\u00e1sleduj\u00edc\u00ed otev\u00edrac\u00ed dobu:<\/p>\n<p><strong>V\u0161edn\u00ed dny<\/strong>: 18:00 \u2013 20:00<br \/>\n<strong>V\u00edkendy, st\u00e1tn\u00ed sv\u00e1tky<\/strong>: 8:00 \u2013 12:00, 17:30 \u2013 20:00<\/p>\n<hr \/>\n<p><strong>Pohotovostn\u00ed o\u0161et\u0159en\u00ed:<\/strong><\/p>\n<p>Pro akutn\u00ed o\u0161et\u0159en\u00ed se obracejte na doktora Capasso Cosimo, kter\u00fd s\u00eddl\u00ed v\u00a0Caorle na adrese Via Marconi, 38. V\u00a0p\u0159\u00edpad\u011b dotaz\u016f nebo ov\u011b\u0159en\u00ed ordina\u010dn\u00ed doby volejte +39 0421 212337.<\/p>\n<p>Od 1. kv\u011btna do 29. kv\u011btna:<\/p>\n<table style=\"height: 100px;\" border=\"1\" width=\"615\">\n<tbody>\n<tr>\n<td>pond\u011bl\u00ed a \u010dtvrtek:<\/td>\n<td style=\"text-align: center;\">10:00 \u2013 13:00<\/td>\n<td style=\"text-align: center;\">17:00 \u2013 19:00<\/td>\n<td style=\"text-align: center;\"><em>15:00 \u2013 16:00*<\/em><\/td>\n<\/tr>\n<tr>\n<td>\u00fater\u00fd a p\u00e1tek:<\/td>\n<td style=\"text-align: center;\">10:00 \u2013 13:00<\/td>\n<td><\/td>\n<td style=\"text-align: center;\"><em>15:00 \u2013 16:00**<\/em><\/td>\n<\/tr>\n<tr>\n<td>st\u0159eda:<\/td>\n<td style=\"text-align: center;\">10:00 \u2013 13:00<\/td>\n<td><\/td>\n<td><\/td>\n<\/tr>\n<\/tbody>\n<\/table>\n<p>&nbsp;<\/p>\n<p>* (<em>na adrese Porto S. Margherita, Corso Genova 34, tel. <\/em>+39 <em>346 1475270<\/em>)<br \/>\n** <em>(na adrese Castello di Brussa, Strada Villaviera, 87, tel. <\/em>+39<em> 346 1475270<\/em>)<\/p>\n<p>Od 1. \u010dervna do 31. srpna:<\/p>\n<table style=\"height: 187px;\" border=\"1\" width=\"773\">\n<tbody>\n<tr>\n<td>pond\u011bl\u00ed, st\u0159eda, \u010dtvrtek:<\/td>\n<td style=\"text-align: center;\">10:00 \u2013 12:30<\/td>\n<td style=\"text-align: center;\">16:30 \u2013 19:00<\/td>\n<td style=\"text-align: center;\"><em>15:00 \u2013 16:00*<\/em><\/td>\n<\/tr>\n<tr>\n<td>\u00fater\u00fd a p\u00e1tek:<\/td>\n<td style=\"text-align: center;\">10:00 \u2013 12:30<\/td>\n<td style=\"text-align: center;\">\u00a018:00 \u2013 19:30<\/td>\n<td style=\"text-align: center;\"><em>15:00 \u2013 16:00** 16:30 \u2013 17:30*<\/em><\/td>\n<\/tr>\n<tr>\n<td>sobota:<\/td>\n<td style=\"text-align: center;\">9:00 \u2013 11:30<\/td>\n<td style=\"text-align: center;\">16:30 \u2013 19:00<\/td>\n<td style=\"text-align: center;\"><\/td>\n<\/tr>\n<tr>\n<td>ned\u011ble:<\/td>\n<td style=\"text-align: center;\">10:00 \u2013 12:30<\/td>\n<td style=\"text-align: center;\">\u00a016:30 \u2013 19:00<\/td>\n<td><\/td>\n<\/tr>\n<\/tbody>\n<\/table>\n<p>&nbsp;<\/p>\n<p>* (<em>na adrese Porto S. Margherita, Corso Genova 34, tel. <\/em>+39 <em>346 1475270<\/em>)<br \/>\n** <em>(na adrese Castello di Brussa, Strada Villaviera, 87, tel. <\/em>+39 <em>346 1475270<\/em>)<\/p>\n<p>V\u00a0dob\u011b od 15. kv\u011btna do 20. srpna se m\u016f\u017eete nav\u00edc obracet i na doktora Striuli Giovanni, kter\u00fd ordinuje v\u00a0Caorle v\u00a0ulici Viale S. Margherita 77. Dovolat se mu m\u016f\u017eete na telefonu 0421 81876. Nav\u0161t\u011bvujte ho v\u00a0n\u00e1sleduj\u00edc\u00edch hodin\u00e1ch:<\/p>\n<table style=\"height: 97px;\" border=\"1\" width=\"405\">\n<tbody>\n<tr>\n<td>pond\u011bl\u00ed:<\/td>\n<td style=\"text-align: center;\">8:30 \u2013 11:00*<\/td>\n<td style=\"text-align: center;\">17:00 \u2013 19:00<\/td>\n<\/tr>\n<tr>\n<td>\u00fater\u00fd:<\/td>\n<td style=\"text-align: center;\"><\/td>\n<td style=\"text-align: center;\">\u00a016:00 \u2013 19:00<\/td>\n<\/tr>\n<tr>\n<td>st\u0159eda:<\/td>\n<td style=\"text-align: center;\">8:30 \u2013 11:00<\/td>\n<td style=\"text-align: center;\">\u00a016:00 \u2013 17:30<\/td>\n<\/tr>\n<tr>\n<td>\u010dtvrtek:<\/td>\n<td style=\"text-align: center;\">8:30 \u2013 10:30*<\/td>\n<td style=\"text-align: center;\"><\/td>\n<\/tr>\n<tr>\n<td>p\u00e1tek:<\/td>\n<td style=\"text-align: center;\">9:00 \u2013 11:00<\/td>\n<td style=\"text-align: center;\">15:30 \u2013 18:00<\/td>\n<\/tr>\n<\/tbody>\n<\/table>\n<p>&nbsp;<\/p>\n<p>* <em>(na adrese Caorle, Via dei Licovi, 7, telefon: <\/em>+39 <em>0421 81436)<\/em><\/p>\n<p>No\u010dn\u00ed pohotovost funguje v\u00a0Caorle ka\u017ed\u00fd den od 20:00 do 8:00. Pot\u0159ebujete-li se v\u00a0noci informovat o nutnosti o\u0161et\u0159en\u00ed a podobn\u011b, m\u016f\u017eete se na pohotovost dovolat na \u010d\u00edsle +39 0421 484550.<\/p>\n<hr \/>\n<p><strong>Pediatr:<\/strong><\/p>\n<p>Pediatra naleznete v\u00a0Caorle tak\u00e9, ordinuje v\u00a0ulici Calle Gallo, 2. Dovol\u00e1te se k\u00a0n\u011bmu na telefonu +39 0422 769844 a jeho ordina\u010dn\u00ed hodiny jsou:<\/p>\n<p><strong>pond\u011bl\u00ed a st\u0159eda<\/strong>: 09:30 \u2013 11:30<br \/>\n<strong>p\u00e1tek<\/strong>: 14:00 \u2013 16:00<\/p>\n<p>U pediatra doporu\u010dujeme nejd\u0159\u00edve volat, proto\u017ee nen\u00ed pohotovostn\u00ed ani se nespecializuje na pr\u00e1ci s\u00a0turisty, budete se tedy nejsp\u00ed\u0161 muset objednat.<\/p>\n<hr \/>\n<p><strong>Nemocnice:<\/strong><\/p>\n<p>Nejbli\u017e\u0161\u00ed nemocnice se nach\u00e1z\u00ed v\u00a0Portogruaru. Zde v\u00e1m m\u016f\u017ee b\u00fdt poskytnuta nap\u0159\u00edklad dial\u00fdza a dal\u0161\u00ed slo\u017eit\u011bj\u0161\u00ed vy\u0161et\u0159en\u00ed a z\u00e1kroky. Adresa nemocnice v\u00a0Portogruaru je Via Piemonte 1 a pot\u0159ebujete-li n\u011bjak\u00e9 informace, dovol\u00e1te se na \u010d\u00edsle +39 0421 7641.<\/p>\n<hr \/>\n<p><strong>Zuba\u0159:<\/strong><\/p>\n<p>Zubn\u00edch ordinac\u00ed je v\u00a0Caorle pom\u011brn\u011b velk\u00e9 mno\u017estv\u00ed, \u00a0m\u016f\u017eete se obr\u00e1tit nap\u0159\u00edklad na dr. Michele. Ordinace se nach\u00e1z\u00ed v\u00a0ulici Vie Ferrara, 7\/A. Doporu\u010dujeme se informovat p\u0159edem na telefonu 0421 81049, jeliko\u017e zuba\u0159 nen\u00ed pohotovostn\u00ed (budete se pravd\u011bpodobn\u011b muset objednat na n\u011bkter\u00fd z\u00a0dal\u0161\u00edch dn\u00ed). Budete-li pot\u0159ebovat pohotovostn\u00ed o\u0161et\u0159en\u00ed, m\u016f\u017eete se vydat do Ben\u00e1tek (cca 50 km). Tam zubn\u00ed pohotovost najdete na adrese Via Cao de Sora, 1<strong>. <\/strong>Telefon na zubn\u00ed pohotovost je +39 0422 769657.<\/p>\n<hr \/>\n<p><strong>L\u00e9k\u00e1rna: <\/strong><\/p>\n<p>Uv\u00e1d\u00edme zde telefonn\u00ed \u010d\u00edslo na l\u00e9k\u00e1rnu v\u00a0Caorle, pokud byste se cht\u011bli informovat o dostupnosti nebo cen\u011b n\u011bjak\u00e9ho l\u00e9ku: +39 0421-81044, l\u00e9k\u00e1rna se jmenuje \u00a0Farmacia al Redentore a najdete ji na Rio terra&#8217; Botteghe 28.<\/p>\n<hr \/>\n<p><strong>Poplatky, poji\u0161t\u011bn\u00ed:<\/strong><\/p>\n<p>U v\u0161ech pohotovostn\u00edch l\u00e9ka\u0159\u016f se p\u0159ipravte na poplatek za o\u0161et\u0159en\u00ed 21 EUR. Za b\u011b\u017en\u00e9 o\u0161et\u0159en\u00ed se plat\u00ed 31 EUR. Doporu\u010dujeme si ve\u0161ker\u00e9 doklady za platby a l\u00e9ka\u0159sk\u00e9 zpr\u00e1vy uschovat a po n\u00e1vratu z dovolen\u00e9 se obr\u00e1tit na poji\u0161\u0165ovnu, u kter\u00e9 m\u00e1te sjednan\u00e9 cestovn\u00ed poji\u0161t\u011bn\u00ed. Z\u00e1rove\u0148 byste m\u011bli po n\u00e1vratu dom\u016f nav\u0161t\u00edvit sv\u00e9ho obvodn\u00edho l\u00e9ka\u0159e a informovat ho o p\u0159\u00edpadn\u00fdch \u00farazech nebo onemocn\u011bn\u00edch, kter\u00e9 jste prod\u011blali.<\/p>\n","protected":false},"excerpt":{"rendered":"<p>\u010c\u00edslo na z\u00e1chrannou slu\u017ebu v\u00a0It\u00e1lii je 118 &#8211; volejte v p\u0159\u00edpad\u011b urgentn\u00edch z\u00e1le\u017eitost\u00ed. B\u011b\u017en\u00fd l\u00e9ka\u0159 pro turisty: P\u0159\u00edmo v budov\u011b residence Le Farnie je k dispozici l\u00e9ka\u0159sk\u00e1 slu\u017eba &#8211; ka\u017ed\u00fd den od 10 do 12 hod. a od 16 do 18 hodin. Mimo tyto hodiny se m\u016f\u017eete na l\u00e9ka\u0159e obr\u00e1tit telefonicky &#8211; \u010d\u00edslo mobiln\u00edho telefonu&#8230;<\/p>\n","protected":false},"author":1,"featured_media":0,"parent":46,"menu_order":30,"comment_status":"closed","ping_status":"closed","template":"","meta":{"footnotes":""},"class_list":["post-52","page","type-page","status-publish","hentry"],"yoast_head":"<!-- This site is optimized with the Yoast SEO plugin v25.2 - https:\/\/yoast.com\/wordpress\/plugins\/seo\/ -->\n<title>Doctors and first aid - Altanea EN<\/title>\n<meta name=\"robots\" content=\"index, follow, max-snippet:-1, max-image-preview:large, max-video-preview:-1\" \/>\n<link rel=\"canonical\" href=\"https:\/\/altanea.holiday\/en\/practical-info\/doctors-and-first-aid\/\" \/>\n<meta property=\"og:locale\" content=\"en_US\" \/>\n<meta property=\"og:type\" content=\"article\" \/>\n<meta property=\"og:title\" content=\"Doctors and first aid - Altanea EN\" \/>\n<meta property=\"og:description\" content=\"\u010c\u00edslo na z\u00e1chrannou slu\u017ebu v\u00a0It\u00e1lii je 118 &#8211; volejte v p\u0159\u00edpad\u011b urgentn\u00edch z\u00e1le\u017eitost\u00ed. B\u011b\u017en\u00fd l\u00e9ka\u0159 pro turisty: P\u0159\u00edmo v budov\u011b residence Le Farnie je k dispozici l\u00e9ka\u0159sk\u00e1 slu\u017eba &#8211; ka\u017ed\u00fd den od 10 do 12 hod. a od 16 do 18 hodin. Mimo tyto hodiny se m\u016f\u017eete na l\u00e9ka\u0159e obr\u00e1tit telefonicky &#8211; \u010d\u00edslo mobiln\u00edho telefonu...\" \/>\n<meta property=\"og:url\" content=\"https:\/\/altanea.holiday\/en\/practical-info\/doctors-and-first-aid\/\" \/>\n<meta property=\"og:site_name\" content=\"Altanea EN\" \/>\n<meta name=\"twitter:card\" content=\"summary_large_image\" \/>\n<meta name=\"twitter:label1\" content=\"Est. reading time\" \/>\n\t<meta name=\"twitter:data1\" content=\"3 minutes\" \/>\n<script type=\"application\/ld+json\" class=\"yoast-schema-graph\">{\"@context\":\"https:\/\/schema.org\",\"@graph\":[{\"@type\":\"WebPage\",\"@id\":\"https:\/\/altanea.holiday\/en\/practical-info\/doctors-and-first-aid\/\",\"url\":\"https:\/\/altanea.holiday\/en\/practical-info\/doctors-and-first-aid\/\",\"name\":\"Doctors and first aid - Altanea EN\",\"isPartOf\":{\"@id\":\"https:\/\/altanea.holiday\/en\/#website\"},\"datePublished\":\"2018-09-17T20:00:30+00:00\",\"breadcrumb\":{\"@id\":\"https:\/\/altanea.holiday\/en\/practical-info\/doctors-and-first-aid\/#breadcrumb\"},\"inLanguage\":\"en-US\",\"potentialAction\":[{\"@type\":\"ReadAction\",\"target\":[\"https:\/\/altanea.holiday\/en\/practical-info\/doctors-and-first-aid\/\"]}]},{\"@type\":\"BreadcrumbList\",\"@id\":\"https:\/\/altanea.holiday\/en\/practical-info\/doctors-and-first-aid\/#breadcrumb\",\"itemListElement\":[{\"@type\":\"ListItem\",\"position\":1,\"name\":\"Altanea.holiday\",\"item\":\"https:\/\/altanea.holiday\/en\/\"},{\"@type\":\"ListItem\",\"position\":2,\"name\":\"Practical info\",\"item\":\"https:\/\/altanea.holiday\/en\/practical-info\/\"},{\"@type\":\"ListItem\",\"position\":3,\"name\":\"Doctors and first aid\"}]},{\"@type\":\"WebSite\",\"@id\":\"https:\/\/altanea.holiday\/en\/#website\",\"url\":\"https:\/\/altanea.holiday\/en\/\",\"name\":\"Altanea EN\",\"description\":\"Caorle - Lido di Altanea\",\"potentialAction\":[{\"@type\":\"SearchAction\",\"target\":{\"@type\":\"EntryPoint\",\"urlTemplate\":\"https:\/\/altanea.holiday\/en\/?s={search_term_string}\"},\"query-input\":{\"@type\":\"PropertyValueSpecification\",\"valueRequired\":true,\"valueName\":\"search_term_string\"}}],\"inLanguage\":\"en-US\"}]}<\/script>\n<!-- \/ Yoast SEO plugin. -->","yoast_head_json":{"title":"Doctors and first aid - Altanea EN","robots":{"index":"index","follow":"follow","max-snippet":"max-snippet:-1","max-image-preview":"max-image-preview:large","max-video-preview":"max-video-preview:-1"},"canonical":"https:\/\/altanea.holiday\/en\/practical-info\/doctors-and-first-aid\/","og_locale":"en_US","og_type":"article","og_title":"Doctors and first aid - Altanea EN","og_description":"\u010c\u00edslo na z\u00e1chrannou slu\u017ebu v\u00a0It\u00e1lii je 118 &#8211; volejte v p\u0159\u00edpad\u011b urgentn\u00edch z\u00e1le\u017eitost\u00ed. B\u011b\u017en\u00fd l\u00e9ka\u0159 pro turisty: P\u0159\u00edmo v budov\u011b residence Le Farnie je k dispozici l\u00e9ka\u0159sk\u00e1 slu\u017eba &#8211; ka\u017ed\u00fd den od 10 do 12 hod. a od 16 do 18 hodin. Mimo tyto hodiny se m\u016f\u017eete na l\u00e9ka\u0159e obr\u00e1tit telefonicky &#8211; \u010d\u00edslo mobiln\u00edho telefonu...","og_url":"https:\/\/altanea.holiday\/en\/practical-info\/doctors-and-first-aid\/","og_site_name":"Altanea EN","twitter_card":"summary_large_image","twitter_misc":{"Est. reading time":"3 minutes"},"schema":{"@context":"https:\/\/schema.org","@graph":[{"@type":"WebPage","@id":"https:\/\/altanea.holiday\/en\/practical-info\/doctors-and-first-aid\/","url":"https:\/\/altanea.holiday\/en\/practical-info\/doctors-and-first-aid\/","name":"Doctors and first aid - Altanea EN","isPartOf":{"@id":"https:\/\/altanea.holiday\/en\/#website"},"datePublished":"2018-09-17T20:00:30+00:00","breadcrumb":{"@id":"https:\/\/altanea.holiday\/en\/practical-info\/doctors-and-first-aid\/#breadcrumb"},"inLanguage":"en-US","potentialAction":[{"@type":"ReadAction","target":["https:\/\/altanea.holiday\/en\/practical-info\/doctors-and-first-aid\/"]}]},{"@type":"BreadcrumbList","@id":"https:\/\/altanea.holiday\/en\/practical-info\/doctors-and-first-aid\/#breadcrumb","itemListElement":[{"@type":"ListItem","position":1,"name":"Altanea.holiday","item":"https:\/\/altanea.holiday\/en\/"},{"@type":"ListItem","position":2,"name":"Practical info","item":"https:\/\/altanea.holiday\/en\/practical-info\/"},{"@type":"ListItem","position":3,"name":"Doctors and first aid"}]},{"@type":"WebSite","@id":"https:\/\/altanea.holiday\/en\/#website","url":"https:\/\/altanea.holiday\/en\/","name":"Altanea EN","description":"Caorle - Lido di Altanea","potentialAction":[{"@type":"SearchAction","target":{"@type":"EntryPoint","urlTemplate":"https:\/\/altanea.holiday\/en\/?s={search_term_string}"},"query-input":{"@type":"PropertyValueSpecification","valueRequired":true,"valueName":"search_term_string"}}],"inLanguage":"en-US"}]}},"_links":{"self":[{"href":"https:\/\/altanea.holiday\/en\/wp-json\/wp\/v2\/pages\/52","targetHints":{"allow":["GET"]}}],"collection":[{"href":"https:\/\/altanea.holiday\/en\/wp-json\/wp\/v2\/pages"}],"about":[{"href":"https:\/\/altanea.holiday\/en\/wp-json\/wp\/v2\/types\/page"}],"author":[{"embeddable":true,"href":"https:\/\/altanea.holiday\/en\/wp-json\/wp\/v2\/users\/1"}],"replies":[{"embeddable":true,"href":"https:\/\/altanea.holiday\/en\/wp-json\/wp\/v2\/comments?post=52"}],"version-history":[{"count":1,"href":"https:\/\/altanea.holiday\/en\/wp-json\/wp\/v2\/pages\/52\/revisions"}],"predecessor-version":[{"id":53,"href":"https:\/\/altanea.holiday\/en\/wp-json\/wp\/v2\/pages\/52\/revisions\/53"}],"up":[{"embeddable":true,"href":"https:\/\/altanea.holiday\/en\/wp-json\/wp\/v2\/pages\/46"}],"wp:attachment":[{"href":"https:\/\/altanea.holiday\/en\/wp-json\/wp\/v2\/media?parent=52"}],"curies":[{"name":"wp","href":"https:\/\/api.w.org\/{rel}","templated":true}]}}