{"id":34,"date":"2018-09-17T21:12:53","date_gmt":"2018-09-17T19:12:53","guid":{"rendered":"https:\/\/multisite.altanea.holiday\/en\/?page_id=34"},"modified":"2021-01-28T21:37:52","modified_gmt":"2021-01-28T20:37:52","slug":"contact","status":"publish","type":"page","link":"https:\/\/altanea.holiday\/en\/contact\/","title":{"rendered":"Contact"},"content":{"rendered":"<hr \/>\n<p><strong>Travel Agency Italieonline<\/strong><\/p>\n<p>Travel agency Italieonline s.r.o., based at Bryksova 757, 198 00 Prague 9, is registered at the Municipal Court in Prague, Section C, Insert 118991, I\u010c: 27614140, DI\u010c: CZ27614140<\/p>\n<table style=\"height: 380px;\" width=\"523\">\n<tbody>\n<tr>\n<td><strong>Company<\/strong><\/td>\n<td>Italieonline s.r.o.<\/td>\n<\/tr>\n<tr>\n<td><strong>Residency<\/strong><\/td>\n<td>Bryksova 757,<br \/>\n198 00 Praha 9 &#8211; \u010cern\u00fd Most (<span style=\"color: #3366ff;\"><a style=\"color: #3366ff;\" href=\"http:\/\/www.mapy.cz\/#z=15&amp;q=italieonline&amp;qp=14.562326_50.102555_14.583849_50.111879_15&amp;t=s&amp;x=14.580526&amp;y=50.108063&amp;d=firm_1279210_1\" target=\"_blank\" rel=\"noopener noreferrer\">mapa<\/a><\/span>)<\/td>\n<\/tr>\n<tr>\n<td><strong>I\u010cO<\/strong><\/td>\n<td>276 141 40<\/td>\n<\/tr>\n<tr>\n<td><strong>Phone CZ<\/strong><\/td>\n<td>284 811 218,\u00a0284 811 219,\u00a0284 811 220<br \/>\n778 545 418, 778 545 419<\/td>\n<\/tr>\n<tr>\n<td><strong>Phone SK<\/strong><\/td>\n<td>+421 233 006 523<\/td>\n<\/tr>\n<tr>\n<td><strong>Phone PL<\/strong><\/td>\n<td>+48 223 987 493<\/td>\n<\/tr>\n<tr>\n<td><strong>Phone IT<\/strong><\/td>\n<td>+39 0431 980 001<\/td>\n<\/tr>\n<tr>\n<td><strong>Fax<\/strong><\/td>\n<td>+420 284 811 210<\/td>\n<\/tr>\n<tr>\n<td><strong>Skype<\/strong><\/td>\n<td><span style=\"color: #3366ff;\"><a style=\"color: #3366ff;\" href=\"callto:\/\/Italieonline-office\">Italieonline-office<\/a><\/span><\/td>\n<\/tr>\n<tr>\n<td><strong>E-mail<\/strong><\/td>\n<td><span style=\"color: #3366ff;\"><a style=\"color: #3366ff;\" href=\"mailto:info@italieonline.eu\">info@italieonline.eu<\/a><\/span><\/td>\n<\/tr>\n<\/tbody>\n<\/table>\n<hr \/>\n<p><strong>Office opening hours<\/strong><\/p>\n<p>Do you want to consult about choosing a holiday in person at our office? We will be happy to welcome you in our office at Bryksova 757, Prague 9 &#8211; \u010cern\u00fd Most (final metro line B) on the days and times listed below.<\/p>\n<table style=\"height: 280px;\" width=\"315\">\n<tbody>\n<tr>\n<td><strong>Monday<\/strong><\/td>\n<td>8,30 &#8211; 17,00<\/td>\n<\/tr>\n<tr>\n<td><strong>Tuesday<\/strong><\/td>\n<td>8,30 &#8211; 17,00<\/td>\n<\/tr>\n<tr>\n<td><strong>Wednesday<\/strong><\/td>\n<td>8,30 &#8211; 17,00<\/td>\n<\/tr>\n<tr>\n<td><strong>Thursday<\/strong><\/td>\n<td>8,30 &#8211; 17,00<\/td>\n<\/tr>\n<tr>\n<td><strong>Friday<\/strong><\/td>\n<td>8,30 &#8211; 17,00<\/td>\n<\/tr>\n<tr>\n<td><strong>Saturday<\/strong><\/td>\n<td>closed<\/td>\n<\/tr>\n<tr>\n<td><strong>Sunday<\/strong><\/td>\n<td>closed<\/td>\n<\/tr>\n<\/tbody>\n<\/table>\n<hr \/>\n<p><strong>Call center operating hours<\/strong><\/p>\n<p>Do you need an advice on choosing a holiday or do you have a specific question about an already confirmed reservation? Our operators are available to you on the days and hours listed below and at the following telephone numbers:<\/p>\n<table style=\"height: 280px;\" width=\"315\">\n<tbody>\n<tr>\n<td><strong>Monday<\/strong><\/td>\n<td>8,30 &#8211; 18,30<\/td>\n<\/tr>\n<tr>\n<td><strong>Tuesday<\/strong><\/td>\n<td>8,30 &#8211; 18,30<\/td>\n<\/tr>\n<tr>\n<td><strong>Wednesday<\/strong><\/td>\n<td>8,30 &#8211; 18,30<\/td>\n<\/tr>\n<tr>\n<td><strong>Thursday<\/strong><\/td>\n<td>8,30 &#8211; 18,30<\/td>\n<\/tr>\n<tr>\n<td><strong>Friday<\/strong><\/td>\n<td>8,30 &#8211; 18,30<\/td>\n<\/tr>\n<tr>\n<td><strong>Saturday<\/strong><\/td>\n<td>9,00 &#8211; 17,00<\/td>\n<\/tr>\n<tr>\n<td><strong>Sunday<\/strong><\/td>\n<td>closed<\/td>\n<\/tr>\n<\/tbody>\n<\/table>\n","protected":false},"excerpt":{"rendered":"<p>Travel Agency Italieonline Travel agency Italieonline s.r.o., based at Bryksova 757, 198 00 Prague 9, is registered at the Municipal Court in Prague, Section C, Insert 118991, I\u010c: 27614140, DI\u010c: CZ27614140 Company Italieonline s.r.o. Residency Bryksova 757, 198 00 Praha 9 &#8211; \u010cern\u00fd Most (mapa) I\u010cO 276 141 40 Phone CZ 284 811 218,\u00a0284 811&#8230;<\/p>\n","protected":false},"author":1,"featured_media":0,"parent":0,"menu_order":10,"comment_status":"closed","ping_status":"closed","template":"","meta":{"footnotes":""},"class_list":["post-34","page","type-page","status-publish","hentry"],"yoast_head":"<!-- This site is optimized with the Yoast SEO plugin v25.2 - https:\/\/yoast.com\/wordpress\/plugins\/seo\/ -->\n<title>Contact - Altanea EN<\/title>\n<meta name=\"robots\" content=\"index, follow, max-snippet:-1, max-image-preview:large, max-video-preview:-1\" \/>\n<link rel=\"canonical\" href=\"https:\/\/altanea.holiday\/en\/contact\/\" \/>\n<meta property=\"og:locale\" content=\"en_US\" \/>\n<meta property=\"og:type\" content=\"article\" \/>\n<meta property=\"og:title\" content=\"Contact - Altanea EN\" \/>\n<meta property=\"og:description\" content=\"Travel Agency Italieonline Travel agency Italieonline s.r.o., based at Bryksova 757, 198 00 Prague 9, is registered at the Municipal Court in Prague, Section C, Insert 118991, I\u010c: 27614140, DI\u010c: CZ27614140 Company Italieonline s.r.o. Residency Bryksova 757, 198 00 Praha 9 &#8211; \u010cern\u00fd Most (mapa) I\u010cO 276 141 40 Phone CZ 284 811 218,\u00a0284 811...\" \/>\n<meta property=\"og:url\" content=\"https:\/\/altanea.holiday\/en\/contact\/\" \/>\n<meta property=\"og:site_name\" content=\"Altanea EN\" \/>\n<meta property=\"article:modified_time\" content=\"2021-01-28T20:37:52+00:00\" \/>\n<meta name=\"twitter:card\" content=\"summary_large_image\" \/>\n<meta name=\"twitter:label1\" content=\"Est. reading time\" \/>\n\t<meta name=\"twitter:data1\" content=\"1 minute\" \/>\n<script type=\"application\/ld+json\" class=\"yoast-schema-graph\">{\"@context\":\"https:\/\/schema.org\",\"@graph\":[{\"@type\":\"WebPage\",\"@id\":\"https:\/\/altanea.holiday\/en\/contact\/\",\"url\":\"https:\/\/altanea.holiday\/en\/contact\/\",\"name\":\"Contact - Altanea EN\",\"isPartOf\":{\"@id\":\"https:\/\/altanea.holiday\/en\/#website\"},\"datePublished\":\"2018-09-17T19:12:53+00:00\",\"dateModified\":\"2021-01-28T20:37:52+00:00\",\"breadcrumb\":{\"@id\":\"https:\/\/altanea.holiday\/en\/contact\/#breadcrumb\"},\"inLanguage\":\"en-US\",\"potentialAction\":[{\"@type\":\"ReadAction\",\"target\":[\"https:\/\/altanea.holiday\/en\/contact\/\"]}]},{\"@type\":\"BreadcrumbList\",\"@id\":\"https:\/\/altanea.holiday\/en\/contact\/#breadcrumb\",\"itemListElement\":[{\"@type\":\"ListItem\",\"position\":1,\"name\":\"Altanea.holiday\",\"item\":\"https:\/\/altanea.holiday\/en\/\"},{\"@type\":\"ListItem\",\"position\":2,\"name\":\"Contact\"}]},{\"@type\":\"WebSite\",\"@id\":\"https:\/\/altanea.holiday\/en\/#website\",\"url\":\"https:\/\/altanea.holiday\/en\/\",\"name\":\"Altanea EN\",\"description\":\"Caorle - Lido di Altanea\",\"potentialAction\":[{\"@type\":\"SearchAction\",\"target\":{\"@type\":\"EntryPoint\",\"urlTemplate\":\"https:\/\/altanea.holiday\/en\/?s={search_term_string}\"},\"query-input\":{\"@type\":\"PropertyValueSpecification\",\"valueRequired\":true,\"valueName\":\"search_term_string\"}}],\"inLanguage\":\"en-US\"}]}<\/script>\n<!-- \/ Yoast SEO plugin. -->","yoast_head_json":{"title":"Contact - Altanea EN","robots":{"index":"index","follow":"follow","max-snippet":"max-snippet:-1","max-image-preview":"max-image-preview:large","max-video-preview":"max-video-preview:-1"},"canonical":"https:\/\/altanea.holiday\/en\/contact\/","og_locale":"en_US","og_type":"article","og_title":"Contact - Altanea EN","og_description":"Travel Agency Italieonline Travel agency Italieonline s.r.o., based at Bryksova 757, 198 00 Prague 9, is registered at the Municipal Court in Prague, Section C, Insert 118991, I\u010c: 27614140, DI\u010c: CZ27614140 Company Italieonline s.r.o. Residency Bryksova 757, 198 00 Praha 9 &#8211; \u010cern\u00fd Most (mapa) I\u010cO 276 141 40 Phone CZ 284 811 218,\u00a0284 811...","og_url":"https:\/\/altanea.holiday\/en\/contact\/","og_site_name":"Altanea EN","article_modified_time":"2021-01-28T20:37:52+00:00","twitter_card":"summary_large_image","twitter_misc":{"Est. reading time":"1 minute"},"schema":{"@context":"https:\/\/schema.org","@graph":[{"@type":"WebPage","@id":"https:\/\/altanea.holiday\/en\/contact\/","url":"https:\/\/altanea.holiday\/en\/contact\/","name":"Contact - Altanea EN","isPartOf":{"@id":"https:\/\/altanea.holiday\/en\/#website"},"datePublished":"2018-09-17T19:12:53+00:00","dateModified":"2021-01-28T20:37:52+00:00","breadcrumb":{"@id":"https:\/\/altanea.holiday\/en\/contact\/#breadcrumb"},"inLanguage":"en-US","potentialAction":[{"@type":"ReadAction","target":["https:\/\/altanea.holiday\/en\/contact\/"]}]},{"@type":"BreadcrumbList","@id":"https:\/\/altanea.holiday\/en\/contact\/#breadcrumb","itemListElement":[{"@type":"ListItem","position":1,"name":"Altanea.holiday","item":"https:\/\/altanea.holiday\/en\/"},{"@type":"ListItem","position":2,"name":"Contact"}]},{"@type":"WebSite","@id":"https:\/\/altanea.holiday\/en\/#website","url":"https:\/\/altanea.holiday\/en\/","name":"Altanea EN","description":"Caorle - Lido di Altanea","potentialAction":[{"@type":"SearchAction","target":{"@type":"EntryPoint","urlTemplate":"https:\/\/altanea.holiday\/en\/?s={search_term_string}"},"query-input":{"@type":"PropertyValueSpecification","valueRequired":true,"valueName":"search_term_string"}}],"inLanguage":"en-US"}]}},"_links":{"self":[{"href":"https:\/\/altanea.holiday\/en\/wp-json\/wp\/v2\/pages\/34","targetHints":{"allow":["GET"]}}],"collection":[{"href":"https:\/\/altanea.holiday\/en\/wp-json\/wp\/v2\/pages"}],"about":[{"href":"https:\/\/altanea.holiday\/en\/wp-json\/wp\/v2\/types\/page"}],"author":[{"embeddable":true,"href":"https:\/\/altanea.holiday\/en\/wp-json\/wp\/v2\/users\/1"}],"replies":[{"embeddable":true,"href":"https:\/\/altanea.holiday\/en\/wp-json\/wp\/v2\/comments?post=34"}],"version-history":[{"count":3,"href":"https:\/\/altanea.holiday\/en\/wp-json\/wp\/v2\/pages\/34\/revisions"}],"predecessor-version":[{"id":397607,"href":"https:\/\/altanea.holiday\/en\/wp-json\/wp\/v2\/pages\/34\/revisions\/397607"}],"wp:attachment":[{"href":"https:\/\/altanea.holiday\/en\/wp-json\/wp\/v2\/media?parent=34"}],"curies":[{"name":"wp","href":"https:\/\/api.w.org\/{rel}","templated":true}]}}