{"id":28,"date":"2018-09-25T22:30:28","date_gmt":"2018-09-25T20:30:28","guid":{"rendered":"https:\/\/multisite.altanea.holiday\/de\/?page_id=28"},"modified":"2018-09-25T22:30:28","modified_gmt":"2018-09-25T20:30:28","slug":"sicherheit","status":"publish","type":"page","link":"https:\/\/altanea.holiday\/de\/praktische-informationen\/sicherheit\/","title":{"rendered":"Sicherheit"},"content":{"rendered":"<hr \/>\n<p>Letovisko Lido Altanea se soust\u0159ed\u00ed p\u0159edev\u0161\u00edm na rodiny s\u00a0d\u011btmi, proto je bezpe\u010dnost jednou z\u00a0jeho priorit. V\u00a0cel\u00e9 oblasti d\u00edky tomu funguje bezpe\u010dnostn\u00ed slu\u017eba, kter\u00e1 dohl\u00ed\u017e\u00ed na po\u0159\u00e1dek a bezpe\u010d\u00ed turist\u016f dvacet \u010dty\u0159i hodin denn\u011b. Z\u00e1rove\u0148 je ka\u017ed\u00e1 ubytovac\u00ed jednotka vybavena oplocen\u00edm s\u00a0p\u0159\u00edstupov\u00fdmi k\u00f3dy, kter\u00e9 znaj\u00ed pouze ubytovan\u00ed.<\/p>\n<p>Pokud by i navzdory t\u011bmto opat\u0159en\u00edm do\u0161lo k\u00a0n\u011bjak\u00fdm nep\u0159\u00edjemnostem, zavolejte m\u011bstsk\u00e9 policii m\u011bsta Caorle na \u010d\u00edslo +39 0421\u00a081345.\u00a0Jejich z\u00e1kladna se p\u0159\u00edpadn\u011b nach\u00e1z\u00ed na adrese Strada Nuova,\u00a080\/A.<\/p>\n<p>V p\u0159\u00edpad\u011b jak\u00fdchkoli probl\u00e9m\u016f na mo\u0159i se m\u016f\u017eete obr\u00e1tit i na pob\u0159e\u017en\u00ed hl\u00eddku, a to na \u010d\u00edsle +39 0421 210290.<\/p>\n<p>V p\u0159\u00edpad\u011b ztr\u00e1ty doklad\u016f nebo v podobn\u011b z\u00e1va\u017en\u00e9 situaci, kter\u00e1 by v\u00e1m mohla znemo\u017enit cestu dom\u016f, je dobr\u00e9 se informovat na ambas\u00e1d\u011b o tom, jak m\u00e1te postupovat. Na \u010deskou ambas\u00e1du v\u00a0It\u00e1lii se dovol\u00e1te na \u010d\u00edsle +39 063609571. Informovat se na ambas\u00e1d\u011b m\u016f\u017eete i emailem na adrese <span style=\"color: #3366ff;\"><a style=\"color: #3366ff;\" href=\"mailto:rome@embassy.mzv.cz\">rome@embassy.mzv.cz<\/a><\/span>. Konzultace pro \u010cechy nav\u0161t\u011bvuj\u00edc\u00ed It\u00e1lii nebo zde \u017eij\u00edc\u00ed prob\u00edhaj\u00ed od pond\u011bl\u00ed do p\u00e1tku v 9.00-12.00 hod. Pohotovostn\u00ed \u010d\u00edslo mimo pracovn\u00ed dobu je +39 3353 10450.<\/p>\n<p>Pro va\u0161i bezpe\u010dnost a bezpe\u010dnost va\u0161ich d\u011bt\u00ed jsou dvakr\u00e1t t\u00fddn\u011b prov\u00e1d\u011bny post\u0159iky proti kom\u00e1r\u016fm (v\u011bt\u0161inou v \u00fater\u00fd a ve \u010dtvrtek). Post\u0159iky jsou prov\u00e1d\u011bny v dob\u011b mezi 4. a 6. hodinou rann\u00ed, aby neomezovaly n\u00e1v\u0161t\u011bvn\u00edky.<\/p>\n","protected":false},"excerpt":{"rendered":"<p>Letovisko Lido Altanea se soust\u0159ed\u00ed p\u0159edev\u0161\u00edm na rodiny s\u00a0d\u011btmi, proto je bezpe\u010dnost jednou z\u00a0jeho priorit. V\u00a0cel\u00e9 oblasti d\u00edky tomu funguje bezpe\u010dnostn\u00ed slu\u017eba, kter\u00e1 dohl\u00ed\u017e\u00ed na po\u0159\u00e1dek a bezpe\u010d\u00ed turist\u016f dvacet \u010dty\u0159i hodin denn\u011b. Z\u00e1rove\u0148 je ka\u017ed\u00e1 ubytovac\u00ed jednotka vybavena oplocen\u00edm s\u00a0p\u0159\u00edstupov\u00fdmi k\u00f3dy, kter\u00e9 znaj\u00ed pouze ubytovan\u00ed. Pokud by i navzdory t\u011bmto opat\u0159en\u00edm do\u0161lo k\u00a0n\u011bjak\u00fdm nep\u0159\u00edjemnostem,&#8230;<\/p>\n","protected":false},"author":1,"featured_media":0,"parent":26,"menu_order":10,"comment_status":"closed","ping_status":"closed","template":"","meta":{"footnotes":""},"class_list":["post-28","page","type-page","status-publish","hentry"],"yoast_head":"<!-- This site is optimized with the Yoast SEO plugin v25.2 - https:\/\/yoast.com\/wordpress\/plugins\/seo\/ -->\n<title>Sicherheit - Altanea DE<\/title>\n<meta name=\"robots\" content=\"index, follow, max-snippet:-1, max-image-preview:large, max-video-preview:-1\" \/>\n<link rel=\"canonical\" href=\"https:\/\/altanea.holiday\/de\/praktische-informationen\/sicherheit\/\" \/>\n<meta property=\"og:locale\" content=\"de_DE\" \/>\n<meta property=\"og:type\" content=\"article\" \/>\n<meta property=\"og:title\" content=\"Sicherheit - Altanea DE\" \/>\n<meta property=\"og:description\" content=\"Letovisko Lido Altanea se soust\u0159ed\u00ed p\u0159edev\u0161\u00edm na rodiny s\u00a0d\u011btmi, proto je bezpe\u010dnost jednou z\u00a0jeho priorit. V\u00a0cel\u00e9 oblasti d\u00edky tomu funguje bezpe\u010dnostn\u00ed slu\u017eba, kter\u00e1 dohl\u00ed\u017e\u00ed na po\u0159\u00e1dek a bezpe\u010d\u00ed turist\u016f dvacet \u010dty\u0159i hodin denn\u011b. Z\u00e1rove\u0148 je ka\u017ed\u00e1 ubytovac\u00ed jednotka vybavena oplocen\u00edm s\u00a0p\u0159\u00edstupov\u00fdmi k\u00f3dy, kter\u00e9 znaj\u00ed pouze ubytovan\u00ed. Pokud by i navzdory t\u011bmto opat\u0159en\u00edm do\u0161lo k\u00a0n\u011bjak\u00fdm nep\u0159\u00edjemnostem,...\" \/>\n<meta property=\"og:url\" content=\"https:\/\/altanea.holiday\/de\/praktische-informationen\/sicherheit\/\" \/>\n<meta property=\"og:site_name\" content=\"Altanea DE\" \/>\n<meta name=\"twitter:card\" content=\"summary_large_image\" \/>\n<meta name=\"twitter:label1\" content=\"Gesch\u00e4tzte Lesezeit\" \/>\n\t<meta name=\"twitter:data1\" content=\"1\u00a0Minute\" \/>\n<script type=\"application\/ld+json\" class=\"yoast-schema-graph\">{\"@context\":\"https:\/\/schema.org\",\"@graph\":[{\"@type\":\"WebPage\",\"@id\":\"https:\/\/altanea.holiday\/de\/praktische-informationen\/sicherheit\/\",\"url\":\"https:\/\/altanea.holiday\/de\/praktische-informationen\/sicherheit\/\",\"name\":\"Sicherheit - Altanea DE\",\"isPartOf\":{\"@id\":\"https:\/\/altanea.holiday\/de\/#website\"},\"datePublished\":\"2018-09-25T20:30:28+00:00\",\"breadcrumb\":{\"@id\":\"https:\/\/altanea.holiday\/de\/praktische-informationen\/sicherheit\/#breadcrumb\"},\"inLanguage\":\"de\",\"potentialAction\":[{\"@type\":\"ReadAction\",\"target\":[\"https:\/\/altanea.holiday\/de\/praktische-informationen\/sicherheit\/\"]}]},{\"@type\":\"BreadcrumbList\",\"@id\":\"https:\/\/altanea.holiday\/de\/praktische-informationen\/sicherheit\/#breadcrumb\",\"itemListElement\":[{\"@type\":\"ListItem\",\"position\":1,\"name\":\"Altanea.holiday\",\"item\":\"https:\/\/altanea.holiday\/de\/\"},{\"@type\":\"ListItem\",\"position\":2,\"name\":\"Praktische Informationen\",\"item\":\"https:\/\/altanea.holiday\/de\/praktische-informationen\/\"},{\"@type\":\"ListItem\",\"position\":3,\"name\":\"Sicherheit\"}]},{\"@type\":\"WebSite\",\"@id\":\"https:\/\/altanea.holiday\/de\/#website\",\"url\":\"https:\/\/altanea.holiday\/de\/\",\"name\":\"Altanea DE\",\"description\":\"Caorle - Lido di Altanea\",\"potentialAction\":[{\"@type\":\"SearchAction\",\"target\":{\"@type\":\"EntryPoint\",\"urlTemplate\":\"https:\/\/altanea.holiday\/de\/?s={search_term_string}\"},\"query-input\":{\"@type\":\"PropertyValueSpecification\",\"valueRequired\":true,\"valueName\":\"search_term_string\"}}],\"inLanguage\":\"de\"}]}<\/script>\n<!-- \/ Yoast SEO plugin. -->","yoast_head_json":{"title":"Sicherheit - Altanea DE","robots":{"index":"index","follow":"follow","max-snippet":"max-snippet:-1","max-image-preview":"max-image-preview:large","max-video-preview":"max-video-preview:-1"},"canonical":"https:\/\/altanea.holiday\/de\/praktische-informationen\/sicherheit\/","og_locale":"de_DE","og_type":"article","og_title":"Sicherheit - Altanea DE","og_description":"Letovisko Lido Altanea se soust\u0159ed\u00ed p\u0159edev\u0161\u00edm na rodiny s\u00a0d\u011btmi, proto je bezpe\u010dnost jednou z\u00a0jeho priorit. V\u00a0cel\u00e9 oblasti d\u00edky tomu funguje bezpe\u010dnostn\u00ed slu\u017eba, kter\u00e1 dohl\u00ed\u017e\u00ed na po\u0159\u00e1dek a bezpe\u010d\u00ed turist\u016f dvacet \u010dty\u0159i hodin denn\u011b. Z\u00e1rove\u0148 je ka\u017ed\u00e1 ubytovac\u00ed jednotka vybavena oplocen\u00edm s\u00a0p\u0159\u00edstupov\u00fdmi k\u00f3dy, kter\u00e9 znaj\u00ed pouze ubytovan\u00ed. Pokud by i navzdory t\u011bmto opat\u0159en\u00edm do\u0161lo k\u00a0n\u011bjak\u00fdm nep\u0159\u00edjemnostem,...","og_url":"https:\/\/altanea.holiday\/de\/praktische-informationen\/sicherheit\/","og_site_name":"Altanea DE","twitter_card":"summary_large_image","twitter_misc":{"Gesch\u00e4tzte Lesezeit":"1\u00a0Minute"},"schema":{"@context":"https:\/\/schema.org","@graph":[{"@type":"WebPage","@id":"https:\/\/altanea.holiday\/de\/praktische-informationen\/sicherheit\/","url":"https:\/\/altanea.holiday\/de\/praktische-informationen\/sicherheit\/","name":"Sicherheit - Altanea DE","isPartOf":{"@id":"https:\/\/altanea.holiday\/de\/#website"},"datePublished":"2018-09-25T20:30:28+00:00","breadcrumb":{"@id":"https:\/\/altanea.holiday\/de\/praktische-informationen\/sicherheit\/#breadcrumb"},"inLanguage":"de","potentialAction":[{"@type":"ReadAction","target":["https:\/\/altanea.holiday\/de\/praktische-informationen\/sicherheit\/"]}]},{"@type":"BreadcrumbList","@id":"https:\/\/altanea.holiday\/de\/praktische-informationen\/sicherheit\/#breadcrumb","itemListElement":[{"@type":"ListItem","position":1,"name":"Altanea.holiday","item":"https:\/\/altanea.holiday\/de\/"},{"@type":"ListItem","position":2,"name":"Praktische Informationen","item":"https:\/\/altanea.holiday\/de\/praktische-informationen\/"},{"@type":"ListItem","position":3,"name":"Sicherheit"}]},{"@type":"WebSite","@id":"https:\/\/altanea.holiday\/de\/#website","url":"https:\/\/altanea.holiday\/de\/","name":"Altanea DE","description":"Caorle - Lido di Altanea","potentialAction":[{"@type":"SearchAction","target":{"@type":"EntryPoint","urlTemplate":"https:\/\/altanea.holiday\/de\/?s={search_term_string}"},"query-input":{"@type":"PropertyValueSpecification","valueRequired":true,"valueName":"search_term_string"}}],"inLanguage":"de"}]}},"_links":{"self":[{"href":"https:\/\/altanea.holiday\/de\/wp-json\/wp\/v2\/pages\/28","targetHints":{"allow":["GET"]}}],"collection":[{"href":"https:\/\/altanea.holiday\/de\/wp-json\/wp\/v2\/pages"}],"about":[{"href":"https:\/\/altanea.holiday\/de\/wp-json\/wp\/v2\/types\/page"}],"author":[{"embeddable":true,"href":"https:\/\/altanea.holiday\/de\/wp-json\/wp\/v2\/users\/1"}],"replies":[{"embeddable":true,"href":"https:\/\/altanea.holiday\/de\/wp-json\/wp\/v2\/comments?post=28"}],"version-history":[{"count":1,"href":"https:\/\/altanea.holiday\/de\/wp-json\/wp\/v2\/pages\/28\/revisions"}],"predecessor-version":[{"id":29,"href":"https:\/\/altanea.holiday\/de\/wp-json\/wp\/v2\/pages\/28\/revisions\/29"}],"up":[{"embeddable":true,"href":"https:\/\/altanea.holiday\/de\/wp-json\/wp\/v2\/pages\/26"}],"wp:attachment":[{"href":"https:\/\/altanea.holiday\/de\/wp-json\/wp\/v2\/media?parent=28"}],"curies":[{"name":"wp","href":"https:\/\/api.w.org\/{rel}","templated":true}]}}