{"id":18,"date":"2018-09-25T22:23:31","date_gmt":"2018-09-25T20:23:31","guid":{"rendered":"https:\/\/multisite.altanea.holiday\/de\/?page_id=18"},"modified":"2018-09-25T22:23:31","modified_gmt":"2018-09-25T20:23:31","slug":"verkehr","status":"publish","type":"page","link":"https:\/\/altanea.holiday\/de\/lokalitat\/verkehr\/","title":{"rendered":"Verkehr"},"content":{"rendered":"<hr \/>\n<h3><strong><br \/>\n<img loading=\"lazy\" decoding=\"async\" class=\"alignnone size-full wp-image-422\" src=\"https:\/\/altanea.holiday\/de\/wp-content\/themes\/altanea\/kt\/core\/images\/transparent.png\" data-src=\"http:\/\/altanea.holiday\/de\/wp-content\/uploads\/2017\/05\/car.png\" alt=\"\" width=\"32\" height=\"32\" \/>\u00a0 <span style=\"color: #000000;\">Autem<\/span><\/strong><\/h3>\n<p>Cesta autem do tohoto letoviska je velice p\u0159\u00edjemn\u00e1 a neobt\u00ed\u017en\u00e1, jeliko\u017e hned po v\u00fdjezdu z\u00a0\u010cesk\u00e9 republiky najedete na d\u00e1lnici, ze kter\u00e9 sjedete a\u017e t\u00e9m\u011b\u0159 na m\u00edst\u011b. Odhadovan\u00e1 cena vych\u00e1zej\u00edc\u00ed z\u00a0pr\u016fm\u011brn\u00e9 spot\u0159eby (zahrnuj\u00edc\u00ed m\u00fdta a dal\u0161\u00ed poplatky) je okolo 2\u00a0500 K\u010d na jednu cestu (po\u010d\u00edt\u00e1no z Prahy\/Brna). Z\u00a0Prahy doporu\u010dujeme cestu p\u0159es \u010cesk\u00e9 Bud\u011bjovice a b\u00fdval\u00fd hrani\u010dn\u00ed p\u0159echod Doln\u00ed Dvo\u0159i\u0161t\u011b, kde je nutn\u00e9 natankovat, proto\u017ee benz\u00edn na cel\u00e9m zbytku cesty je v\u00fdrazn\u011b dra\u017e\u0161\u00ed.<\/p>\n<p>M\u016f\u017eete rovnou zakoupit i rakouskou d\u00e1lni\u010dn\u00ed zn\u00e1mku, kter\u00e1 se ale naopak vyplat\u00ed sp\u00ed\u0161e a\u017e za hranicemi (u n\u00e1s stoj\u00ed nap\u0159\u00edklad desetidenn\u00ed 290 K\u010d, na rakousk\u00fdch \u010derpac\u00edch stanic\u00edch 8,50 EUR \u2013 rozd\u00edl to nen\u00ed nijak velk\u00fd, ale ani zanedbateln\u00fd). Pro nad\u0161en\u00e9 cestovatele, kte\u0159\u00ed vyr\u00e1\u017e\u00ed na dovolenou \u010di za prac\u00ed do zahrani\u010d\u00ed \u010dast\u011bji, je pak na zv\u00e1\u017een\u00ed, zda se nevyplat\u00ed dvoum\u011bs\u00ed\u010dn\u00ed zn\u00e1mka za 25,70 EUR nebo dokonce ro\u010dn\u00ed za 85,70 EUR. Zn\u00e1mku opravdu d\u016frazn\u011b doporu\u010dujeme zakoupit, jeliko\u017e je jejich u\u017e\u00edv\u00e1n\u00ed v\u00a0Rakousku velice \u010dasto kontrolov\u00e1no, stejn\u011b jako nap\u0159\u00edklad p\u0159\u00edtomnost reflexn\u00edch vest v\u00a0aut\u011b a podobn\u00fdch drobnost\u00ed, kter\u00e9 maj\u00ed ob\u010das \u0159idi\u010di tendenci zanedb\u00e1vat.<\/p>\n<p>Cesta po opu\u0161t\u011bn\u00ed \u010cesk\u00e9 republiky pak pokra\u010duje po E55 sm\u011brem na Linz a\u017e na d\u00e1lnici A7, kde pak najedete na A1 ve sm\u011bru Salzburg\/Graz\/Passau, a p\u0159ed Salzburgem se napoj\u00edte na A10 ve sm\u011bru Italien\/Slowenien\/Graz\/Villach, kter\u00e1 v\u00e1s povede skrze Tauernsk\u00e9 tunely, kter\u00e9 byly \u0159idi\u010di je\u0161t\u011b p\u0159ed mnoha lety ob\u00e1van\u00e9 kv\u016fli \u010dast\u00fdm z\u00e1cp\u00e1m. To u\u017e nen\u00ed tak kritick\u00e9, proto\u017ee d\u00edky nov\u011b p\u0159idan\u00e9mu tubusu se v tunelu v\u00a0ka\u017ed\u00e9m sm\u011bru jezd\u00ed dv\u011bma pruhy. Za pr\u016fjezd tunely zaplat\u00edte 11 EUR za jednu cestu, ale i zde existuje celoro\u010dn\u00ed varianta, a to karta za 103 EUR. Tunel\u016fm se naopak d\u00e1 i vyhnout, pokud se v\u00e1m platba poplatku nezamlouv\u00e1. Na d\u00e1lnici A10 pouze odbo\u010dte na Rennweg\/Katschberg. V\u00a0obou variant\u00e1ch dojedete k\u00a0Villachu, kde po najet\u00ed na d\u00e1lnici A2 dojedete po 30 km ke hranic\u00edm s\u00a0It\u00e1li\u00ed.<\/p>\n<p>V\u00a0It\u00e1lii jsou placen\u00e9 jednotliv\u00e9 d\u00e1lni\u010dn\u00ed \u00faseky zvl\u00e1\u0161\u0165, a to d\u00edky l\u00edstkov\u00e9mu syst\u00e9mu \u2013 p\u0159i vjezdu na d\u00e1lnici si v\u00a0automatu nech\u00e1te vytisknout l\u00edstek, kter\u00fd pak u v\u00fdjezdu odevzd\u00e1te (nen\u00ed snad t\u0159eba zd\u016fraz\u0148ovat, \u017ee nen\u00ed dobr\u00e9 jej ztratit) a zaplat\u00edte kilometry, kter\u00e9 jste po d\u00e1lnici ujeli. M\u00fdto lze platit hotov\u011b i kartou, v\u011bt\u0161inou v\u00fdb\u011br\u010d\u00edm, na n\u011bkter\u00fdch m\u00edstech i v\u00a0automatech. Vyhn\u011bte se p\u0159i sj\u00ed\u017ed\u011bn\u00ed z\u00a0d\u00e1lnice termin\u00e1l\u016fm, kter\u00e9 maj\u00ed nad sebou ceduli s\u00a0n\u00e1pisem Telepass. Tyto termin\u00e1ly nefunguj\u00ed na b\u00e1zi l\u00edstkov\u00e9ho syst\u00e9mu, ale automatick\u00e9ho ode\u010d\u00edt\u00e1n\u00ed pen\u011bz z\u00a0termin\u00e1lu um\u00edst\u011bn\u00e9ho v\u00a0aut\u011b. Naopak nejrychleji projedete termin\u00e1ly ozna\u010den\u00fdmi cedul\u00ed Carte, kde je automat, do kter\u00e9ho pouze vlo\u017e\u00edte l\u00edstek z\u00a0n\u00e1jezdu na d\u00e1lnici a pak jen platebn\u00ed kartu (nen\u00ed t\u0159eba zad\u00e1vat pin ani nic dal\u0161\u00edho, za chvilku jedete d\u00e1l). Zaj\u00edmav\u00fd \u010dl\u00e1nek o doprav\u011b do It\u00e1lie i v It\u00e1lii naleznete na <span style=\"color: #3366ff;\"><a style=\"color: #3366ff;\" href=\"https:\/\/www.italieonline.eu\/cs\/italie-dovolena-autem-434.htm\">www.italieonline.eu<\/a><\/span>.<\/p>\n<p>Po p\u0159\u00edjezdu do It\u00e1lie se tedy vydejte po d\u00e1lnici A23 ve sm\u011bru Udine a d\u00e1le po A4 sm\u011brem na Ben\u00e1tky (Venezia) a sje\u010fte na v\u00fdjezdu Santo Stino di Livenza\/Caorle. Poplatek za tuto trasu by m\u011bl vyj\u00edt p\u0159ibli\u017en\u011b na 12 EUR. P\u0159ed m\u011bstem Caorle se dejte doleva a\u00a0je\u010fte sm\u011brem na P. S. Margherita a po sedmi kilometrech odbo\u010dte na Lido Altanea Ovest.<\/p>\n<hr \/>\n<h3><strong><br \/>\n<img loading=\"lazy\" decoding=\"async\" class=\"alignnone size-full wp-image-428\" src=\"https:\/\/altanea.holiday\/de\/wp-content\/themes\/altanea\/kt\/core\/images\/transparent.png\" data-src=\"http:\/\/altanea.holiday\/de\/wp-content\/uploads\/2017\/05\/train.png\" alt=\"\" width=\"32\" height=\"32\" \/>\u00a0 Vlakem<\/strong><\/h3>\n<p>Vlakem se d\u00e1 dojet z\u00a0Prahy pravideln\u00fdm p\u0159\u00edm\u00fdm spojem Praha, hlavn\u00ed n\u00e1dra\u017e\u00ed \u2013 Ben\u00e1tky, je ale t\u0159eba vystoupit ve m\u011bst\u011b Portogruaro, ze kter\u00e9ho se pak doprav\u00edte autobusem do Caorle. Ohledn\u011b ceny se m\u016f\u017eete informovat pouze na pokladn\u011b \u010cesk\u00fdch drah (www.cd.cz).<\/p>\n<hr \/>\n<h3><strong><br \/>\n<img loading=\"lazy\" decoding=\"async\" class=\"alignnone size-full wp-image-432\" src=\"https:\/\/altanea.holiday\/de\/wp-content\/themes\/altanea\/kt\/core\/images\/transparent.png\" data-src=\"http:\/\/altanea.holiday\/de\/wp-content\/uploads\/2017\/05\/plane.png\" alt=\"\" width=\"32\" height=\"32\" \/>\u00a0 Letecky<\/strong><\/h3>\n<p>P\u0159\u00edm\u00fd let z\u00a0Prahy je mo\u017en\u00fd do Ben\u00e1tek nebo do Trevisa, ze kter\u00fdch se ale d\u00e1 do Caorle dopravit linkov\u00fdm autobusem. Jako pr\u016fm\u011brn\u00e1 cena jednosm\u011brn\u00e9 letenky t\u00e9to trasy se uv\u00e1d\u00ed 1811 K\u010d, z\u00e1le\u017e\u00ed samoz\u0159ejm\u011b na term\u00ednu a dopravci.<\/p>\n<hr \/>\n<h3><strong><br \/>\n<img loading=\"lazy\" decoding=\"async\" class=\"alignnone size-full wp-image-434\" src=\"https:\/\/altanea.holiday\/de\/wp-content\/themes\/altanea\/kt\/core\/images\/transparent.png\" data-src=\"http:\/\/altanea.holiday\/de\/wp-content\/uploads\/2017\/05\/bus.png\" alt=\"\" width=\"32\" height=\"32\" \/>\u00a0 Autobusem<\/strong><\/h3>\n<p>Z\u00a0Prahy do Caorle jezd\u00ed autobusy ka\u017ed\u00fd den, obousm\u011brn\u00e1 j\u00edzdenka se d\u00e1 zakoupit od 2.090,- K\u010d. Nav\u00edc autobusy neodj\u00ed\u017ed\u00ed jen z\u00a0Prahy a n\u011bkte\u0159\u00ed dopravci za drobn\u00fd p\u0159\u00edplatek nab\u00edzej\u00ed i mo\u017enost zvolit si vlastn\u00ed n\u00e1stupn\u00ed m\u00edsto. Odjezdy autobus\u016f z \u010cR jsou v\u017edy v p\u00e1tek ve ve\u010dern\u00edch hodin\u00e1ch (Praha 19:00, Brno 22:00) a v sobotu r\u00e1no jste na m\u00edst\u011b. Zp\u00e1te\u010dn\u00ed odjezdy z Caorle Altanea prob\u00edhaj\u00ed v sobotn\u00edch ve\u010dern\u00edch hodin\u00e1ch (podle aktu\u00e1ln\u00ed dopravn\u00ed situace cca kolem 20. hod.) a v ned\u011bli r\u00e1no jste zp\u011bt v \u010cR. Pro bli\u017e\u0161\u00ed informace a objedn\u00e1vky dopravy m\u016f\u017eete vyu\u017e\u00edt <span style=\"color: #3366ff;\"><a style=\"color: #3366ff;\" href=\"https:\/\/www.italieonline.eu\/cs\/autobusova-doprava-do-italie-78.htm\">CK Italieonline<\/a><\/span>.<\/p>\n","protected":false},"excerpt":{"rendered":"<p>\u00a0 Autem Cesta autem do tohoto letoviska je velice p\u0159\u00edjemn\u00e1 a neobt\u00ed\u017en\u00e1, jeliko\u017e hned po v\u00fdjezdu z\u00a0\u010cesk\u00e9 republiky najedete na d\u00e1lnici, ze kter\u00e9 sjedete a\u017e t\u00e9m\u011b\u0159 na m\u00edst\u011b. Odhadovan\u00e1 cena vych\u00e1zej\u00edc\u00ed z\u00a0pr\u016fm\u011brn\u00e9 spot\u0159eby (zahrnuj\u00edc\u00ed m\u00fdta a dal\u0161\u00ed poplatky) je okolo 2\u00a0500 K\u010d na jednu cestu (po\u010d\u00edt\u00e1no z Prahy\/Brna). Z\u00a0Prahy doporu\u010dujeme cestu p\u0159es \u010cesk\u00e9 Bud\u011bjovice a&#8230;<\/p>\n","protected":false},"author":1,"featured_media":0,"parent":16,"menu_order":10,"comment_status":"closed","ping_status":"closed","template":"","meta":{"footnotes":""},"class_list":["post-18","page","type-page","status-publish","hentry"],"yoast_head":"<!-- This site is optimized with the Yoast SEO plugin v25.2 - https:\/\/yoast.com\/wordpress\/plugins\/seo\/ -->\n<title>Verkehr - Altanea DE<\/title>\n<meta name=\"robots\" content=\"index, follow, max-snippet:-1, max-image-preview:large, max-video-preview:-1\" \/>\n<link rel=\"canonical\" href=\"https:\/\/altanea.holiday\/de\/lokalitat\/verkehr\/\" \/>\n<meta property=\"og:locale\" content=\"de_DE\" \/>\n<meta property=\"og:type\" content=\"article\" \/>\n<meta property=\"og:title\" content=\"Verkehr - Altanea DE\" \/>\n<meta property=\"og:description\" content=\"\u00a0 Autem Cesta autem do tohoto letoviska je velice p\u0159\u00edjemn\u00e1 a neobt\u00ed\u017en\u00e1, jeliko\u017e hned po v\u00fdjezdu z\u00a0\u010cesk\u00e9 republiky najedete na d\u00e1lnici, ze kter\u00e9 sjedete a\u017e t\u00e9m\u011b\u0159 na m\u00edst\u011b. Odhadovan\u00e1 cena vych\u00e1zej\u00edc\u00ed z\u00a0pr\u016fm\u011brn\u00e9 spot\u0159eby (zahrnuj\u00edc\u00ed m\u00fdta a dal\u0161\u00ed poplatky) je okolo 2\u00a0500 K\u010d na jednu cestu (po\u010d\u00edt\u00e1no z Prahy\/Brna). Z\u00a0Prahy doporu\u010dujeme cestu p\u0159es \u010cesk\u00e9 Bud\u011bjovice a...\" \/>\n<meta property=\"og:url\" content=\"https:\/\/altanea.holiday\/de\/lokalitat\/verkehr\/\" \/>\n<meta property=\"og:site_name\" content=\"Altanea DE\" \/>\n<meta property=\"og:image\" content=\"http:\/\/altanea.holiday\/de\/wp-content\/uploads\/2017\/05\/car.png\" \/>\n<meta name=\"twitter:card\" content=\"summary_large_image\" \/>\n<meta name=\"twitter:label1\" content=\"Gesch\u00e4tzte Lesezeit\" \/>\n\t<meta name=\"twitter:data1\" content=\"5\u00a0Minuten\" \/>\n<script type=\"application\/ld+json\" class=\"yoast-schema-graph\">{\"@context\":\"https:\/\/schema.org\",\"@graph\":[{\"@type\":\"WebPage\",\"@id\":\"https:\/\/altanea.holiday\/de\/lokalitat\/verkehr\/\",\"url\":\"https:\/\/altanea.holiday\/de\/lokalitat\/verkehr\/\",\"name\":\"Verkehr - Altanea DE\",\"isPartOf\":{\"@id\":\"https:\/\/altanea.holiday\/de\/#website\"},\"primaryImageOfPage\":{\"@id\":\"https:\/\/altanea.holiday\/de\/lokalitat\/verkehr\/#primaryimage\"},\"image\":{\"@id\":\"https:\/\/altanea.holiday\/de\/lokalitat\/verkehr\/#primaryimage\"},\"thumbnailUrl\":\"http:\/\/altanea.holiday\/de\/wp-content\/uploads\/2017\/05\/car.png\",\"datePublished\":\"2018-09-25T20:23:31+00:00\",\"breadcrumb\":{\"@id\":\"https:\/\/altanea.holiday\/de\/lokalitat\/verkehr\/#breadcrumb\"},\"inLanguage\":\"de\",\"potentialAction\":[{\"@type\":\"ReadAction\",\"target\":[\"https:\/\/altanea.holiday\/de\/lokalitat\/verkehr\/\"]}]},{\"@type\":\"ImageObject\",\"inLanguage\":\"de\",\"@id\":\"https:\/\/altanea.holiday\/de\/lokalitat\/verkehr\/#primaryimage\",\"url\":\"http:\/\/altanea.holiday\/de\/wp-content\/uploads\/2017\/05\/car.png\",\"contentUrl\":\"http:\/\/altanea.holiday\/de\/wp-content\/uploads\/2017\/05\/car.png\"},{\"@type\":\"BreadcrumbList\",\"@id\":\"https:\/\/altanea.holiday\/de\/lokalitat\/verkehr\/#breadcrumb\",\"itemListElement\":[{\"@type\":\"ListItem\",\"position\":1,\"name\":\"Altanea.holiday\",\"item\":\"https:\/\/altanea.holiday\/de\/\"},{\"@type\":\"ListItem\",\"position\":2,\"name\":\"Lokalit\u00e4t\",\"item\":\"https:\/\/altanea.holiday\/de\/lokalitat\/\"},{\"@type\":\"ListItem\",\"position\":3,\"name\":\"Verkehr\"}]},{\"@type\":\"WebSite\",\"@id\":\"https:\/\/altanea.holiday\/de\/#website\",\"url\":\"https:\/\/altanea.holiday\/de\/\",\"name\":\"Altanea DE\",\"description\":\"Caorle - Lido di Altanea\",\"potentialAction\":[{\"@type\":\"SearchAction\",\"target\":{\"@type\":\"EntryPoint\",\"urlTemplate\":\"https:\/\/altanea.holiday\/de\/?s={search_term_string}\"},\"query-input\":{\"@type\":\"PropertyValueSpecification\",\"valueRequired\":true,\"valueName\":\"search_term_string\"}}],\"inLanguage\":\"de\"}]}<\/script>\n<!-- \/ Yoast SEO plugin. -->","yoast_head_json":{"title":"Verkehr - Altanea DE","robots":{"index":"index","follow":"follow","max-snippet":"max-snippet:-1","max-image-preview":"max-image-preview:large","max-video-preview":"max-video-preview:-1"},"canonical":"https:\/\/altanea.holiday\/de\/lokalitat\/verkehr\/","og_locale":"de_DE","og_type":"article","og_title":"Verkehr - Altanea DE","og_description":"\u00a0 Autem Cesta autem do tohoto letoviska je velice p\u0159\u00edjemn\u00e1 a neobt\u00ed\u017en\u00e1, jeliko\u017e hned po v\u00fdjezdu z\u00a0\u010cesk\u00e9 republiky najedete na d\u00e1lnici, ze kter\u00e9 sjedete a\u017e t\u00e9m\u011b\u0159 na m\u00edst\u011b. Odhadovan\u00e1 cena vych\u00e1zej\u00edc\u00ed z\u00a0pr\u016fm\u011brn\u00e9 spot\u0159eby (zahrnuj\u00edc\u00ed m\u00fdta a dal\u0161\u00ed poplatky) je okolo 2\u00a0500 K\u010d na jednu cestu (po\u010d\u00edt\u00e1no z Prahy\/Brna). Z\u00a0Prahy doporu\u010dujeme cestu p\u0159es \u010cesk\u00e9 Bud\u011bjovice a...","og_url":"https:\/\/altanea.holiday\/de\/lokalitat\/verkehr\/","og_site_name":"Altanea DE","og_image":[{"url":"http:\/\/altanea.holiday\/de\/wp-content\/uploads\/2017\/05\/car.png","type":"","width":"","height":""}],"twitter_card":"summary_large_image","twitter_misc":{"Gesch\u00e4tzte Lesezeit":"5\u00a0Minuten"},"schema":{"@context":"https:\/\/schema.org","@graph":[{"@type":"WebPage","@id":"https:\/\/altanea.holiday\/de\/lokalitat\/verkehr\/","url":"https:\/\/altanea.holiday\/de\/lokalitat\/verkehr\/","name":"Verkehr - Altanea DE","isPartOf":{"@id":"https:\/\/altanea.holiday\/de\/#website"},"primaryImageOfPage":{"@id":"https:\/\/altanea.holiday\/de\/lokalitat\/verkehr\/#primaryimage"},"image":{"@id":"https:\/\/altanea.holiday\/de\/lokalitat\/verkehr\/#primaryimage"},"thumbnailUrl":"http:\/\/altanea.holiday\/de\/wp-content\/uploads\/2017\/05\/car.png","datePublished":"2018-09-25T20:23:31+00:00","breadcrumb":{"@id":"https:\/\/altanea.holiday\/de\/lokalitat\/verkehr\/#breadcrumb"},"inLanguage":"de","potentialAction":[{"@type":"ReadAction","target":["https:\/\/altanea.holiday\/de\/lokalitat\/verkehr\/"]}]},{"@type":"ImageObject","inLanguage":"de","@id":"https:\/\/altanea.holiday\/de\/lokalitat\/verkehr\/#primaryimage","url":"http:\/\/altanea.holiday\/de\/wp-content\/uploads\/2017\/05\/car.png","contentUrl":"http:\/\/altanea.holiday\/de\/wp-content\/uploads\/2017\/05\/car.png"},{"@type":"BreadcrumbList","@id":"https:\/\/altanea.holiday\/de\/lokalitat\/verkehr\/#breadcrumb","itemListElement":[{"@type":"ListItem","position":1,"name":"Altanea.holiday","item":"https:\/\/altanea.holiday\/de\/"},{"@type":"ListItem","position":2,"name":"Lokalit\u00e4t","item":"https:\/\/altanea.holiday\/de\/lokalitat\/"},{"@type":"ListItem","position":3,"name":"Verkehr"}]},{"@type":"WebSite","@id":"https:\/\/altanea.holiday\/de\/#website","url":"https:\/\/altanea.holiday\/de\/","name":"Altanea DE","description":"Caorle - Lido di Altanea","potentialAction":[{"@type":"SearchAction","target":{"@type":"EntryPoint","urlTemplate":"https:\/\/altanea.holiday\/de\/?s={search_term_string}"},"query-input":{"@type":"PropertyValueSpecification","valueRequired":true,"valueName":"search_term_string"}}],"inLanguage":"de"}]}},"_links":{"self":[{"href":"https:\/\/altanea.holiday\/de\/wp-json\/wp\/v2\/pages\/18","targetHints":{"allow":["GET"]}}],"collection":[{"href":"https:\/\/altanea.holiday\/de\/wp-json\/wp\/v2\/pages"}],"about":[{"href":"https:\/\/altanea.holiday\/de\/wp-json\/wp\/v2\/types\/page"}],"author":[{"embeddable":true,"href":"https:\/\/altanea.holiday\/de\/wp-json\/wp\/v2\/users\/1"}],"replies":[{"embeddable":true,"href":"https:\/\/altanea.holiday\/de\/wp-json\/wp\/v2\/comments?post=18"}],"version-history":[{"count":1,"href":"https:\/\/altanea.holiday\/de\/wp-json\/wp\/v2\/pages\/18\/revisions"}],"predecessor-version":[{"id":19,"href":"https:\/\/altanea.holiday\/de\/wp-json\/wp\/v2\/pages\/18\/revisions\/19"}],"up":[{"embeddable":true,"href":"https:\/\/altanea.holiday\/de\/wp-json\/wp\/v2\/pages\/16"}],"wp:attachment":[{"href":"https:\/\/altanea.holiday\/de\/wp-json\/wp\/v2\/media?parent=18"}],"curies":[{"name":"wp","href":"https:\/\/api.w.org\/{rel}","templated":true}]}}