{"id":16,"date":"2018-09-25T22:22:14","date_gmt":"2018-09-25T20:22:14","guid":{"rendered":"https:\/\/multisite.altanea.holiday\/de\/?page_id=16"},"modified":"2018-09-25T22:22:14","modified_gmt":"2018-09-25T20:22:14","slug":"lokalitat","status":"publish","type":"page","link":"https:\/\/altanea.holiday\/de\/lokalitat\/","title":{"rendered":"Lokalit\u00e4t"},"content":{"rendered":"<hr \/>\n<p><strong><br \/>\n<\/strong>Lido Altanea je jedno z\u00a0nejvyhled\u00e1van\u011bj\u0161\u00edch p\u0159\u00edmo\u0159sk\u00fdch letovisek v\u00a0severn\u00ed It\u00e1lii. Nach\u00e1z\u00ed se u Jadersk\u00e9ho mo\u0159e v\u00a0oblasti zvan\u00e9 Ben\u00e1tsko (Veneto). V\u00a0bezprost\u0159edn\u00ed vzd\u00e1lenosti se nach\u00e1z\u00ed jedno z\u00a0nejmalebn\u011bj\u0161\u00edch m\u011bst It\u00e1lie, Caorle, kter\u00e9 m\u016f\u017ee d\u00edky sv\u00e9 rozmanit\u00e9 historii nab\u00eddnout \u0159adu v\u00fdjime\u010dn\u00fdch pam\u00e1tek.<\/p>\n<p>Samotn\u00e9 letovisko pak poskytuje prostor pro ide\u00e1ln\u00ed pr\u00e1zdninov\u00fd pobyt pro rodiny s\u00a0d\u011btmi. Na plo\u0161e n\u00e1dhern\u011b udr\u017eovan\u00e9 zelen\u011b naleznete dva hotely, kter\u00e9 m\u016f\u017eeme v\u0159ele doporu\u010dit. Ve\u0161ker\u00e9 ubytovac\u00ed kapacity, kter\u00e9 m\u00e1 Lido Altanea k\u00a0dispozici, jsou vybaveny klimatizac\u00ed, baz\u00e9ny a wi-fi zdarma. Ubytov\u00e1n\u00ed je tak\u00e9 zabezpe\u010deno pomoc\u00ed p\u0159\u00edstupov\u00fdch k\u00f3d\u016f, tak\u017ee si m\u016f\u017eete b\u00fdt jist\u00ed, \u017ee va\u0161e dovolen\u00e1 prob\u011bhne bez probl\u00e9m\u016f. V\u00a0ka\u017ed\u00e9m z\u00a0are\u00e1l\u016f jsou k\u00a0dispozici neplacen\u00e1 parkovi\u0161t\u011b, v\u00a0okol\u00ed je vystav\u011bna s\u00ed\u0165 cyklostezek a nav\u00edc are\u00e1lem jezd\u00ed turistick\u00fd vl\u00e1\u010dek, co\u017e ocen\u00ed p\u0159edev\u0161\u00edm rodiny s\u00a0d\u011btmi. Vl\u00e1\u010dek jezd\u00ed i na p\u00eds\u010ditou, \u010distou pl\u00e1\u017e s\u00a0pozvoln\u00fdm vstupem do mo\u0159e, kterou si jist\u011b zamilujete.<br \/>\nLido Altanea je tou nejlep\u0161\u00ed volbou i kv\u016fli neuv\u011b\u0159iteln\u011b pestr\u00e9mu programu a mo\u017enostem vy\u017eit\u00ed. B\u011bhem sez\u00f3ny funguje anima\u010dn\u00ed program, kter\u00fd zahrnuje \u0159adu sport\u016f, sout\u011b\u017e\u00ed a hudebn\u00edch ve\u010der\u016f. Sport je mo\u017en\u00e9 provozovat i individu\u00e1ln\u011b, a to d\u00edky tenisov\u00fdm kurt\u016fm a h\u0159i\u0161t\u00edm na volejbal, fotbal, basketbal i badminton. P\u00fdchou lokality je golfov\u00fd klub s 18 jamkami.<\/p>\n<p>Pro d\u011bti je b\u011bhem dovolen\u00e9 p\u0159ipraven\u00fd miniclub s\u00a0bohat\u00fdm programem a zku\u0161en\u00fdmi anim\u00e1tory, se kter\u00fdmi se skute\u010dn\u011b nudit nebudou. Host\u016fm je k\u00a0dispozici i velk\u00fd supermarket, n\u00e1kupn\u00ed galerie se spoustou obchod\u016f, kav\u00e1rny, zmrzlin\u00e1rny a mnoho dal\u0161\u00edho.<\/p>\n<p>Doporu\u010dujeme v\u00e1m k\u00a0pro\u010dten\u00ed ostatn\u00ed sekce na\u0161ich str\u00e1nek, kde se o destinaci dozv\u00edte v\u00edce.\u00a0 V\u011b\u0159\u00edme, \u017ee si Lido Altanea zamilujete a budete se r\u00e1di vracet.<\/p>\n<p>&nbsp;<\/p>\n<style id=\"bwg-style-0\">    #bwg_container1_0 #bwg_container2_0 .bwg-container-0.bwg-standard-thumbnails {      width: 1804px;              justify-content: center;        margin:0 auto !important;              background-color: rgba(255, 255, 255, 0.00);            padding-left: 4px;      padding-top: 4px;      max-width: 100%;            }        #bwg_container1_0 #bwg_container2_0 .bwg-container-0.bwg-standard-thumbnails .bwg-item {    justify-content: flex-start;      max-width: 360px;          }    #bwg_container1_0 #bwg_container2_0 .bwg-container-0.bwg-standard-thumbnails .bwg-item a {       margin-right: 4px;       margin-bottom: 4px;    }    #bwg_container1_0 #bwg_container2_0 .bwg-container-0.bwg-standard-thumbnails .bwg-item0 {      padding: 0px;            background-color:rgba(0,0,0, 0.30);      border: 0px none #CCCCCC;      opacity: 1.00;      border-radius: 0;      box-shadow: ;    }    #bwg_container1_0 #bwg_container2_0 .bwg-container-0.bwg-standard-thumbnails .bwg-item1 img {      max-height: none;      max-width: none;      padding: 0 !important;    }         @media only screen and (min-width: 480px) {\t\t#bwg_container1_0 #bwg_container2_0 .bwg-container-0.bwg-standard-thumbnails .bwg-item1 img {\t\t\t-webkit-transition: all .3s; transition: all .3s;\t\t}\t\t#bwg_container1_0 #bwg_container2_0 .bwg-container-0.bwg-standard-thumbnails .bwg-item1 img:hover {\t\t\t-ms-transform: scale(1.08);\t\t\t-webkit-transform: scale(1.08);\t\t\ttransform: scale(1.08);\t\t}\t\t      }\t    #bwg_container1_0 #bwg_container2_0 .bwg-container-0.bwg-standard-thumbnails .bwg-item1 {      padding-top: 50%;    }        #bwg_container1_0 #bwg_container2_0 .bwg-container-0.bwg-standard-thumbnails .bwg-title2,    #bwg_container1_0 #bwg_container2_0 .bwg-container-0.bwg-standard-thumbnails .bwg-ecommerce2 {      color: #323A45;      font-family: Ubuntu;      font-size: 16px;      font-weight: bold;      padding: 2px;      text-shadow: ;      max-height: 100%;    }    #bwg_container1_0 #bwg_container2_0 .bwg-container-0.bwg-standard-thumbnails .bwg-thumb-description span {    color: #323A45;    font-family: Ubuntu;    font-size: 12px;    max-height: 100%;    word-wrap: break-word;    }    #bwg_container1_0 #bwg_container2_0 .bwg-container-0.bwg-standard-thumbnails .bwg-play-icon2 {      font-size: 32px;    }    #bwg_container1_0 #bwg_container2_0 .bwg-container-0.bwg-standard-thumbnails .bwg-ecommerce2 {      font-size: 19.2px;      color: #323A45;    }    <\/style>    <div id=\"bwg_container1_0\"         class=\"bwg_container bwg_thumbnail bwg_thumbnails \"         data-right-click-protection=\"0\"         data-bwg=\"0\"         data-scroll=\"0\"         data-gallery-type=\"thumbnails\"         data-gallery-view-type=\"thumbnails\"         data-current-url=\"\/de\/wp-json\/wp\/v2\/pages\/16\"         data-lightbox-url=\"https:\/\/altanea.holiday\/de\/wp-admin\/admin-ajax.php?action=GalleryBox&#038;current_view=0&#038;gallery_id=4&#038;tag=0&#038;theme_id=1&#038;shortcode_id=9&#038;sort_by=order&#038;order_by=asc&#038;current_url=%2Fde%2Fwp-json%2Fwp%2Fv2%2Fpages%2F16\"         data-gallery-id=\"4\"         data-popup-width=\"1000\"         data-popup-height=\"700\"         data-is-album=\"gallery\"         data-buttons-position=\"bottom\">      <div id=\"bwg_container2_0\">             <div id=\"ajax_loading_0\" class=\"bwg_loading_div_1\">      <div class=\"bwg_loading_div_2\">        <div class=\"bwg_loading_div_3\">          <div id=\"loading_div_0\" class=\"bwg_spider_ajax_loading\">          <\/div>        <\/div>      <\/div>    <\/div>            <form id=\"gal_front_form_0\"              class=\"bwg-hidden\"              method=\"post\"              action=\"#\"              data-current=\"0\"              data-shortcode-id=\"9\"              data-gallery-type=\"thumbnails\"              data-gallery-id=\"4\"              data-tag=\"0\"              data-album-id=\"0\"              data-theme-id=\"1\"              data-ajax-url=\"https:\/\/altanea.holiday\/de\/wp-admin\/admin-ajax.php?action=bwg_frontend_data\">          <div id=\"bwg_container3_0\" class=\"bwg-background bwg-background-0\">                <div data-max-count=\"5\"         data-thumbnail-width=\"360\"         data-bwg=\"0\"         data-gallery-id=\"4\"         data-lightbox-url=\"https:\/\/altanea.holiday\/de\/wp-admin\/admin-ajax.php?action=GalleryBox&amp;current_view=0&amp;gallery_id=4&amp;tag=0&amp;theme_id=1&amp;shortcode_id=9&amp;sort_by=order&amp;order_by=asc&amp;current_url=%2Fde%2Fwp-json%2Fwp%2Fv2%2Fpages%2F16\"         id=\"bwg_thumbnails_0\"         class=\"bwg-container-0 bwg-thumbnails bwg-standard-thumbnails bwg-container bwg-border-box\">            <div class=\"bwg-item\">        <a class=\"bwg-a  bwg_lightbox\"  data-image-id=\"22\" href=\"https:\/\/altanea.holiday\/de\/wp-content\/uploads\/sites\/5\/photo-gallery\/Altanea_letecka_upr..jpg\" data-elementor-open-lightbox=\"no\">                <div class=\"bwg-item0 \">          <div class=\"bwg-item1 \">            <div class=\"bwg-item2\">              <img decoding=\"async\" class=\"skip-lazy bwg_standart_thumb_img_0 \"                   data-id=\"22\"                   data-width=\"\"                   data-height=\"\"                   data-src=\"https:\/\/altanea.holiday\/de\/wp-content\/themes\/altanea\/kt\/core\/images\/transparent.png\" data-src=\"https:\/\/altanea.holiday\/de\/wp-content\/uploads\/sites\/5\/photo-gallery\/thumb\/Altanea_letecka_upr..jpg\"                   src=\"https:\/\/altanea.holiday\/de\/wp-content\/themes\/altanea\/kt\/core\/images\/transparent.png\" data-src=\"https:\/\/altanea.holiday\/de\/wp-content\/uploads\/sites\/5\/photo-gallery\/thumb\/Altanea_letecka_upr..jpg\"                   alt=\"Altanea letecka upr.\"                   title=\"Altanea letecka upr.\" \/>            <\/div>            <div class=\"\">                                                      <\/div>          <\/div>        <\/div>                        <\/a>              <\/div>            <div class=\"bwg-item\">        <a class=\"bwg-a  bwg_lightbox\"  data-image-id=\"23\" href=\"https:\/\/altanea.holiday\/de\/wp-content\/uploads\/sites\/5\/photo-gallery\/_MG_8435altanea_alto_2011.JPG\" data-elementor-open-lightbox=\"no\">                <div class=\"bwg-item0 \">          <div class=\"bwg-item1 \">            <div class=\"bwg-item2\">              <img decoding=\"async\" class=\"skip-lazy bwg_standart_thumb_img_0 \"                   data-id=\"23\"                   data-width=\"\"                   data-height=\"\"                   data-src=\"https:\/\/altanea.holiday\/de\/wp-content\/themes\/altanea\/kt\/core\/images\/transparent.png\" data-src=\"https:\/\/altanea.holiday\/de\/wp-content\/uploads\/sites\/5\/photo-gallery\/thumb\/_MG_8435altanea_alto_2011.JPG\"                   src=\"https:\/\/altanea.holiday\/de\/wp-content\/themes\/altanea\/kt\/core\/images\/transparent.png\" data-src=\"https:\/\/altanea.holiday\/de\/wp-content\/uploads\/sites\/5\/photo-gallery\/thumb\/_MG_8435altanea_alto_2011.JPG\"                   alt=\" MG 8435altanea alto 2011\"                   title=\" MG 8435altanea alto 2011\" \/>            <\/div>            <div class=\"\">                                                      <\/div>          <\/div>        <\/div>                        <\/a>              <\/div>            <div class=\"bwg-item\">        <a class=\"bwg-a  bwg_lightbox\"  data-image-id=\"24\" href=\"https:\/\/altanea.holiday\/de\/wp-content\/uploads\/sites\/5\/photo-gallery\/AAanimazione_alta_2014137.JPG\" data-elementor-open-lightbox=\"no\">                <div class=\"bwg-item0 \">          <div class=\"bwg-item1 \">            <div class=\"bwg-item2\">              <img decoding=\"async\" class=\"skip-lazy bwg_standart_thumb_img_0 \"                   data-id=\"24\"                   data-width=\"\"                   data-height=\"\"                   data-src=\"https:\/\/altanea.holiday\/de\/wp-content\/themes\/altanea\/kt\/core\/images\/transparent.png\" data-src=\"https:\/\/altanea.holiday\/de\/wp-content\/uploads\/sites\/5\/photo-gallery\/thumb\/AAanimazione_alta_2014137.JPG\"                   src=\"https:\/\/altanea.holiday\/de\/wp-content\/themes\/altanea\/kt\/core\/images\/transparent.png\" data-src=\"https:\/\/altanea.holiday\/de\/wp-content\/uploads\/sites\/5\/photo-gallery\/thumb\/AAanimazione_alta_2014137.JPG\"                   alt=\"AAanimazione alta 2014137\"                   title=\"AAanimazione alta 2014137\" \/>            <\/div>            <div class=\"\">                                                      <\/div>          <\/div>        <\/div>                        <\/a>              <\/div>          <\/div>    <style>      \/*pagination styles*\/      #bwg_container1_0 #bwg_container2_0 .tablenav-pages_0 {\t\t\t\ttext-align: center;\t\t\t\tfont-size: 12px;\t\t\t\tfont-family: Ubuntu;\t\t\t\tfont-weight: bold;\t\t\t\tcolor: #666666;\t\t\t\tmargin: 6px 0 4px;\t\t\t\tdisplay: block;      }      @media only screen and (max-width : 320px) {      #bwg_container1_0 #bwg_container2_0 .displaying-num_0 {     \t display: none;      }      }      #bwg_container1_0 #bwg_container2_0 .displaying-num_0 {\t\t\t\tfont-size: 12px;\t\t\t\tfont-family: Ubuntu;\t\t\t\tfont-weight: bold;\t\t\t\tcolor: #666666;\t\t\t\tmargin-right: 10px;\t\t\t\tvertical-align: middle;      }      #bwg_container1_0 #bwg_container2_0 .paging-input_0 {\t\t\t\tfont-size: 12px;\t\t\t\tfont-family: Ubuntu;\t\t\t\tfont-weight: bold;\t\t\t\tcolor: #666666;\t\t\t\tvertical-align: middle;      }      #bwg_container1_0 #bwg_container2_0 .tablenav-pages_0 a.disabled,      #bwg_container1_0 #bwg_container2_0 .tablenav-pages_0 a.disabled:hover,      #bwg_container1_0 #bwg_container2_0 .tablenav-pages_0 a.disabled:focus,\t\t\t#bwg_container1_0 #bwg_container2_0 .tablenav-pages_0 input.bwg_current_page {\t\t\t\tcursor: default;\t\t\t\tcolor: rgba(102, 102, 102, 0.5);      }      #bwg_container1_0 #bwg_container2_0 .tablenav-pages_0 a,      #bwg_container1_0 #bwg_container2_0 .tablenav-pages_0 input.bwg_current_page {\t\t\t\tcursor: pointer;\t\t\t\ttext-align: center;\t\t\t\tfont-size: 12px;\t\t\t\tfont-family: Ubuntu;\t\t\t\tfont-weight: bold;\t\t\t\tcolor: #666666;\t\t\t\ttext-decoration: none;\t\t\t\tpadding: 3px 6px;\t\t\t\tmargin: 0;\t\t\t\tborder-radius: 0;\t\t\t\tborder-style: solid;\t\t\t\tborder-width: 1px;\t\t\t\tborder-color: #E3E3E3;\t\t\t\t\t\t\t\tbackground-color: rgba(255, 255, 255, 1.00);\t\t\t\tbox-shadow: 0;\t\t\t\ttransition: all 0.3s ease 0s;-webkit-transition: all 0.3s ease 0s;      }      <\/style>      <span class=\"bwg_nav_cont_0\">              <div class=\"tablenav-pages_0\">                  <\/div>                <input type=\"hidden\" id=\"page_number_0\" name=\"page_number_0\" value=\"1\" \/>      <script type=\"text\/javascript\">        if( jQuery('.bwg_nav_cont_0').length > 1 ) {          jQuery('.bwg_nav_cont_0').first().remove()        }        function spider_page_0(cur, x, y, load_more) {          if (typeof load_more == \"undefined\") {            var load_more = false;          }          if (jQuery(cur).hasClass('disabled')) {            return false;          }          var items_county_0 = 1;          switch (y) {            case 1:              if (x >= items_county_0) {                document.getElementById('page_number_0').value = items_county_0;              }              else {                document.getElementById('page_number_0').value = x + 1;              }              break;            case 2:              document.getElementById('page_number_0').value = items_county_0;              break;            case -1:              if (x == 1) {                document.getElementById('page_number_0').value = 1;              }              else {                document.getElementById('page_number_0').value = x - 1;              }              break;            case -2:              document.getElementById('page_number_0').value = 1;              break;\t\t\t\t\t\tcase 0:              document.getElementById('page_number_0').value = x;              break;            default:              document.getElementById('page_number_0').value = 1;          }          bwg_ajax('gal_front_form_0', '0', 'bwg_thumbnails_0', '0', '', 'gallery', 0, '', '', load_more, '', 1);        }                    jQuery('.first-page-0').on('click', function () {              spider_page_0(this, 1, -2, 'numeric');              return false;            });            jQuery('.prev-page-0').on('click', function () {              spider_page_0(this, 1, -1, 'numeric');              return false;            });            jQuery('.next-page-0').on('click', function () {              spider_page_0(this, 1, 1, 'numeric');              return false;            });            jQuery('.last-page-0').on('click', function () {              spider_page_0(this, 1, 2, 'numeric');              return false;            });        \t\t\t\t\/* Change page on input enter. *\/        function bwg_change_page_0( e, that ) {          if (  e.key == 'Enter' ) {            var to_page = parseInt(jQuery(that).val());            var pages_count = jQuery(that).parents(\".pagination-links\").data(\"pages-count\");            var current_url_param = jQuery(that).attr('data-url-info');            if (to_page > pages_count) {              to_page = 1;            }\t \t\t\t\t\t\t\t\t\t\t\t\tspider_page_0(this, to_page, 0, 'numeric');\t\t\t\t\t\t\treturn false;\t\t\t\t\t\t          }          return true;        }        jQuery('.bwg_load_btn_0').on('click', function () {            spider_page_0(this, 1, 1, true);            return false;        });      <\/script>      <\/span>                <\/div>        <\/form>        <style>          #bwg_container1_0 #bwg_container2_0 #spider_popup_overlay_0 {          background-color: #EEEEEE;          opacity: 0.60;          }          <\/style>        <div id=\"bwg_spider_popup_loading_0\" class=\"bwg_spider_popup_loading\"><\/div>        <div id=\"spider_popup_overlay_0\" class=\"spider_popup_overlay\" onclick=\"spider_destroypopup(1000)\"><\/div>        <input type=\"hidden\" id=\"bwg_random_seed_0\" value=\"524236243\">                <\/div>    <\/div>    <script>      if (document.readyState === 'complete') {        if( typeof bwg_main_ready == 'function' ) {          if ( jQuery(\"#bwg_container1_0\").height() ) {            bwg_main_ready(jQuery(\"#bwg_container1_0\"));          }        }      } else {        document.addEventListener('DOMContentLoaded', function() {          if( typeof bwg_main_ready == 'function' ) {            if ( jQuery(\"#bwg_container1_0\").height() ) {             bwg_main_ready(jQuery(\"#bwg_container1_0\"));            }          }        });      }    <\/script>    \n","protected":false},"excerpt":{"rendered":"<p>Lido Altanea je jedno z\u00a0nejvyhled\u00e1van\u011bj\u0161\u00edch p\u0159\u00edmo\u0159sk\u00fdch letovisek v\u00a0severn\u00ed It\u00e1lii. Nach\u00e1z\u00ed se u Jadersk\u00e9ho mo\u0159e v\u00a0oblasti zvan\u00e9 Ben\u00e1tsko (Veneto). V\u00a0bezprost\u0159edn\u00ed vzd\u00e1lenosti se nach\u00e1z\u00ed jedno z\u00a0nejmalebn\u011bj\u0161\u00edch m\u011bst It\u00e1lie, Caorle, kter\u00e9 m\u016f\u017ee d\u00edky sv\u00e9 rozmanit\u00e9 historii nab\u00eddnout \u0159adu v\u00fdjime\u010dn\u00fdch pam\u00e1tek. Samotn\u00e9 letovisko pak poskytuje prostor pro ide\u00e1ln\u00ed pr\u00e1zdninov\u00fd pobyt pro rodiny s\u00a0d\u011btmi. Na plo\u0161e n\u00e1dhern\u011b udr\u017eovan\u00e9 zelen\u011b naleznete&#8230;<\/p>\n","protected":false},"author":1,"featured_media":0,"parent":0,"menu_order":20,"comment_status":"closed","ping_status":"closed","template":"","meta":{"footnotes":""},"class_list":["post-16","page","type-page","status-publish","hentry"],"yoast_head":"<!-- This site is optimized with the Yoast SEO plugin v25.2 - https:\/\/yoast.com\/wordpress\/plugins\/seo\/ -->\n<title>Lokalit\u00e4t - Altanea DE<\/title>\n<meta name=\"robots\" content=\"index, follow, max-snippet:-1, max-image-preview:large, max-video-preview:-1\" \/>\n<link rel=\"canonical\" href=\"https:\/\/altanea.holiday\/de\/lokalitat\/\" \/>\n<meta property=\"og:locale\" content=\"de_DE\" \/>\n<meta property=\"og:type\" content=\"article\" \/>\n<meta property=\"og:title\" content=\"Lokalit\u00e4t - Altanea DE\" \/>\n<meta property=\"og:description\" content=\"Lido Altanea je jedno z\u00a0nejvyhled\u00e1van\u011bj\u0161\u00edch p\u0159\u00edmo\u0159sk\u00fdch letovisek v\u00a0severn\u00ed It\u00e1lii. Nach\u00e1z\u00ed se u Jadersk\u00e9ho mo\u0159e v\u00a0oblasti zvan\u00e9 Ben\u00e1tsko (Veneto). V\u00a0bezprost\u0159edn\u00ed vzd\u00e1lenosti se nach\u00e1z\u00ed jedno z\u00a0nejmalebn\u011bj\u0161\u00edch m\u011bst It\u00e1lie, Caorle, kter\u00e9 m\u016f\u017ee d\u00edky sv\u00e9 rozmanit\u00e9 historii nab\u00eddnout \u0159adu v\u00fdjime\u010dn\u00fdch pam\u00e1tek. Samotn\u00e9 letovisko pak poskytuje prostor pro ide\u00e1ln\u00ed pr\u00e1zdninov\u00fd pobyt pro rodiny s\u00a0d\u011btmi. Na plo\u0161e n\u00e1dhern\u011b udr\u017eovan\u00e9 zelen\u011b naleznete...\" \/>\n<meta property=\"og:url\" content=\"https:\/\/altanea.holiday\/de\/lokalitat\/\" \/>\n<meta property=\"og:site_name\" content=\"Altanea DE\" \/>\n<meta name=\"twitter:card\" content=\"summary_large_image\" \/>\n<meta name=\"twitter:label1\" content=\"Gesch\u00e4tzte Lesezeit\" \/>\n\t<meta name=\"twitter:data1\" content=\"2\u00a0Minuten\" \/>\n<script type=\"application\/ld+json\" class=\"yoast-schema-graph\">{\"@context\":\"https:\/\/schema.org\",\"@graph\":[{\"@type\":\"WebPage\",\"@id\":\"https:\/\/altanea.holiday\/de\/lokalitat\/\",\"url\":\"https:\/\/altanea.holiday\/de\/lokalitat\/\",\"name\":\"Lokalit\u00e4t - Altanea DE\",\"isPartOf\":{\"@id\":\"https:\/\/altanea.holiday\/de\/#website\"},\"datePublished\":\"2018-09-25T20:22:14+00:00\",\"breadcrumb\":{\"@id\":\"https:\/\/altanea.holiday\/de\/lokalitat\/#breadcrumb\"},\"inLanguage\":\"de\",\"potentialAction\":[{\"@type\":\"ReadAction\",\"target\":[\"https:\/\/altanea.holiday\/de\/lokalitat\/\"]}]},{\"@type\":\"BreadcrumbList\",\"@id\":\"https:\/\/altanea.holiday\/de\/lokalitat\/#breadcrumb\",\"itemListElement\":[{\"@type\":\"ListItem\",\"position\":1,\"name\":\"Altanea.holiday\",\"item\":\"https:\/\/altanea.holiday\/de\/\"},{\"@type\":\"ListItem\",\"position\":2,\"name\":\"Lokalit\u00e4t\"}]},{\"@type\":\"WebSite\",\"@id\":\"https:\/\/altanea.holiday\/de\/#website\",\"url\":\"https:\/\/altanea.holiday\/de\/\",\"name\":\"Altanea DE\",\"description\":\"Caorle - Lido di Altanea\",\"potentialAction\":[{\"@type\":\"SearchAction\",\"target\":{\"@type\":\"EntryPoint\",\"urlTemplate\":\"https:\/\/altanea.holiday\/de\/?s={search_term_string}\"},\"query-input\":{\"@type\":\"PropertyValueSpecification\",\"valueRequired\":true,\"valueName\":\"search_term_string\"}}],\"inLanguage\":\"de\"}]}<\/script>\n<!-- \/ Yoast SEO plugin. -->","yoast_head_json":{"title":"Lokalit\u00e4t - Altanea DE","robots":{"index":"index","follow":"follow","max-snippet":"max-snippet:-1","max-image-preview":"max-image-preview:large","max-video-preview":"max-video-preview:-1"},"canonical":"https:\/\/altanea.holiday\/de\/lokalitat\/","og_locale":"de_DE","og_type":"article","og_title":"Lokalit\u00e4t - Altanea DE","og_description":"Lido Altanea je jedno z\u00a0nejvyhled\u00e1van\u011bj\u0161\u00edch p\u0159\u00edmo\u0159sk\u00fdch letovisek v\u00a0severn\u00ed It\u00e1lii. Nach\u00e1z\u00ed se u Jadersk\u00e9ho mo\u0159e v\u00a0oblasti zvan\u00e9 Ben\u00e1tsko (Veneto). V\u00a0bezprost\u0159edn\u00ed vzd\u00e1lenosti se nach\u00e1z\u00ed jedno z\u00a0nejmalebn\u011bj\u0161\u00edch m\u011bst It\u00e1lie, Caorle, kter\u00e9 m\u016f\u017ee d\u00edky sv\u00e9 rozmanit\u00e9 historii nab\u00eddnout \u0159adu v\u00fdjime\u010dn\u00fdch pam\u00e1tek. Samotn\u00e9 letovisko pak poskytuje prostor pro ide\u00e1ln\u00ed pr\u00e1zdninov\u00fd pobyt pro rodiny s\u00a0d\u011btmi. Na plo\u0161e n\u00e1dhern\u011b udr\u017eovan\u00e9 zelen\u011b naleznete...","og_url":"https:\/\/altanea.holiday\/de\/lokalitat\/","og_site_name":"Altanea DE","twitter_card":"summary_large_image","twitter_misc":{"Gesch\u00e4tzte Lesezeit":"2\u00a0Minuten"},"schema":{"@context":"https:\/\/schema.org","@graph":[{"@type":"WebPage","@id":"https:\/\/altanea.holiday\/de\/lokalitat\/","url":"https:\/\/altanea.holiday\/de\/lokalitat\/","name":"Lokalit\u00e4t - Altanea DE","isPartOf":{"@id":"https:\/\/altanea.holiday\/de\/#website"},"datePublished":"2018-09-25T20:22:14+00:00","breadcrumb":{"@id":"https:\/\/altanea.holiday\/de\/lokalitat\/#breadcrumb"},"inLanguage":"de","potentialAction":[{"@type":"ReadAction","target":["https:\/\/altanea.holiday\/de\/lokalitat\/"]}]},{"@type":"BreadcrumbList","@id":"https:\/\/altanea.holiday\/de\/lokalitat\/#breadcrumb","itemListElement":[{"@type":"ListItem","position":1,"name":"Altanea.holiday","item":"https:\/\/altanea.holiday\/de\/"},{"@type":"ListItem","position":2,"name":"Lokalit\u00e4t"}]},{"@type":"WebSite","@id":"https:\/\/altanea.holiday\/de\/#website","url":"https:\/\/altanea.holiday\/de\/","name":"Altanea DE","description":"Caorle - Lido di Altanea","potentialAction":[{"@type":"SearchAction","target":{"@type":"EntryPoint","urlTemplate":"https:\/\/altanea.holiday\/de\/?s={search_term_string}"},"query-input":{"@type":"PropertyValueSpecification","valueRequired":true,"valueName":"search_term_string"}}],"inLanguage":"de"}]}},"_links":{"self":[{"href":"https:\/\/altanea.holiday\/de\/wp-json\/wp\/v2\/pages\/16","targetHints":{"allow":["GET"]}}],"collection":[{"href":"https:\/\/altanea.holiday\/de\/wp-json\/wp\/v2\/pages"}],"about":[{"href":"https:\/\/altanea.holiday\/de\/wp-json\/wp\/v2\/types\/page"}],"author":[{"embeddable":true,"href":"https:\/\/altanea.holiday\/de\/wp-json\/wp\/v2\/users\/1"}],"replies":[{"embeddable":true,"href":"https:\/\/altanea.holiday\/de\/wp-json\/wp\/v2\/comments?post=16"}],"version-history":[{"count":1,"href":"https:\/\/altanea.holiday\/de\/wp-json\/wp\/v2\/pages\/16\/revisions"}],"predecessor-version":[{"id":17,"href":"https:\/\/altanea.holiday\/de\/wp-json\/wp\/v2\/pages\/16\/revisions\/17"}],"wp:attachment":[{"href":"https:\/\/altanea.holiday\/de\/wp-json\/wp\/v2\/media?parent=16"}],"curies":[{"name":"wp","href":"https:\/\/api.w.org\/{rel}","templated":true}]}}