{"id":14,"date":"2018-09-25T22:21:09","date_gmt":"2018-09-25T20:21:09","guid":{"rendered":"https:\/\/multisite.altanea.holiday\/de\/?page_id=14"},"modified":"2018-09-25T22:21:09","modified_gmt":"2018-09-25T20:21:09","slug":"kontakt","status":"publish","type":"page","link":"https:\/\/altanea.holiday\/de\/kontakt\/","title":{"rendered":"Kontakt"},"content":{"rendered":"<hr \/>\n<p><strong><br \/>\nCestovn\u00ed kancel\u00e1\u0159 Italieonline<\/strong><\/p>\n<p>Cestovn\u00ed kancel\u00e1\u0159 Italieonline s.r.o., se s\u00eddlem Bryksova 757, 198 00 Praha 9, je zapsan\u00e1 u M\u011bstsk\u00e9ho soudu v\u00a0Praze odd\u00edl\u00a0C, vlo\u017eka 118991, \u00a0I\u010c: 27614140,\u00a0DI\u010c: CZ27614140<\/p>\n<table style=\"height: 380px;\" width=\"523\">\n<tbody>\n<tr>\n<td><strong>Firma<\/strong><\/td>\n<td>Italieonline s.r.o.<\/td>\n<\/tr>\n<tr>\n<td><strong>S\u00eddlo<\/strong><\/td>\n<td>Bryksova 757,<br \/>\n198 00 Praha 9 &#8211; \u010cern\u00fd Most (<span style=\"color: #3366ff;\"><a style=\"color: #3366ff;\" href=\"http:\/\/www.mapy.cz\/#z=15&amp;q=italieonline&amp;qp=14.562326_50.102555_14.583849_50.111879_15&amp;t=s&amp;x=14.580526&amp;y=50.108063&amp;d=firm_1279210_1\" target=\"_blank\" rel=\"noopener noreferrer\">mapa<\/a><\/span>)<\/td>\n<\/tr>\n<tr>\n<td><strong>I\u010cO<\/strong><\/td>\n<td>276 141 40<\/td>\n<\/tr>\n<tr>\n<td><strong>Telefon CZ<\/strong><\/td>\n<td>284 811 218,\u00a0284 811 219,\u00a0284 811 220<br \/>\n778 545 418, 778 545 419<\/td>\n<\/tr>\n<tr>\n<td><strong>Telefon\u00a0SK<\/strong><\/td>\n<td>+421 233 006 523<\/td>\n<\/tr>\n<tr>\n<td><strong>Telefon\u00a0PL<\/strong><\/td>\n<td>+48 223 987 493<\/td>\n<\/tr>\n<tr>\n<td><strong>Telefon\u00a0IT<\/strong><\/td>\n<td>+39 0431 980 001<\/td>\n<\/tr>\n<tr>\n<td><strong>Fax<\/strong><\/td>\n<td>+420 284 811 210<\/td>\n<\/tr>\n<tr>\n<td><strong>Skype<\/strong><\/td>\n<td><span style=\"color: #3366ff;\"><a style=\"color: #3366ff;\" href=\"callto:\/\/Italieonline-office\">Italieonline-office<\/a><\/span><\/td>\n<\/tr>\n<tr>\n<td><strong>E-mail<\/strong><\/td>\n<td><span style=\"color: #3366ff;\"><a style=\"color: #3366ff;\" href=\"mailto:info@italieonline.eu\">info@italieonline.eu<\/a><\/span><\/td>\n<\/tr>\n<\/tbody>\n<\/table>\n<hr \/>\n<p><strong>Otev\u00edrac\u00ed doba kancel\u00e1\u0159e<\/strong><\/p>\n<p>Chcete se o v\u00fdb\u011bru dovolen\u00e9 poradit osobn\u011b v na\u0161\u00ed kancel\u00e1\u0159i? R\u00e1di v\u00e1s p\u0159iv\u00edt\u00e1me v na\u0161\u00ed provozovn\u011b na adrese Bryksova 757, Praha 9 &#8211; \u010cern\u00fd Most (kone\u010dn\u00e1 metra linka B) v n\u00ed\u017ee uveden\u00fdch dnech a \u010dasech.<\/p>\n<table style=\"height: 280px;\" width=\"315\">\n<tbody>\n<tr>\n<td><strong>Pond\u011bl\u00ed<\/strong><\/td>\n<td>8,30 &#8211; 17,00<\/td>\n<\/tr>\n<tr>\n<td><strong>\u00dater\u00fd<\/strong><\/td>\n<td>8,30 &#8211; 17,00<\/td>\n<\/tr>\n<tr>\n<td><strong>St\u0159eda<\/strong><\/td>\n<td>8,30 &#8211; 17,00<\/td>\n<\/tr>\n<tr>\n<td><strong>\u010ctvrtek<\/strong><\/td>\n<td>8,30 &#8211; 17,00<\/td>\n<\/tr>\n<tr>\n<td><strong>P\u00e1tek<\/strong><\/td>\n<td>8,30 &#8211; 17,00<\/td>\n<\/tr>\n<tr>\n<td><strong>Sobota<\/strong><\/td>\n<td>zav\u0159eno<\/td>\n<\/tr>\n<tr>\n<td><strong>Ned\u011ble<\/strong><\/td>\n<td>zav\u0159eno<\/td>\n<\/tr>\n<\/tbody>\n<\/table>\n<hr \/>\n<p><strong>Provozn\u00ed doba callcentra<\/strong><\/p>\n<p>Pot\u0159ebujete poradit s v\u00fdb\u011brem dovolen\u00e9 nebo m\u00e1te n\u011bjak\u00fd konkr\u00e9tn\u00ed dotaz k ji\u017e potvrzen\u00e9 rezervaci? Na\u0161e oper\u00e1torky jsou v\u00e1m k dispozici v n\u00ed\u017ee uveden\u00e9 dny a hodiny a t\u011bchto telefonn\u00edch \u010d\u00edslech:<\/p>\n<table style=\"height: 280px;\" width=\"315\">\n<tbody>\n<tr>\n<td><strong>Pond\u011bl\u00ed<\/strong><\/td>\n<td>8,30 &#8211; 18,30<\/td>\n<\/tr>\n<tr>\n<td><strong>\u00dater\u00fd<\/strong><\/td>\n<td>8,30 &#8211; 18,30<\/td>\n<\/tr>\n<tr>\n<td><strong>St\u0159eda<\/strong><\/td>\n<td>8,30 &#8211; 18,30<\/td>\n<\/tr>\n<tr>\n<td><strong>\u010ctvrtek<\/strong><\/td>\n<td>8,30 &#8211; 18,30<\/td>\n<\/tr>\n<tr>\n<td><strong>P\u00e1tek<\/strong><\/td>\n<td>8,30 &#8211; 18,30<\/td>\n<\/tr>\n<tr>\n<td><strong>Sobota<\/strong><\/td>\n<td>9,00 &#8211; 17,00<\/td>\n<\/tr>\n<tr>\n<td><strong>Ned\u011ble<\/strong><\/td>\n<td>zav\u0159eno<\/td>\n<\/tr>\n<\/tbody>\n<\/table>\n<p>&nbsp;<\/p>\n","protected":false},"excerpt":{"rendered":"<p>Cestovn\u00ed kancel\u00e1\u0159 Italieonline Cestovn\u00ed kancel\u00e1\u0159 Italieonline s.r.o., se s\u00eddlem Bryksova 757, 198 00 Praha 9, je zapsan\u00e1 u M\u011bstsk\u00e9ho soudu v\u00a0Praze odd\u00edl\u00a0C, vlo\u017eka 118991, \u00a0I\u010c: 27614140,\u00a0DI\u010c: CZ27614140 Firma Italieonline s.r.o. S\u00eddlo Bryksova 757, 198 00 Praha 9 &#8211; \u010cern\u00fd Most (mapa) I\u010cO 276 141 40 Telefon CZ 284 811 218,\u00a0284 811 219,\u00a0284 811 220 778&#8230;<\/p>\n","protected":false},"author":1,"featured_media":0,"parent":0,"menu_order":10,"comment_status":"closed","ping_status":"closed","template":"","meta":{"footnotes":""},"class_list":["post-14","page","type-page","status-publish","hentry"],"yoast_head":"<!-- This site is optimized with the Yoast SEO plugin v25.2 - https:\/\/yoast.com\/wordpress\/plugins\/seo\/ -->\n<title>Kontakt - Altanea DE<\/title>\n<meta name=\"robots\" content=\"index, follow, max-snippet:-1, max-image-preview:large, max-video-preview:-1\" \/>\n<link rel=\"canonical\" href=\"https:\/\/altanea.holiday\/de\/kontakt\/\" \/>\n<meta property=\"og:locale\" content=\"de_DE\" \/>\n<meta property=\"og:type\" content=\"article\" \/>\n<meta property=\"og:title\" content=\"Kontakt - Altanea DE\" \/>\n<meta property=\"og:description\" content=\"Cestovn\u00ed kancel\u00e1\u0159 Italieonline Cestovn\u00ed kancel\u00e1\u0159 Italieonline s.r.o., se s\u00eddlem Bryksova 757, 198 00 Praha 9, je zapsan\u00e1 u M\u011bstsk\u00e9ho soudu v\u00a0Praze odd\u00edl\u00a0C, vlo\u017eka 118991, \u00a0I\u010c: 27614140,\u00a0DI\u010c: CZ27614140 Firma Italieonline s.r.o. S\u00eddlo Bryksova 757, 198 00 Praha 9 &#8211; \u010cern\u00fd Most (mapa) I\u010cO 276 141 40 Telefon CZ 284 811 218,\u00a0284 811 219,\u00a0284 811 220 778...\" \/>\n<meta property=\"og:url\" content=\"https:\/\/altanea.holiday\/de\/kontakt\/\" \/>\n<meta property=\"og:site_name\" content=\"Altanea DE\" \/>\n<meta name=\"twitter:card\" content=\"summary_large_image\" \/>\n<meta name=\"twitter:label1\" content=\"Gesch\u00e4tzte Lesezeit\" \/>\n\t<meta name=\"twitter:data1\" content=\"1\u00a0Minute\" \/>\n<script type=\"application\/ld+json\" class=\"yoast-schema-graph\">{\"@context\":\"https:\/\/schema.org\",\"@graph\":[{\"@type\":\"WebPage\",\"@id\":\"https:\/\/altanea.holiday\/de\/kontakt\/\",\"url\":\"https:\/\/altanea.holiday\/de\/kontakt\/\",\"name\":\"Kontakt - Altanea DE\",\"isPartOf\":{\"@id\":\"https:\/\/altanea.holiday\/de\/#website\"},\"datePublished\":\"2018-09-25T20:21:09+00:00\",\"breadcrumb\":{\"@id\":\"https:\/\/altanea.holiday\/de\/kontakt\/#breadcrumb\"},\"inLanguage\":\"de\",\"potentialAction\":[{\"@type\":\"ReadAction\",\"target\":[\"https:\/\/altanea.holiday\/de\/kontakt\/\"]}]},{\"@type\":\"BreadcrumbList\",\"@id\":\"https:\/\/altanea.holiday\/de\/kontakt\/#breadcrumb\",\"itemListElement\":[{\"@type\":\"ListItem\",\"position\":1,\"name\":\"Altanea.holiday\",\"item\":\"https:\/\/altanea.holiday\/de\/\"},{\"@type\":\"ListItem\",\"position\":2,\"name\":\"Kontakt\"}]},{\"@type\":\"WebSite\",\"@id\":\"https:\/\/altanea.holiday\/de\/#website\",\"url\":\"https:\/\/altanea.holiday\/de\/\",\"name\":\"Altanea DE\",\"description\":\"Caorle - Lido di Altanea\",\"potentialAction\":[{\"@type\":\"SearchAction\",\"target\":{\"@type\":\"EntryPoint\",\"urlTemplate\":\"https:\/\/altanea.holiday\/de\/?s={search_term_string}\"},\"query-input\":{\"@type\":\"PropertyValueSpecification\",\"valueRequired\":true,\"valueName\":\"search_term_string\"}}],\"inLanguage\":\"de\"}]}<\/script>\n<!-- \/ Yoast SEO plugin. -->","yoast_head_json":{"title":"Kontakt - Altanea DE","robots":{"index":"index","follow":"follow","max-snippet":"max-snippet:-1","max-image-preview":"max-image-preview:large","max-video-preview":"max-video-preview:-1"},"canonical":"https:\/\/altanea.holiday\/de\/kontakt\/","og_locale":"de_DE","og_type":"article","og_title":"Kontakt - Altanea DE","og_description":"Cestovn\u00ed kancel\u00e1\u0159 Italieonline Cestovn\u00ed kancel\u00e1\u0159 Italieonline s.r.o., se s\u00eddlem Bryksova 757, 198 00 Praha 9, je zapsan\u00e1 u M\u011bstsk\u00e9ho soudu v\u00a0Praze odd\u00edl\u00a0C, vlo\u017eka 118991, \u00a0I\u010c: 27614140,\u00a0DI\u010c: CZ27614140 Firma Italieonline s.r.o. S\u00eddlo Bryksova 757, 198 00 Praha 9 &#8211; \u010cern\u00fd Most (mapa) I\u010cO 276 141 40 Telefon CZ 284 811 218,\u00a0284 811 219,\u00a0284 811 220 778...","og_url":"https:\/\/altanea.holiday\/de\/kontakt\/","og_site_name":"Altanea DE","twitter_card":"summary_large_image","twitter_misc":{"Gesch\u00e4tzte Lesezeit":"1\u00a0Minute"},"schema":{"@context":"https:\/\/schema.org","@graph":[{"@type":"WebPage","@id":"https:\/\/altanea.holiday\/de\/kontakt\/","url":"https:\/\/altanea.holiday\/de\/kontakt\/","name":"Kontakt - Altanea DE","isPartOf":{"@id":"https:\/\/altanea.holiday\/de\/#website"},"datePublished":"2018-09-25T20:21:09+00:00","breadcrumb":{"@id":"https:\/\/altanea.holiday\/de\/kontakt\/#breadcrumb"},"inLanguage":"de","potentialAction":[{"@type":"ReadAction","target":["https:\/\/altanea.holiday\/de\/kontakt\/"]}]},{"@type":"BreadcrumbList","@id":"https:\/\/altanea.holiday\/de\/kontakt\/#breadcrumb","itemListElement":[{"@type":"ListItem","position":1,"name":"Altanea.holiday","item":"https:\/\/altanea.holiday\/de\/"},{"@type":"ListItem","position":2,"name":"Kontakt"}]},{"@type":"WebSite","@id":"https:\/\/altanea.holiday\/de\/#website","url":"https:\/\/altanea.holiday\/de\/","name":"Altanea DE","description":"Caorle - Lido di Altanea","potentialAction":[{"@type":"SearchAction","target":{"@type":"EntryPoint","urlTemplate":"https:\/\/altanea.holiday\/de\/?s={search_term_string}"},"query-input":{"@type":"PropertyValueSpecification","valueRequired":true,"valueName":"search_term_string"}}],"inLanguage":"de"}]}},"_links":{"self":[{"href":"https:\/\/altanea.holiday\/de\/wp-json\/wp\/v2\/pages\/14","targetHints":{"allow":["GET"]}}],"collection":[{"href":"https:\/\/altanea.holiday\/de\/wp-json\/wp\/v2\/pages"}],"about":[{"href":"https:\/\/altanea.holiday\/de\/wp-json\/wp\/v2\/types\/page"}],"author":[{"embeddable":true,"href":"https:\/\/altanea.holiday\/de\/wp-json\/wp\/v2\/users\/1"}],"replies":[{"embeddable":true,"href":"https:\/\/altanea.holiday\/de\/wp-json\/wp\/v2\/comments?post=14"}],"version-history":[{"count":1,"href":"https:\/\/altanea.holiday\/de\/wp-json\/wp\/v2\/pages\/14\/revisions"}],"predecessor-version":[{"id":15,"href":"https:\/\/altanea.holiday\/de\/wp-json\/wp\/v2\/pages\/14\/revisions\/15"}],"wp:attachment":[{"href":"https:\/\/altanea.holiday\/de\/wp-json\/wp\/v2\/media?parent=14"}],"curies":[{"name":"wp","href":"https:\/\/api.w.org\/{rel}","templated":true}]}}