{"id":45,"date":"2018-09-19T21:52:37","date_gmt":"2018-09-19T19:52:37","guid":{"rendered":"https:\/\/multisite.altanea.holiday\/cz\/?page_id=45"},"modified":"2018-09-19T21:52:37","modified_gmt":"2018-09-19T19:52:37","slug":"obchody-a-trhy","status":"publish","type":"page","link":"https:\/\/altanea.holiday\/cz\/prakticke-info\/obchody-a-trhy\/","title":{"rendered":"Obchody a trhy"},"content":{"rendered":"<hr \/>\n<p>P\u0159\u00edmo ve st\u0159edisku Altanea najdete kompletn\u00ed nab\u00eddku obchod\u016f v\u0161eho druhu, v\u010detn\u011b supermarketu, obchod\u016f s oble\u010den\u00edm, hra\u010dkami, m\u00f3dou, restaurace, bary i zmrzlin\u00e1rny apod. V\u00a0bezprost\u0159edn\u00ed vzd\u00e1lenosti letoviska Lido Altanea se nach\u00e1z\u00ed velk\u00fd hypermarket (Aliper), kde zakoup\u00edte ve\u0161ker\u00e9 potraviny za v\u00fdhodn\u00e9 ceny, dal\u0161\u00ed supermarkety a z\u00e1bavu pak naleznete v historick\u00e9m centru\u00a0Caorle (cca 5km).<\/p>\n<p><strong>P\u0159ehled t\u00fddenn\u00edch trh\u016f v okol\u00ed:<\/strong><\/p>\n<table style=\"height: 455px;\" border=\"1\" width=\"539\">\n<tbody>\n<tr>\n<td>Pond\u011bl\u00ed<\/td>\n<td style=\"padding-left: 30px;\">San Dona di Piave<br \/>\nLignano Concordia<br \/>\nSagittaria<\/td>\n<\/tr>\n<tr>\n<td>\u00dater\u00fd<\/td>\n<td style=\"padding-left: 30px;\">Eraclea<br \/>\nBibione<br \/>\nCavallino<br \/>\nP.S. Margherita (ve\u010dern\u00ed cca 20:30 &#8211; 23:00)<\/td>\n<\/tr>\n<tr>\n<td>St\u0159eda<\/td>\n<td style=\"padding-left: 30px;\">Latisana<br \/>\nDuna Verde<br \/>\nEraclea Mare (ve\u010dern\u00ed cca 20:30 &#8211; 23:00)<\/td>\n<\/tr>\n<tr>\n<td>\u010ctvrtek<\/td>\n<td style=\"padding-left: 30px;\">Portogruaro<br \/>\nCortelazzo<\/td>\n<\/tr>\n<tr>\n<td>P\u00e1tek<\/td>\n<td style=\"padding-left: 30px;\">Jesolo (m\u011bsto)<\/td>\n<\/tr>\n<tr>\n<td>Sobota<\/td>\n<td style=\"padding-left: 30px;\">Caorle<br \/>\nSan Stino di Livenza<\/td>\n<\/tr>\n<tr>\n<td>Ned\u011ble<\/td>\n<td style=\"padding-left: 30px;\">Torre di Fine<br \/>\nVenezia<\/td>\n<\/tr>\n<\/tbody>\n<\/table>\n<p>&nbsp;<\/p>\n<p>Trhy se v\u00a0Caorle po\u0159\u00e1daj\u00ed celoro\u010dn\u011b ka\u017ed\u00e9 sobotn\u00ed dopoledne v\u00a0ulici Via Aldo Moro. V Porto Santa Margherita je pak naleznete na adrese Via Pigafetta ka\u017ed\u00fd \u00fatern\u00ed ve\u010der a v\u00a0Duna Verde na adrese Piazzale Madoneta ka\u017edou st\u0159edu ve\u010der \u2013 tyto trhy se ale konaj\u00ed pouze v\u00a0letn\u00ed sez\u00f3n\u011b, a to od 15. kv\u011btna do 15. z\u00e1\u0159\u00ed. V Bibione se trh provozuje v\u00edckr\u00e1t t\u00fddn\u011b, a to v\u00a0\u00faterky, p\u00e1tky a soboty od 08:00 do 13:00. Jedn\u00e1 se p\u0159edev\u0161\u00edm o vyhl\u00e1\u0161en\u00fd trh s\u00a0rybami. V\u00a0Concordii m\u016f\u017eete trh nav\u0161t\u00edvit v\u00a0ulici Via Antonio Vivaldi ka\u017ed\u00e9 pond\u011bl\u00ed od 08:00 do 14:00.<\/p>\n","protected":false},"excerpt":{"rendered":"<p>P\u0159\u00edmo ve st\u0159edisku Altanea najdete kompletn\u00ed nab\u00eddku obchod\u016f v\u0161eho druhu, v\u010detn\u011b supermarketu, obchod\u016f s oble\u010den\u00edm, hra\u010dkami, m\u00f3dou, restaurace, bary i zmrzlin\u00e1rny apod. V\u00a0bezprost\u0159edn\u00ed vzd\u00e1lenosti letoviska Lido Altanea se nach\u00e1z\u00ed velk\u00fd hypermarket (Aliper), kde zakoup\u00edte ve\u0161ker\u00e9 potraviny za v\u00fdhodn\u00e9 ceny, dal\u0161\u00ed supermarkety a z\u00e1bavu pak naleznete v historick\u00e9m centru\u00a0Caorle (cca 5km). P\u0159ehled t\u00fddenn\u00edch trh\u016f v okol\u00ed:&#8230;<\/p>\n","protected":false},"author":1,"featured_media":0,"parent":41,"menu_order":20,"comment_status":"closed","ping_status":"closed","template":"","meta":{"footnotes":""},"class_list":["post-45","page","type-page","status-publish","hentry"],"yoast_head":"<!-- This site is optimized with the Yoast SEO plugin v25.2 - https:\/\/yoast.com\/wordpress\/plugins\/seo\/ -->\n<title>Obchody a trhy - Altanea CZ<\/title>\n<meta name=\"robots\" content=\"index, follow, max-snippet:-1, max-image-preview:large, max-video-preview:-1\" \/>\n<link rel=\"canonical\" href=\"https:\/\/altanea.holiday\/cz\/prakticke-info\/obchody-a-trhy\/\" \/>\n<meta property=\"og:locale\" content=\"cs_CZ\" \/>\n<meta property=\"og:type\" content=\"article\" \/>\n<meta property=\"og:title\" content=\"Obchody a trhy - Altanea CZ\" \/>\n<meta property=\"og:description\" content=\"P\u0159\u00edmo ve st\u0159edisku Altanea najdete kompletn\u00ed nab\u00eddku obchod\u016f v\u0161eho druhu, v\u010detn\u011b supermarketu, obchod\u016f s oble\u010den\u00edm, hra\u010dkami, m\u00f3dou, restaurace, bary i zmrzlin\u00e1rny apod. V\u00a0bezprost\u0159edn\u00ed vzd\u00e1lenosti letoviska Lido Altanea se nach\u00e1z\u00ed velk\u00fd hypermarket (Aliper), kde zakoup\u00edte ve\u0161ker\u00e9 potraviny za v\u00fdhodn\u00e9 ceny, dal\u0161\u00ed supermarkety a z\u00e1bavu pak naleznete v historick\u00e9m centru\u00a0Caorle (cca 5km). P\u0159ehled t\u00fddenn\u00edch trh\u016f v okol\u00ed:...\" \/>\n<meta property=\"og:url\" content=\"https:\/\/altanea.holiday\/cz\/prakticke-info\/obchody-a-trhy\/\" \/>\n<meta property=\"og:site_name\" content=\"Altanea CZ\" \/>\n<meta name=\"twitter:card\" content=\"summary_large_image\" \/>\n<meta name=\"twitter:label1\" content=\"Odhadovan\u00e1 doba \u010dten\u00ed\" \/>\n\t<meta name=\"twitter:data1\" content=\"1 minuta\" \/>\n<script type=\"application\/ld+json\" class=\"yoast-schema-graph\">{\"@context\":\"https:\/\/schema.org\",\"@graph\":[{\"@type\":\"WebPage\",\"@id\":\"https:\/\/altanea.holiday\/cz\/prakticke-info\/obchody-a-trhy\/\",\"url\":\"https:\/\/altanea.holiday\/cz\/prakticke-info\/obchody-a-trhy\/\",\"name\":\"Obchody a trhy - Altanea CZ\",\"isPartOf\":{\"@id\":\"https:\/\/altanea.holiday\/cz\/#website\"},\"datePublished\":\"2018-09-19T19:52:37+00:00\",\"breadcrumb\":{\"@id\":\"https:\/\/altanea.holiday\/cz\/prakticke-info\/obchody-a-trhy\/#breadcrumb\"},\"inLanguage\":\"cs\",\"potentialAction\":[{\"@type\":\"ReadAction\",\"target\":[\"https:\/\/altanea.holiday\/cz\/prakticke-info\/obchody-a-trhy\/\"]}]},{\"@type\":\"BreadcrumbList\",\"@id\":\"https:\/\/altanea.holiday\/cz\/prakticke-info\/obchody-a-trhy\/#breadcrumb\",\"itemListElement\":[{\"@type\":\"ListItem\",\"position\":1,\"name\":\"Altanea.holiday\",\"item\":\"https:\/\/altanea.holiday\/cz\/\"},{\"@type\":\"ListItem\",\"position\":2,\"name\":\"Praktick\u00e9 info\",\"item\":\"https:\/\/altanea.holiday\/cz\/prakticke-info\/\"},{\"@type\":\"ListItem\",\"position\":3,\"name\":\"Obchody a trhy\"}]},{\"@type\":\"WebSite\",\"@id\":\"https:\/\/altanea.holiday\/cz\/#website\",\"url\":\"https:\/\/altanea.holiday\/cz\/\",\"name\":\"Altanea CZ\",\"description\":\"Caorle - Lido di Altanea\",\"potentialAction\":[{\"@type\":\"SearchAction\",\"target\":{\"@type\":\"EntryPoint\",\"urlTemplate\":\"https:\/\/altanea.holiday\/cz\/?s={search_term_string}\"},\"query-input\":{\"@type\":\"PropertyValueSpecification\",\"valueRequired\":true,\"valueName\":\"search_term_string\"}}],\"inLanguage\":\"cs\"}]}<\/script>\n<!-- \/ Yoast SEO plugin. -->","yoast_head_json":{"title":"Obchody a trhy - Altanea CZ","robots":{"index":"index","follow":"follow","max-snippet":"max-snippet:-1","max-image-preview":"max-image-preview:large","max-video-preview":"max-video-preview:-1"},"canonical":"https:\/\/altanea.holiday\/cz\/prakticke-info\/obchody-a-trhy\/","og_locale":"cs_CZ","og_type":"article","og_title":"Obchody a trhy - Altanea CZ","og_description":"P\u0159\u00edmo ve st\u0159edisku Altanea najdete kompletn\u00ed nab\u00eddku obchod\u016f v\u0161eho druhu, v\u010detn\u011b supermarketu, obchod\u016f s oble\u010den\u00edm, hra\u010dkami, m\u00f3dou, restaurace, bary i zmrzlin\u00e1rny apod. V\u00a0bezprost\u0159edn\u00ed vzd\u00e1lenosti letoviska Lido Altanea se nach\u00e1z\u00ed velk\u00fd hypermarket (Aliper), kde zakoup\u00edte ve\u0161ker\u00e9 potraviny za v\u00fdhodn\u00e9 ceny, dal\u0161\u00ed supermarkety a z\u00e1bavu pak naleznete v historick\u00e9m centru\u00a0Caorle (cca 5km). P\u0159ehled t\u00fddenn\u00edch trh\u016f v okol\u00ed:...","og_url":"https:\/\/altanea.holiday\/cz\/prakticke-info\/obchody-a-trhy\/","og_site_name":"Altanea CZ","twitter_card":"summary_large_image","twitter_misc":{"Odhadovan\u00e1 doba \u010dten\u00ed":"1 minuta"},"schema":{"@context":"https:\/\/schema.org","@graph":[{"@type":"WebPage","@id":"https:\/\/altanea.holiday\/cz\/prakticke-info\/obchody-a-trhy\/","url":"https:\/\/altanea.holiday\/cz\/prakticke-info\/obchody-a-trhy\/","name":"Obchody a trhy - Altanea CZ","isPartOf":{"@id":"https:\/\/altanea.holiday\/cz\/#website"},"datePublished":"2018-09-19T19:52:37+00:00","breadcrumb":{"@id":"https:\/\/altanea.holiday\/cz\/prakticke-info\/obchody-a-trhy\/#breadcrumb"},"inLanguage":"cs","potentialAction":[{"@type":"ReadAction","target":["https:\/\/altanea.holiday\/cz\/prakticke-info\/obchody-a-trhy\/"]}]},{"@type":"BreadcrumbList","@id":"https:\/\/altanea.holiday\/cz\/prakticke-info\/obchody-a-trhy\/#breadcrumb","itemListElement":[{"@type":"ListItem","position":1,"name":"Altanea.holiday","item":"https:\/\/altanea.holiday\/cz\/"},{"@type":"ListItem","position":2,"name":"Praktick\u00e9 info","item":"https:\/\/altanea.holiday\/cz\/prakticke-info\/"},{"@type":"ListItem","position":3,"name":"Obchody a trhy"}]},{"@type":"WebSite","@id":"https:\/\/altanea.holiday\/cz\/#website","url":"https:\/\/altanea.holiday\/cz\/","name":"Altanea CZ","description":"Caorle - Lido di Altanea","potentialAction":[{"@type":"SearchAction","target":{"@type":"EntryPoint","urlTemplate":"https:\/\/altanea.holiday\/cz\/?s={search_term_string}"},"query-input":{"@type":"PropertyValueSpecification","valueRequired":true,"valueName":"search_term_string"}}],"inLanguage":"cs"}]}},"_links":{"self":[{"href":"https:\/\/altanea.holiday\/cz\/wp-json\/wp\/v2\/pages\/45","targetHints":{"allow":["GET"]}}],"collection":[{"href":"https:\/\/altanea.holiday\/cz\/wp-json\/wp\/v2\/pages"}],"about":[{"href":"https:\/\/altanea.holiday\/cz\/wp-json\/wp\/v2\/types\/page"}],"author":[{"embeddable":true,"href":"https:\/\/altanea.holiday\/cz\/wp-json\/wp\/v2\/users\/1"}],"replies":[{"embeddable":true,"href":"https:\/\/altanea.holiday\/cz\/wp-json\/wp\/v2\/comments?post=45"}],"version-history":[{"count":1,"href":"https:\/\/altanea.holiday\/cz\/wp-json\/wp\/v2\/pages\/45\/revisions"}],"predecessor-version":[{"id":46,"href":"https:\/\/altanea.holiday\/cz\/wp-json\/wp\/v2\/pages\/45\/revisions\/46"}],"up":[{"embeddable":true,"href":"https:\/\/altanea.holiday\/cz\/wp-json\/wp\/v2\/pages\/41"}],"wp:attachment":[{"href":"https:\/\/altanea.holiday\/cz\/wp-json\/wp\/v2\/media?parent=45"}],"curies":[{"name":"wp","href":"https:\/\/api.w.org\/{rel}","templated":true}]}}